{"id":29985,"date":"2026-02-04T12:33:02","date_gmt":"2026-02-04T09:33:02","guid":{"rendered":"https:\/\/a-pant.ee\/product\/akkumulyatornaya-drel-milwaukee-m18-fpd-wurth-4-0ah\/"},"modified":"2026-02-22T12:24:43","modified_gmt":"2026-02-22T09:24:43","slug":"akkumulyatornaya-drel-milwaukee-m18-fpd-akkumulyator-wurth-40ah","status":"publish","type":"product","link":"https:\/\/a-pant.ee\/ru\/product\/akkumulyatornaya-drel-milwaukee-m18-fpd-akkumulyator-wurth-40ah\/","title":{"rendered":"\u0410\u043a\u043a\u0443\u043c\u0443\u043b\u044f\u0442\u043e\u0440\u043d\u0430\u044f \u0434\u0440\u0435\u043b\u044c Milwaukee M18 FPD + \u0430\u043a\u043a\u0443\u043c\u0443\u043b\u044f\u0442\u043e\u0440 W\u00fcrth 4,0Ah"},"content":{"rendered":"\n<p><strong> Akutrell Milwaukee M18 FPD + Aku W\u00fcrth 4,0A <\/strong> h, t\u00f6\u00f6korras! <\/p><p> KIRJELDUS <\/p><ul><li><strong> Pinge <\/strong> : 18\u202fV (Li-Ion) <\/li><li><strong> V\u00e4\u00e4ndemoment <\/strong> : kuni 135\u202fNm <\/li><li><strong> Kiirused <\/strong> : 0\u2013550 \/ 0\u20132000 p\/min <\/li><li><strong> L\u00f6\u00f6gisagedus <\/strong> : kuni 32\u202f000 l\u00f6\u00f6ki\/min <\/li><li><strong> Padrun <\/strong> : 13\u202fmm, metallist <\/li><li><strong> Puurimisv\u00f5ime <\/strong> : puit \u2014 kuni 65\u202fmm, metall \u2014 kuni 16\u202fmm <\/li><li><strong> Kaal <\/strong> : ~2,2\u202fkg <\/li><li><strong> Omadused <\/strong> : harjavaba mootor, LED-valgustus, \u00fclekoormuskaitse (REDLINK) <\/li><\/ul>\n","protected":false},"excerpt":{"rendered":"<p>Akutrell Milwaukee M18 FPD + Aku W\u00fcrth 4,0A h, t\u00f6\u00f6korras! KIRJELDUS Pinge : 18\u202fV (Li-Ion) V\u00e4\u00e4ndemoment : kuni 135\u202fNm Kiirused : 0\u2013550 \/ 0\u20132000 p\/min L\u00f6\u00f6gisagedus : kuni 32\u202f000 l\u00f6\u00f6ki\/min Padrun : 13\u202fmm, metallist Puurimisv\u00f5ime : puit \u2014 kuni 65\u202fmm, metall \u2014 kuni 16\u202fmm Kaal : ~2,2\u202fkg Omadused : harjavaba mootor, LED-valgustus, \u00fclekoormuskaitse (REDLINK)<\/p>\n","protected":false},"featured_media":29986,"comment_status":"closed","ping_status":"open","template":"","meta":{"inline_featured_image":false},"product_brand":[],"product_cat":[221],"product_tag":[],"class_list":{"0":"post-29985","1":"product","2":"type-product","3":"status-publish","4":"has-post-thumbnail","6":"product_cat-akkumulyatornye-dreli","7":"pa_asukoht-lasnamae","8":"pa_seisukord-ispolzovano","10":"first","11":"instock","12":"taxable","13":"shipping-taxable","14":"purchasable","15":"product-type-simple"},"_links":{"self":[{"href":"https:\/\/a-pant.ee\/ru\/wp-json\/wp\/v2\/product\/29985","targetHints":{"allow":["GET"]}}],"collection":[{"href":"https:\/\/a-pant.ee\/ru\/wp-json\/wp\/v2\/product"}],"about":[{"href":"https:\/\/a-pant.ee\/ru\/wp-json\/wp\/v2\/types\/product"}],"replies":[{"embeddable":true,"href":"https:\/\/a-pant.ee\/ru\/wp-json\/wp\/v2\/comments?post=29985"}],"wp:featuredmedia":[{"embeddable":true,"href":"https:\/\/a-pant.ee\/ru\/wp-json\/wp\/v2\/media\/29986"}],"wp:attachment":[{"href":"https:\/\/a-pant.ee\/ru\/wp-json\/wp\/v2\/media?parent=29985"}],"wp:term":[{"taxonomy":"product_brand","embeddable":true,"href":"https:\/\/a-pant.ee\/ru\/wp-json\/wp\/v2\/product_brand?post=29985"},{"taxonomy":"product_cat","embeddable":true,"href":"https:\/\/a-pant.ee\/ru\/wp-json\/wp\/v2\/product_cat?post=29985"},{"taxonomy":"product_tag","embeddable":true,"href":"https:\/\/a-pant.ee\/ru\/wp-json\/wp\/v2\/product_tag?post=29985"}],"curies":[{"name":"wp","href":"https:\/\/api.w.org\/{rel}","templated":true}]}}