{"id":29979,"date":"2026-02-04T12:33:02","date_gmt":"2026-02-04T09:33:02","guid":{"rendered":"https:\/\/a-pant.ee\/product\/serebro-lot-m15\/"},"modified":"2026-02-22T12:24:42","modified_gmt":"2026-02-22T09:24:42","slug":"serebro-lot-m15","status":"publish","type":"product","link":"https:\/\/a-pant.ee\/ru\/product\/serebro-lot-m15\/","title":{"rendered":"\u0421\u0435\u0440\u0435\u0431\u0440\u043e \u043b\u043e\u0442 M15"},"content":{"rendered":"\n<p> Kogukaal 24,27gr <\/p><p> Proov925 <\/p><p> K\u00f5rvar\u00f5ngad 9,41gr <\/p><p> K\u00f5rvar\u00f5ngad 3,20gr <\/p><p> K\u00f5rvar\u00f5ngad 2,41gr <\/p><p> K\u00f5rvar\u00f5ngad 1,58gr <\/p><p> K\u00f5rvar\u00f5ngad 0,56gr <\/p><p> S\u00f5rmus 2,26gr <\/p><p> S\u00f5rmus 2,58gr <\/p><p> Ripats 2,24gr <\/p>\n","protected":false},"excerpt":{"rendered":"<p>Kogukaal 24,27gr Proov925 K\u00f5rvar\u00f5ngad 9,41gr K\u00f5rvar\u00f5ngad 3,20gr K\u00f5rvar\u00f5ngad 2,41gr K\u00f5rvar\u00f5ngad 1,58gr K\u00f5rvar\u00f5ngad 0,56gr S\u00f5rmus 2,26gr S\u00f5rmus 2,58gr Ripats 2,24gr<\/p>\n","protected":false},"featured_media":29980,"comment_status":"closed","ping_status":"open","template":"","meta":{"inline_featured_image":false},"product_brand":[],"product_cat":[185],"product_tag":[],"class_list":{"0":"post-29979","1":"product","2":"type-product","3":"status-publish","4":"has-post-thumbnail","6":"product_cat-serebro","7":"pa_asukoht-mustamae","8":"pa_seisukord-ispolzovano","10":"first","11":"instock","12":"taxable","13":"shipping-taxable","14":"purchasable","15":"product-type-simple"},"_links":{"self":[{"href":"https:\/\/a-pant.ee\/ru\/wp-json\/wp\/v2\/product\/29979","targetHints":{"allow":["GET"]}}],"collection":[{"href":"https:\/\/a-pant.ee\/ru\/wp-json\/wp\/v2\/product"}],"about":[{"href":"https:\/\/a-pant.ee\/ru\/wp-json\/wp\/v2\/types\/product"}],"replies":[{"embeddable":true,"href":"https:\/\/a-pant.ee\/ru\/wp-json\/wp\/v2\/comments?post=29979"}],"wp:featuredmedia":[{"embeddable":true,"href":"https:\/\/a-pant.ee\/ru\/wp-json\/wp\/v2\/media\/29980"}],"wp:attachment":[{"href":"https:\/\/a-pant.ee\/ru\/wp-json\/wp\/v2\/media?parent=29979"}],"wp:term":[{"taxonomy":"product_brand","embeddable":true,"href":"https:\/\/a-pant.ee\/ru\/wp-json\/wp\/v2\/product_brand?post=29979"},{"taxonomy":"product_cat","embeddable":true,"href":"https:\/\/a-pant.ee\/ru\/wp-json\/wp\/v2\/product_cat?post=29979"},{"taxonomy":"product_tag","embeddable":true,"href":"https:\/\/a-pant.ee\/ru\/wp-json\/wp\/v2\/product_tag?post=29979"}],"curies":[{"name":"wp","href":"https:\/\/api.w.org\/{rel}","templated":true}]}}