{"id":29973,"date":"2026-02-04T12:33:02","date_gmt":"2026-02-04T09:33:02","guid":{"rendered":"https:\/\/a-pant.ee\/product\/serebro-lot-m17\/"},"modified":"2026-02-22T12:24:42","modified_gmt":"2026-02-22T09:24:42","slug":"serebro-lot-m17","status":"publish","type":"product","link":"https:\/\/a-pant.ee\/ru\/product\/serebro-lot-m17\/","title":{"rendered":"\u0421\u0435\u0440\u0435\u0431\u0440\u043e \u043b\u043e\u0442 M17"},"content":{"rendered":"\n<p> Kogukaal 30,98gr <br \/> Proov 925 <\/p><p> Ripats 4,40gr <\/p><p> Ripats 6,84gr <\/p><p> S\u00f5rmus 1,09gr <\/p><p> S\u00f5rmus 3,32gr <\/p><p> S\u00f5rmus 2,76gr <\/p><p> S\u00f5rmus 1,28gr <\/p><p> K\u00e4elakett 4,91gr <\/p><p> S\u00f5rmus 1,83gr <\/p><p> K\u00f5rvar\u00f5ngad 3,61gr <\/p><p> K\u00f5rvar\u00f5ngad 0,91gr <\/p>\n","protected":false},"excerpt":{"rendered":"<p>Kogukaal 30,98gr Proov 925 Ripats 4,40gr Ripats 6,84gr S\u00f5rmus 1,09gr S\u00f5rmus 3,32gr S\u00f5rmus 2,76gr S\u00f5rmus 1,28gr K\u00e4elakett 4,91gr S\u00f5rmus 1,83gr K\u00f5rvar\u00f5ngad 3,61gr K\u00f5rvar\u00f5ngad 0,91gr<\/p>\n","protected":false},"featured_media":29974,"comment_status":"closed","ping_status":"open","template":"","meta":{"inline_featured_image":false},"product_brand":[],"product_cat":[185],"product_tag":[],"class_list":{"0":"post-29973","1":"product","2":"type-product","3":"status-publish","4":"has-post-thumbnail","6":"product_cat-serebro","7":"pa_asukoht-mustamae","8":"pa_seisukord-ispolzovano","10":"first","11":"instock","12":"taxable","13":"shipping-taxable","14":"purchasable","15":"product-type-simple"},"_links":{"self":[{"href":"https:\/\/a-pant.ee\/ru\/wp-json\/wp\/v2\/product\/29973","targetHints":{"allow":["GET"]}}],"collection":[{"href":"https:\/\/a-pant.ee\/ru\/wp-json\/wp\/v2\/product"}],"about":[{"href":"https:\/\/a-pant.ee\/ru\/wp-json\/wp\/v2\/types\/product"}],"replies":[{"embeddable":true,"href":"https:\/\/a-pant.ee\/ru\/wp-json\/wp\/v2\/comments?post=29973"}],"wp:featuredmedia":[{"embeddable":true,"href":"https:\/\/a-pant.ee\/ru\/wp-json\/wp\/v2\/media\/29974"}],"wp:attachment":[{"href":"https:\/\/a-pant.ee\/ru\/wp-json\/wp\/v2\/media?parent=29973"}],"wp:term":[{"taxonomy":"product_brand","embeddable":true,"href":"https:\/\/a-pant.ee\/ru\/wp-json\/wp\/v2\/product_brand?post=29973"},{"taxonomy":"product_cat","embeddable":true,"href":"https:\/\/a-pant.ee\/ru\/wp-json\/wp\/v2\/product_cat?post=29973"},{"taxonomy":"product_tag","embeddable":true,"href":"https:\/\/a-pant.ee\/ru\/wp-json\/wp\/v2\/product_tag?post=29973"}],"curies":[{"name":"wp","href":"https:\/\/api.w.org\/{rel}","templated":true}]}}