{"id":29967,"date":"2026-02-04T12:33:02","date_gmt":"2026-02-04T09:33:02","guid":{"rendered":"https:\/\/a-pant.ee\/product\/serebro-lot-m16-proba-925\/"},"modified":"2026-02-22T12:24:42","modified_gmt":"2026-02-22T09:24:42","slug":"serebro-lot-m16","status":"publish","type":"product","link":"https:\/\/a-pant.ee\/ru\/product\/serebro-lot-m16\/","title":{"rendered":"\u0421\u0435\u0440\u0435\u0431\u0440\u043e \u043b\u043e\u0442 M16"},"content":{"rendered":"\n<p> Proov\u00a0925 <\/p><p> Kogukaal 21,01gr <\/p><p> S\u00f5rmus 4.51gr <\/p><p> S\u00f5rmus 1,99gr <\/p><p> S\u00f5rmus 4,79gr <\/p><p> Ripats 2,34gr <\/p><p> Ripats 1,69gr <\/p><p> Ripats 0,91gr <\/p><p> K\u00e4elakett 3,16gr <\/p><p> K\u00f5rvar\u00f5ngad 0,87gr <br \/><br \/><\/p><p> K\u00f5rvar\u00f5ngad 0,69gr <\/p>\n","protected":false},"excerpt":{"rendered":"<p>Proov\u00a0925 Kogukaal 21,01gr S\u00f5rmus 4.51gr S\u00f5rmus 1,99gr S\u00f5rmus 4,79gr Ripats 2,34gr Ripats 1,69gr Ripats 0,91gr K\u00e4elakett 3,16gr K\u00f5rvar\u00f5ngad 0,87gr K\u00f5rvar\u00f5ngad 0,69gr<\/p>\n","protected":false},"featured_media":29968,"comment_status":"closed","ping_status":"open","template":"","meta":{"inline_featured_image":false},"product_brand":[],"product_cat":[185],"product_tag":[],"class_list":{"0":"post-29967","1":"product","2":"type-product","3":"status-publish","4":"has-post-thumbnail","6":"product_cat-serebro","7":"pa_asukoht-mustamae","8":"pa_seisukord-ispolzovano","10":"first","11":"instock","12":"taxable","13":"shipping-taxable","14":"purchasable","15":"product-type-simple"},"_links":{"self":[{"href":"https:\/\/a-pant.ee\/ru\/wp-json\/wp\/v2\/product\/29967","targetHints":{"allow":["GET"]}}],"collection":[{"href":"https:\/\/a-pant.ee\/ru\/wp-json\/wp\/v2\/product"}],"about":[{"href":"https:\/\/a-pant.ee\/ru\/wp-json\/wp\/v2\/types\/product"}],"replies":[{"embeddable":true,"href":"https:\/\/a-pant.ee\/ru\/wp-json\/wp\/v2\/comments?post=29967"}],"wp:featuredmedia":[{"embeddable":true,"href":"https:\/\/a-pant.ee\/ru\/wp-json\/wp\/v2\/media\/29968"}],"wp:attachment":[{"href":"https:\/\/a-pant.ee\/ru\/wp-json\/wp\/v2\/media?parent=29967"}],"wp:term":[{"taxonomy":"product_brand","embeddable":true,"href":"https:\/\/a-pant.ee\/ru\/wp-json\/wp\/v2\/product_brand?post=29967"},{"taxonomy":"product_cat","embeddable":true,"href":"https:\/\/a-pant.ee\/ru\/wp-json\/wp\/v2\/product_cat?post=29967"},{"taxonomy":"product_tag","embeddable":true,"href":"https:\/\/a-pant.ee\/ru\/wp-json\/wp\/v2\/product_tag?post=29967"}],"curies":[{"name":"wp","href":"https:\/\/api.w.org\/{rel}","templated":true}]}}