{"id":29955,"date":"2026-02-04T12:33:02","date_gmt":"2026-02-04T09:33:02","guid":{"rendered":"https:\/\/a-pant.ee\/product\/noutbuk-apple-mackbook-pro-13-2015\/"},"modified":"2026-02-22T12:24:42","modified_gmt":"2026-02-22T09:24:42","slug":"noutbuk-apple-mackbook-pro-13-2015-zaryadka","status":"publish","type":"product","link":"https:\/\/a-pant.ee\/ru\/product\/noutbuk-apple-mackbook-pro-13-2015-zaryadka\/","title":{"rendered":"\u041d\u043e\u0443\u0442\u0431\u0443\u043a Apple Mackbook Pro 13 2015 + \u0437\u0430\u0440\u044f\u0434\u043a\u0430"},"content":{"rendered":"\n<p> S\u00fclearvuti Apple Mackbook Pro 13 2015 + laadija, heas seisu- ja t\u00f6\u00f6korras! <\/p><p> Korpuse tagumisel osal on m\u00f5lk. <\/p><p> KIRJELDUS <\/p><p> Protsessor: Intel Core i5@ 2,6GHz <\/p><p> Operatiiv m\u00e4lu: 8,0GB 1600 MHz DDR3 <\/p><p> Videokaart: Intel Iris 1536MB <\/p><p> K\u00f5vakettas: Macintosh HD 251Gb <\/p><p> MacOS: X Yosemite <\/p>\n","protected":false},"excerpt":{"rendered":"<p>S\u00fclearvuti Apple Mackbook Pro 13 2015 + laadija, heas seisu- ja t\u00f6\u00f6korras! Korpuse tagumisel osal on m\u00f5lk. KIRJELDUS Protsessor: Intel Core i5@ 2,6GHz Operatiiv m\u00e4lu: 8,0GB 1600 MHz DDR3 Videokaart: Intel Iris 1536MB K\u00f5vakettas: Macintosh HD 251Gb MacOS: X Yosemite<\/p>\n","protected":false},"featured_media":29956,"comment_status":"closed","ping_status":"open","template":"","meta":{"inline_featured_image":false},"product_brand":[],"product_cat":[179],"product_tag":[],"class_list":{"0":"post-29955","1":"product","2":"type-product","3":"status-publish","4":"has-post-thumbnail","6":"product_cat-noutbuki","7":"pa_asukoht-mustamae","8":"pa_seisukord-ispolzovano","10":"first","11":"instock","12":"taxable","13":"shipping-taxable","14":"purchasable","15":"product-type-simple"},"_links":{"self":[{"href":"https:\/\/a-pant.ee\/ru\/wp-json\/wp\/v2\/product\/29955","targetHints":{"allow":["GET"]}}],"collection":[{"href":"https:\/\/a-pant.ee\/ru\/wp-json\/wp\/v2\/product"}],"about":[{"href":"https:\/\/a-pant.ee\/ru\/wp-json\/wp\/v2\/types\/product"}],"replies":[{"embeddable":true,"href":"https:\/\/a-pant.ee\/ru\/wp-json\/wp\/v2\/comments?post=29955"}],"wp:featuredmedia":[{"embeddable":true,"href":"https:\/\/a-pant.ee\/ru\/wp-json\/wp\/v2\/media\/29956"}],"wp:attachment":[{"href":"https:\/\/a-pant.ee\/ru\/wp-json\/wp\/v2\/media?parent=29955"}],"wp:term":[{"taxonomy":"product_brand","embeddable":true,"href":"https:\/\/a-pant.ee\/ru\/wp-json\/wp\/v2\/product_brand?post=29955"},{"taxonomy":"product_cat","embeddable":true,"href":"https:\/\/a-pant.ee\/ru\/wp-json\/wp\/v2\/product_cat?post=29955"},{"taxonomy":"product_tag","embeddable":true,"href":"https:\/\/a-pant.ee\/ru\/wp-json\/wp\/v2\/product_tag?post=29955"}],"curies":[{"name":"wp","href":"https:\/\/api.w.org\/{rel}","templated":true}]}}