{"id":29931,"date":"2026-02-04T12:28:27","date_gmt":"2026-02-04T09:28:27","guid":{"rendered":"https:\/\/a-pant.ee\/product\/akkumulyatornaya-drel-makita-ddf482-3\/"},"modified":"2026-02-22T12:24:47","modified_gmt":"2026-02-22T09:24:47","slug":"akudrell-makita-ddf482-aku-50ach","status":"publish","type":"product","link":"https:\/\/a-pant.ee\/ru\/product\/akudrell-makita-ddf482-aku-50ach\/","title":{"rendered":"\u0410\u043a\u0443\u0434\u0440\u0435\u043b\u043b\u044c Makita DDF482 + \u0410\u041a\u0423 5,0\u0410\u0427"},"content":{"rendered":"\n<p> Akutrell Makita DDF482 + aku 5.0Ah,\u00a0heas seisu- ja t\u00f6\u00f6korras! <\/p><p> Aku kaitses\u00fcsteem <br \/> P\u00f6\u00f6retearv (min-1): 0-600 \/ 1900 <br \/> Maks.p\u00f6\u00f6rdemoment (K\u00f5va\/pehme): 62 \/ 36 Nm <br \/> Siduri astmed: 21 <br \/> Maks. l\u00e4bim\u00f5\u00f5t puidus: 38 mm <br \/> Maks. l\u00e4bim\u00f5\u00f5t terases: 13 mm <br \/> Spindel: 1\/2\u2033-20UNF \u201d <br \/> Padrun: 1,5 \u2013 13 mm <br \/> Kaal koos standardse akuga (EPTA-Protseduur 01\/2003): 1,7 kg <\/p>\n","protected":false},"excerpt":{"rendered":"<p>Akutrell Makita DDF482 + aku 5.0Ah,\u00a0heas seisu- ja t\u00f6\u00f6korras! Aku kaitses\u00fcsteem P\u00f6\u00f6retearv (min-1): 0-600 \/ 1900 Maks.p\u00f6\u00f6rdemoment (K\u00f5va\/pehme): 62 \/ 36 Nm Siduri astmed: 21 Maks. l\u00e4bim\u00f5\u00f5t puidus: 38 mm Maks. l\u00e4bim\u00f5\u00f5t terases: 13 mm Spindel: 1\/2\u2033-20UNF \u201d Padrun: 1,5 \u2013 13 mm Kaal koos standardse akuga (EPTA-Protseduur 01\/2003): 1,7 kg<\/p>\n","protected":false},"featured_media":29932,"comment_status":"closed","ping_status":"closed","template":"","meta":{"inline_featured_image":false},"product_brand":[],"product_cat":[221],"product_tag":[],"class_list":{"0":"post-29931","1":"product","2":"type-product","3":"status-publish","4":"has-post-thumbnail","6":"product_cat-akkumulyatornye-dreli","7":"pa_asukoht-mustamae","8":"pa_seisukord-ispolzovano","10":"first","11":"outofstock","12":"taxable","13":"shipping-taxable","14":"purchasable","15":"product-type-simple"},"_links":{"self":[{"href":"https:\/\/a-pant.ee\/ru\/wp-json\/wp\/v2\/product\/29931","targetHints":{"allow":["GET"]}}],"collection":[{"href":"https:\/\/a-pant.ee\/ru\/wp-json\/wp\/v2\/product"}],"about":[{"href":"https:\/\/a-pant.ee\/ru\/wp-json\/wp\/v2\/types\/product"}],"replies":[{"embeddable":true,"href":"https:\/\/a-pant.ee\/ru\/wp-json\/wp\/v2\/comments?post=29931"}],"wp:featuredmedia":[{"embeddable":true,"href":"https:\/\/a-pant.ee\/ru\/wp-json\/wp\/v2\/media\/29932"}],"wp:attachment":[{"href":"https:\/\/a-pant.ee\/ru\/wp-json\/wp\/v2\/media?parent=29931"}],"wp:term":[{"taxonomy":"product_brand","embeddable":true,"href":"https:\/\/a-pant.ee\/ru\/wp-json\/wp\/v2\/product_brand?post=29931"},{"taxonomy":"product_cat","embeddable":true,"href":"https:\/\/a-pant.ee\/ru\/wp-json\/wp\/v2\/product_cat?post=29931"},{"taxonomy":"product_tag","embeddable":true,"href":"https:\/\/a-pant.ee\/ru\/wp-json\/wp\/v2\/product_tag?post=29931"}],"curies":[{"name":"wp","href":"https:\/\/api.w.org\/{rel}","templated":true}]}}