{"id":29925,"date":"2026-02-04T12:28:27","date_gmt":"2026-02-04T09:28:27","guid":{"rendered":"https:\/\/a-pant.ee\/product\/telefon-xiaomi-redmi-note-14-5g-6128gb\/"},"modified":"2026-02-22T12:24:47","modified_gmt":"2026-02-22T09:24:47","slug":"telefon-xiaomi-redmi-note-14-5g-6-128gb-chehol-korobka","status":"publish","type":"product","link":"https:\/\/a-pant.ee\/ru\/product\/telefon-xiaomi-redmi-note-14-5g-6-128gb-chehol-korobka\/","title":{"rendered":"\u0422\u0435\u043b\u0435\u0444\u043e\u043d Xiaomi Redmi Note 14 5G 6\/128GB + \u0427\u0435\u0445\u043e\u043b + \u041a\u043e\u0440\u043e\u0431\u043a\u0430"},"content":{"rendered":"\n<p> Telefon Xiaomi Redmi Note 14 5G 6\/128GB + Kaane + Karp\u00a0, heas seisu- ja t\u00f6\u00f6korras! <\/p><p> KIRJELDUS <\/p><ul><li> Ekraan: 6,67&#8243; AMOLED, 2400\u00d71080 (FHD+), 120 Hz v\u00e4rskendussagedus, kuni 2100 niti, Gorilla Glass 5 kaitse <\/li><li> Protsessor: MediaTek Dimensity 6100+ (8 tuuma: 2\u00d72,2 GHz + 6\u00d72,0 GHz) <\/li><li> Graafika: Mali-G57 <\/li><li> RAM: 6 GB LPDDR4X <\/li><li> Salvestusruum: 128 GB UFS 2.2, microSD toega kuni 1 TB <\/li><li> Tagakaamera: kahekordne \u2013 50 MP (p\u00f5hi) + 2 MP (s\u00fcgavusandur) <\/li><li> Esikaamera: 8 MP <\/li><li> Aku: 5000 mAh, kiirlaadimine 18 W <\/li><li> Operatsioonis\u00fcsteem: Android 13 koos MIUI \/ HyperOS kasutajaliidesega <\/li><li> V\u00f5rgud: 5G, 4G LTE, 3G, 2G <\/li><li> Traadita \u00fchendused: Wi-Fi 5, Bluetooth 5.3, GPS, GLONASS, NFC, infrapunaandur <\/li><li> \u00dchendused: USB Type-C, 3,5 mm helipistik <\/li><li> S\u00f5rmej\u00e4ljelugeja: k\u00fcljel <\/li><li> Tolmu- ja pritsmekindlus: IP53 <\/li><li> M\u00f5\u00f5tmed: 168,6 \u00d7 76,3 \u00d7 8,2 mm <\/li><li> Kaal: 199 g <\/li><\/ul>\n","protected":false},"excerpt":{"rendered":"<p>Telefon Xiaomi Redmi Note 14 5G 6\/128GB + Kaane + Karp\u00a0, heas seisu- ja t\u00f6\u00f6korras! KIRJELDUS Ekraan: 6,67&#8243; AMOLED, 2400\u00d71080 (FHD+), 120 Hz v\u00e4rskendussagedus, kuni 2100 niti, Gorilla Glass 5 kaitse Protsessor: MediaTek Dimensity 6100+ (8 tuuma: 2\u00d72,2 GHz + 6\u00d72,0 GHz) Graafika: Mali-G57 RAM: 6 GB LPDDR4X Salvestusruum: 128 GB UFS 2.2, microSD toega [&hellip;]<\/p>\n","protected":false},"featured_media":29926,"comment_status":"closed","ping_status":"open","template":"","meta":{"inline_featured_image":false},"product_brand":[],"product_cat":[171],"product_tag":[],"class_list":{"0":"post-29925","1":"product","2":"type-product","3":"status-publish","4":"has-post-thumbnail","6":"product_cat-mobilnye-telefony","7":"pa_asukoht-mustamae","8":"pa_seisukord-ispolzovano","10":"first","11":"instock","12":"taxable","13":"shipping-taxable","14":"purchasable","15":"product-type-simple"},"_links":{"self":[{"href":"https:\/\/a-pant.ee\/ru\/wp-json\/wp\/v2\/product\/29925","targetHints":{"allow":["GET"]}}],"collection":[{"href":"https:\/\/a-pant.ee\/ru\/wp-json\/wp\/v2\/product"}],"about":[{"href":"https:\/\/a-pant.ee\/ru\/wp-json\/wp\/v2\/types\/product"}],"replies":[{"embeddable":true,"href":"https:\/\/a-pant.ee\/ru\/wp-json\/wp\/v2\/comments?post=29925"}],"wp:featuredmedia":[{"embeddable":true,"href":"https:\/\/a-pant.ee\/ru\/wp-json\/wp\/v2\/media\/29926"}],"wp:attachment":[{"href":"https:\/\/a-pant.ee\/ru\/wp-json\/wp\/v2\/media?parent=29925"}],"wp:term":[{"taxonomy":"product_brand","embeddable":true,"href":"https:\/\/a-pant.ee\/ru\/wp-json\/wp\/v2\/product_brand?post=29925"},{"taxonomy":"product_cat","embeddable":true,"href":"https:\/\/a-pant.ee\/ru\/wp-json\/wp\/v2\/product_cat?post=29925"},{"taxonomy":"product_tag","embeddable":true,"href":"https:\/\/a-pant.ee\/ru\/wp-json\/wp\/v2\/product_tag?post=29925"}],"curies":[{"name":"wp","href":"https:\/\/api.w.org\/{rel}","templated":true}]}}