{"id":29920,"date":"2026-02-04T12:28:27","date_gmt":"2026-02-04T09:28:27","guid":{"rendered":"https:\/\/a-pant.ee\/product\/velosiped-bottari-mtb-chernyy\/"},"modified":"2026-02-22T12:24:47","modified_gmt":"2026-02-22T09:24:47","slug":"velosiped-bottari-mtb-chernyj","status":"publish","type":"product","link":"https:\/\/a-pant.ee\/ru\/product\/velosiped-bottari-mtb-chernyj\/","title":{"rendered":"\u0412\u0435\u043b\u043e\u0441\u0438\u043f\u0435\u0434 Bottari MTB \u0427\u0435\u0440\u043d\u044b\u0439"},"content":{"rendered":"\n<p> Jalgrattas Bottari MTB must\u00a0, heas seisu- ja t\u00f6\u00f6korras! <\/p><p> KIRJELDUS <\/p><p> 18-K\u00e4igukiirused <\/p><p> Raamsuurus L &#8212; 20 tolli <\/p><p> Rattasuurus 26 tolli <\/p>\n","protected":false},"excerpt":{"rendered":"<p>Jalgrattas Bottari MTB must\u00a0, heas seisu- ja t\u00f6\u00f6korras! KIRJELDUS 18-K\u00e4igukiirused Raamsuurus L &#8212; 20 tolli Rattasuurus 26 tolli<\/p>\n","protected":false},"featured_media":29921,"comment_status":"closed","ping_status":"open","template":"","meta":{"inline_featured_image":false},"product_brand":[],"product_cat":[216],"product_tag":[],"class_list":{"0":"post-29920","1":"product","2":"type-product","3":"status-publish","4":"has-post-thumbnail","6":"product_cat-velosipedy","7":"product_shipping_class-oversize","8":"pa_asukoht-mustamae","9":"pa_seisukord-ispolzovano","11":"first","12":"instock","13":"taxable","14":"shipping-taxable","15":"purchasable","16":"product-type-simple"},"_links":{"self":[{"href":"https:\/\/a-pant.ee\/ru\/wp-json\/wp\/v2\/product\/29920","targetHints":{"allow":["GET"]}}],"collection":[{"href":"https:\/\/a-pant.ee\/ru\/wp-json\/wp\/v2\/product"}],"about":[{"href":"https:\/\/a-pant.ee\/ru\/wp-json\/wp\/v2\/types\/product"}],"replies":[{"embeddable":true,"href":"https:\/\/a-pant.ee\/ru\/wp-json\/wp\/v2\/comments?post=29920"}],"wp:featuredmedia":[{"embeddable":true,"href":"https:\/\/a-pant.ee\/ru\/wp-json\/wp\/v2\/media\/29921"}],"wp:attachment":[{"href":"https:\/\/a-pant.ee\/ru\/wp-json\/wp\/v2\/media?parent=29920"}],"wp:term":[{"taxonomy":"product_brand","embeddable":true,"href":"https:\/\/a-pant.ee\/ru\/wp-json\/wp\/v2\/product_brand?post=29920"},{"taxonomy":"product_cat","embeddable":true,"href":"https:\/\/a-pant.ee\/ru\/wp-json\/wp\/v2\/product_cat?post=29920"},{"taxonomy":"product_tag","embeddable":true,"href":"https:\/\/a-pant.ee\/ru\/wp-json\/wp\/v2\/product_tag?post=29920"}],"curies":[{"name":"wp","href":"https:\/\/api.w.org\/{rel}","templated":true}]}}