{"id":29908,"date":"2026-02-04T12:28:27","date_gmt":"2026-02-04T09:28:27","guid":{"rendered":"https:\/\/a-pant.ee\/product\/elektricheskij-trimmer-makita-ur3501\/"},"modified":"2026-02-22T12:24:46","modified_gmt":"2026-02-22T09:24:46","slug":"elektricheskij-trimmer-makita-ur3501-korobka","status":"publish","type":"product","link":"https:\/\/a-pant.ee\/ru\/product\/elektricheskij-trimmer-makita-ur3501-korobka\/","title":{"rendered":"\u042d\u043b\u0435\u043a\u0442\u0440\u0438\u0447\u0435\u0441\u043a\u0438\u0439 \u0442\u0440\u0438\u043c\u043c\u0435\u0440 Makita UR3501 + \u043a\u043e\u0440\u043e\u0431\u043a\u0430"},"content":{"rendered":"\n<p> Elektriline murutrimmer Makita UR3501 + karp\u00a0, heas seisu- ja t\u00f6\u00f6korras! <\/p><p> KIRJELDUS <\/p><p> Ergonoomilise disainiga v\u00f5imas elektritrimmer. <br \/> T\u00e4nu painutatud torule l\u00fchem konstruktsioon ja mugav t\u00f6\u00f6tamisasend. <br \/> Pehme k\u00e4epide. <\/p>\n","protected":false},"excerpt":{"rendered":"<p>Elektriline murutrimmer Makita UR3501 + karp\u00a0, heas seisu- ja t\u00f6\u00f6korras! KIRJELDUS Ergonoomilise disainiga v\u00f5imas elektritrimmer. T\u00e4nu painutatud torule l\u00fchem konstruktsioon ja mugav t\u00f6\u00f6tamisasend. Pehme k\u00e4epide.<\/p>\n","protected":false},"featured_media":29909,"comment_status":"closed","ping_status":"closed","template":"","meta":{"inline_featured_image":false},"product_brand":[],"product_cat":[220],"product_tag":[],"class_list":{"0":"post-29908","1":"product","2":"type-product","3":"status-publish","4":"has-post-thumbnail","6":"product_cat-sadovye-instrumenty","7":"product_shipping_class-oversize","8":"pa_asukoht-lasnamae","9":"pa_seisukord-ispolzovano","11":"first","12":"instock","13":"taxable","14":"shipping-taxable","15":"purchasable","16":"product-type-simple"},"_links":{"self":[{"href":"https:\/\/a-pant.ee\/ru\/wp-json\/wp\/v2\/product\/29908","targetHints":{"allow":["GET"]}}],"collection":[{"href":"https:\/\/a-pant.ee\/ru\/wp-json\/wp\/v2\/product"}],"about":[{"href":"https:\/\/a-pant.ee\/ru\/wp-json\/wp\/v2\/types\/product"}],"replies":[{"embeddable":true,"href":"https:\/\/a-pant.ee\/ru\/wp-json\/wp\/v2\/comments?post=29908"}],"wp:featuredmedia":[{"embeddable":true,"href":"https:\/\/a-pant.ee\/ru\/wp-json\/wp\/v2\/media\/29909"}],"wp:attachment":[{"href":"https:\/\/a-pant.ee\/ru\/wp-json\/wp\/v2\/media?parent=29908"}],"wp:term":[{"taxonomy":"product_brand","embeddable":true,"href":"https:\/\/a-pant.ee\/ru\/wp-json\/wp\/v2\/product_brand?post=29908"},{"taxonomy":"product_cat","embeddable":true,"href":"https:\/\/a-pant.ee\/ru\/wp-json\/wp\/v2\/product_cat?post=29908"},{"taxonomy":"product_tag","embeddable":true,"href":"https:\/\/a-pant.ee\/ru\/wp-json\/wp\/v2\/product_tag?post=29908"}],"curies":[{"name":"wp","href":"https:\/\/api.w.org\/{rel}","templated":true}]}}