{"id":29857,"date":"2026-02-04T12:28:27","date_gmt":"2026-02-04T09:28:27","guid":{"rendered":"https:\/\/a-pant.ee\/product\/bolgarka-millwaukee-agv16-125xc\/"},"modified":"2026-02-22T12:24:45","modified_gmt":"2026-02-22T09:24:45","slug":"bolgarka-millwaukee-agv16-125xc","status":"publish","type":"product","link":"https:\/\/a-pant.ee\/ru\/product\/bolgarka-millwaukee-agv16-125xc\/","title":{"rendered":"\u0411\u043e\u043b\u0433\u0430\u0440\u043a\u0430 Millwaukee AGV16-125XC"},"content":{"rendered":"\n<p> Relakas Millwaukee AGV16-125XC, heas seisu- ja t\u00f6\u00f6korras! <\/p><p> KIRJELDUS <\/p><p> P\u00f6\u00f6rded t\u00fchik\u00e4igul: 2000 &#8212; 7600 1\/min <br \/> Spindli keere: M 14 <br \/> Kaal: 2,5 kg <br \/> Sisendv\u00f5imsus: 1520 W <br \/> Suurim l\u00f5ikes\u00fcgavus: 33 mm <\/p>\n","protected":false},"excerpt":{"rendered":"<p>Relakas Millwaukee AGV16-125XC, heas seisu- ja t\u00f6\u00f6korras! KIRJELDUS P\u00f6\u00f6rded t\u00fchik\u00e4igul: 2000 &#8212; 7600 1\/min Spindli keere: M 14 Kaal: 2,5 kg Sisendv\u00f5imsus: 1520 W Suurim l\u00f5ikes\u00fcgavus: 33 mm<\/p>\n","protected":false},"featured_media":29858,"comment_status":"closed","ping_status":"open","template":"","meta":{"inline_featured_image":false},"product_brand":[],"product_cat":[235],"product_tag":[],"class_list":{"0":"post-29857","1":"product","2":"type-product","3":"status-publish","4":"has-post-thumbnail","6":"product_cat-bolgarki","7":"pa_asukoht-mustamae","8":"pa_seisukord-ispolzovano","10":"first","11":"instock","12":"taxable","13":"shipping-taxable","14":"purchasable","15":"product-type-simple"},"_links":{"self":[{"href":"https:\/\/a-pant.ee\/ru\/wp-json\/wp\/v2\/product\/29857","targetHints":{"allow":["GET"]}}],"collection":[{"href":"https:\/\/a-pant.ee\/ru\/wp-json\/wp\/v2\/product"}],"about":[{"href":"https:\/\/a-pant.ee\/ru\/wp-json\/wp\/v2\/types\/product"}],"replies":[{"embeddable":true,"href":"https:\/\/a-pant.ee\/ru\/wp-json\/wp\/v2\/comments?post=29857"}],"wp:featuredmedia":[{"embeddable":true,"href":"https:\/\/a-pant.ee\/ru\/wp-json\/wp\/v2\/media\/29858"}],"wp:attachment":[{"href":"https:\/\/a-pant.ee\/ru\/wp-json\/wp\/v2\/media?parent=29857"}],"wp:term":[{"taxonomy":"product_brand","embeddable":true,"href":"https:\/\/a-pant.ee\/ru\/wp-json\/wp\/v2\/product_brand?post=29857"},{"taxonomy":"product_cat","embeddable":true,"href":"https:\/\/a-pant.ee\/ru\/wp-json\/wp\/v2\/product_cat?post=29857"},{"taxonomy":"product_tag","embeddable":true,"href":"https:\/\/a-pant.ee\/ru\/wp-json\/wp\/v2\/product_tag?post=29857"}],"curies":[{"name":"wp","href":"https:\/\/api.w.org\/{rel}","templated":true}]}}