{"id":29844,"date":"2026-02-04T12:21:55","date_gmt":"2026-02-04T09:21:55","guid":{"rendered":"https:\/\/a-pant.ee\/product\/mobile-phone-ulefone-armor-x8-64gb\/"},"modified":"2026-02-22T12:26:24","modified_gmt":"2026-02-22T09:26:24","slug":"mobilnyj-telefon-ulefone-armor-x8-64gb","status":"publish","type":"product","link":"https:\/\/a-pant.ee\/ru\/product\/mobilnyj-telefon-ulefone-armor-x8-64gb\/","title":{"rendered":"\u041c\u043e\u0431\u0438\u043b\u044c\u043d\u044b\u0439 \u0442\u0435\u043b\u0435\u0444\u043e\u043d Ulefone Armor X8 64Gb"},"content":{"rendered":"\n<p> Mobiiltelefon Ulefone Armor X8 64Gb\u00a0, heas seisu- ja t\u00f6\u00f6korras! <\/p><p> KIRJELDUS <\/p><p> Telefoni t\u00fc\u00fcp: Nutitelefon <\/p><p> Kaubam\u00e4rk: Ulefone <\/p><p> V\u00e4rv: Must <\/p><p> WiFi: Jah <\/p><p> Bluetooth: Jah <\/p><p> Bluetooth Versioon: 5.0 <\/p><p> Ekraani t\u00fc\u00fcp: IPS+ <\/p><p> Resolutsioon: 720 x 1440 <\/p><p> Videosalvestus: 1080p@30fps <\/p><p> Protsessori t\u00fc\u00fcp: MediaTek Helio A25 <\/p><p> Operatiivm\u00e4lu (RAM): 4072 MB <\/p><p> Sisem\u00e4lu: 64 GB <\/p><p> M\u00e4lukaardi maht: Kuni 256 GB GB <\/p><p> Aku t\u00fc\u00fcp: Li-Po <\/p><p> Aku mahutavus: 5080 mAh <\/p><p> Operatsioonis\u00fcsteem: Android <\/p><p> Versioon: 10 <\/p><p> Lisafunktsioonid:4G, Dual SIM, Kiirlaadimine, NFC, Niiskuskindel, S\u00f5rmej\u00e4ljelugeja <\/p><p> Veekindluse tase: IP68 <\/p><p> Mudel: Ulefone Armor X8 <\/p><p> Vaade:Ulefone, ulefone armor x8 telefonid <\/p><p> K\u00f5rgus: 160 mm <\/p><p> Laius: 79 mm <\/p><p> S\u00fcgavus: 13.8 mm <\/p><p> Kaal: 256 g <\/p>\n","protected":false},"excerpt":{"rendered":"<p>Mobiiltelefon Ulefone Armor X8 64Gb\u00a0, heas seisu- ja t\u00f6\u00f6korras! KIRJELDUS Telefoni t\u00fc\u00fcp: Nutitelefon Kaubam\u00e4rk: Ulefone V\u00e4rv: Must WiFi: Jah Bluetooth: Jah Bluetooth Versioon: 5.0 Ekraani t\u00fc\u00fcp: IPS+ Resolutsioon: 720 x 1440 Videosalvestus: 1080p@30fps Protsessori t\u00fc\u00fcp: MediaTek Helio A25 Operatiivm\u00e4lu (RAM): 4072 MB Sisem\u00e4lu: 64 GB M\u00e4lukaardi maht: Kuni 256 GB GB Aku t\u00fc\u00fcp: Li-Po Aku [&hellip;]<\/p>\n","protected":false},"featured_media":29845,"comment_status":"closed","ping_status":"open","template":"","meta":{"inline_featured_image":false},"product_brand":[],"product_cat":[171],"product_tag":[],"class_list":{"0":"post-29844","1":"product","2":"type-product","3":"status-publish","4":"has-post-thumbnail","6":"product_cat-mobilnye-telefony","7":"pa_asukoht-lasnamae","8":"pa_seisukord-ispolzovano","10":"first","11":"outofstock","12":"taxable","13":"shipping-taxable","14":"purchasable","15":"product-type-simple"},"_links":{"self":[{"href":"https:\/\/a-pant.ee\/ru\/wp-json\/wp\/v2\/product\/29844","targetHints":{"allow":["GET"]}}],"collection":[{"href":"https:\/\/a-pant.ee\/ru\/wp-json\/wp\/v2\/product"}],"about":[{"href":"https:\/\/a-pant.ee\/ru\/wp-json\/wp\/v2\/types\/product"}],"replies":[{"embeddable":true,"href":"https:\/\/a-pant.ee\/ru\/wp-json\/wp\/v2\/comments?post=29844"}],"wp:featuredmedia":[{"embeddable":true,"href":"https:\/\/a-pant.ee\/ru\/wp-json\/wp\/v2\/media\/29845"}],"wp:attachment":[{"href":"https:\/\/a-pant.ee\/ru\/wp-json\/wp\/v2\/media?parent=29844"}],"wp:term":[{"taxonomy":"product_brand","embeddable":true,"href":"https:\/\/a-pant.ee\/ru\/wp-json\/wp\/v2\/product_brand?post=29844"},{"taxonomy":"product_cat","embeddable":true,"href":"https:\/\/a-pant.ee\/ru\/wp-json\/wp\/v2\/product_cat?post=29844"},{"taxonomy":"product_tag","embeddable":true,"href":"https:\/\/a-pant.ee\/ru\/wp-json\/wp\/v2\/product_tag?post=29844"}],"curies":[{"name":"wp","href":"https:\/\/api.w.org\/{rel}","templated":true}]}}