{"id":29838,"date":"2026-02-04T12:21:55","date_gmt":"2026-02-04T09:21:55","guid":{"rendered":"https:\/\/a-pant.ee\/product\/komplekt-akudrelley-dcd791-dcf887\/"},"modified":"2026-02-22T12:26:24","modified_gmt":"2026-02-22T09:26:24","slug":"komplekt-akudrellej-dcd791-dcf887-akb-zaryadka-kejs","status":"publish","type":"product","link":"https:\/\/a-pant.ee\/ru\/product\/komplekt-akudrellej-dcd791-dcf887-akb-zaryadka-kejs\/","title":{"rendered":"\u041a\u043e\u043c\u043f\u043b\u0435\u043a\u0442 \u0410\u043a\u0443\u0434\u0440\u0435\u043b\u043b\u0435\u0439 DCD791 + DCF887 + \u0410\u041a\u0411 + \u0417\u0430\u0440\u044f\u0434\u043a\u0430 + \u041a\u0435\u0439\u0441"},"content":{"rendered":"\n<p> Akutrelli Combo kit DCD791 + DCF887 + AKU + Laadija + Kohver, heas seisu- ja t\u00f6\u00f6korras! <\/p><p> KIRJELDUS <\/p><ul><li> T\u00fc\u00fcp: akutoitega trell-kruvikeeraja <\/li><li> Pinge: 18 V XR Li-Ion <\/li><li> Mootor: harjavaba (Brushless) <\/li><li> Maksimaalne p\u00f6\u00f6rdemoment: 70 Nm <\/li><li> Siduri seadistus: 15 astet <\/li><li> P\u00f6\u00f6rlemiskiirus: <ul><li><ol><li> k\u00e4ik: kuni 550 p\/min <\/li><\/ol><\/li><li><ol><li> k\u00e4ik: kuni 2000 p\/min <\/li><\/ol><\/li><\/ul><\/li><li> Padrun: v\u00f5tmeta, 1,5\u201313 mm <\/li><li> T\u00f6\u00f6valgustus: jah (3 re\u017eiimi) <\/li><li> Kaal ilma akuta: umbes 1,1 kg <\/li><\/ul><p> ???? DeWalt DCF887 (l\u00f6\u00f6k-kruvikeeraja) <\/p><ul><li> T\u00fc\u00fcp: akutoitega l\u00f6\u00f6k-kruvikeeraja <\/li><li> Pinge: 18 V XR Li-Ion <\/li><li> Mootor: harjavaba <\/li><li> Maksimaalne p\u00f6\u00f6rdemoment: kuni 205 Nm <\/li><li> P\u00f6\u00f6rlemiskiirus: <ul><li> I: kuni 1000 p\/min <\/li><li> II: kuni 2800 p\/min <\/li><li> III: kuni 3250 p\/min <\/li><\/ul><\/li><li> L\u00f6\u00f6gisagedus: kuni 3800 l\u00f6\u00f6ki\/min <\/li><li> Kinnitus: 1\/4&#8243; (kiirkinnitusega kuusnurk) <\/li><li> LED-valgustus: jah (3 LED-i) <\/li><li> Kaal ilma akuta: umbes 1,3 kg <\/li><\/ul>\n","protected":false},"excerpt":{"rendered":"<p>Akutrelli Combo kit DCD791 + DCF887 + AKU + Laadija + Kohver, heas seisu- ja t\u00f6\u00f6korras! KIRJELDUS T\u00fc\u00fcp: akutoitega trell-kruvikeeraja Pinge: 18 V XR Li-Ion Mootor: harjavaba (Brushless) Maksimaalne p\u00f6\u00f6rdemoment: 70 Nm Siduri seadistus: 15 astet P\u00f6\u00f6rlemiskiirus: k\u00e4ik: kuni 550 p\/min k\u00e4ik: kuni 2000 p\/min Padrun: v\u00f5tmeta, 1,5\u201313 mm T\u00f6\u00f6valgustus: jah (3 re\u017eiimi) Kaal ilma [&hellip;]<\/p>\n","protected":false},"featured_media":29839,"comment_status":"closed","ping_status":"open","template":"","meta":{"inline_featured_image":false},"product_brand":[],"product_cat":[221],"product_tag":[],"class_list":{"0":"post-29838","1":"product","2":"type-product","3":"status-publish","4":"has-post-thumbnail","6":"product_cat-akkumulyatornye-dreli","7":"pa_asukoht-mustamae","8":"pa_seisukord-ispolzovano","10":"first","11":"instock","12":"taxable","13":"shipping-taxable","14":"purchasable","15":"product-type-simple"},"_links":{"self":[{"href":"https:\/\/a-pant.ee\/ru\/wp-json\/wp\/v2\/product\/29838","targetHints":{"allow":["GET"]}}],"collection":[{"href":"https:\/\/a-pant.ee\/ru\/wp-json\/wp\/v2\/product"}],"about":[{"href":"https:\/\/a-pant.ee\/ru\/wp-json\/wp\/v2\/types\/product"}],"replies":[{"embeddable":true,"href":"https:\/\/a-pant.ee\/ru\/wp-json\/wp\/v2\/comments?post=29838"}],"wp:featuredmedia":[{"embeddable":true,"href":"https:\/\/a-pant.ee\/ru\/wp-json\/wp\/v2\/media\/29839"}],"wp:attachment":[{"href":"https:\/\/a-pant.ee\/ru\/wp-json\/wp\/v2\/media?parent=29838"}],"wp:term":[{"taxonomy":"product_brand","embeddable":true,"href":"https:\/\/a-pant.ee\/ru\/wp-json\/wp\/v2\/product_brand?post=29838"},{"taxonomy":"product_cat","embeddable":true,"href":"https:\/\/a-pant.ee\/ru\/wp-json\/wp\/v2\/product_cat?post=29838"},{"taxonomy":"product_tag","embeddable":true,"href":"https:\/\/a-pant.ee\/ru\/wp-json\/wp\/v2\/product_tag?post=29838"}],"curies":[{"name":"wp","href":"https:\/\/api.w.org\/{rel}","templated":true}]}}