{"id":29832,"date":"2026-02-04T12:21:55","date_gmt":"2026-02-04T09:21:55","guid":{"rendered":"https:\/\/a-pant.ee\/product\/telefon-xiaomi-note-9-64gb\/"},"modified":"2026-02-22T12:26:24","modified_gmt":"2026-02-22T09:26:24","slug":"telefon-xiaomi-note-9-64gb","status":"publish","type":"product","link":"https:\/\/a-pant.ee\/ru\/product\/telefon-xiaomi-note-9-64gb\/","title":{"rendered":"\u0422\u0435\u043b\u0435\u0444\u043e\u043d Xiaomi Note 9 64GB"},"content":{"rendered":"\n<p> Telefon Xiaomi Note 9 64GB, heas seisu- ja t\u00f6\u00f6korras! <\/p><p> KIRJELDUS <\/p><ul><li> Seadme t\u00fc\u00fcp: nutitelefon <\/li><li> Ekraan: 6,53&#8243; IPS LCD <\/li><li> Ekraani resolutsioon: 2340 \u00d7 1080 pikslit (FHD+) <\/li><li> Protsessor: MediaTek Helio G85, kaheksatuumaline <\/li><li> RAM: 3 GB <\/li><li> Sisem\u00e4lu: 64 GB <\/li><li> microSD tugi: kuni 512 GB (eraldi pesa) <\/li><li> Tagakaamerad: neli kaamerat <ul><li> 48 MP (lainurk) <\/li><li> 8 MP (\u00fclilainurk) <\/li><li> 2 MP (makro) <\/li><li> 2 MP (s\u00fcgavussensor) <\/li><\/ul><\/li><li> Esikaamera: 13 MP <\/li><li> Aku maht: 5020 mAh <\/li><li> Kiirlaadimine: 18 W <\/li><li> Pordid: USB Type-C, 3,5 mm audio <\/li><li> Biomeetria: s\u00f5rmej\u00e4ljelugeja (tagak\u00fcljel), n\u00e4otuvastus <\/li><li> Operatsioonis\u00fcsteem: Android koos MIUI kasutajaliidesega <\/li><li> Dual SIM tugi: olemas <\/li><li> M\u00f5\u00f5tmed: 162,3 \u00d7 77,2 \u00d7 8,9 mm <\/li><li> Kaal: umbes 199 g <\/li><\/ul>\n","protected":false},"excerpt":{"rendered":"<p>Telefon Xiaomi Note 9 64GB, heas seisu- ja t\u00f6\u00f6korras! KIRJELDUS Seadme t\u00fc\u00fcp: nutitelefon Ekraan: 6,53&#8243; IPS LCD Ekraani resolutsioon: 2340 \u00d7 1080 pikslit (FHD+) Protsessor: MediaTek Helio G85, kaheksatuumaline RAM: 3 GB Sisem\u00e4lu: 64 GB microSD tugi: kuni 512 GB (eraldi pesa) Tagakaamerad: neli kaamerat 48 MP (lainurk) 8 MP (\u00fclilainurk) 2 MP (makro) 2 [&hellip;]<\/p>\n","protected":false},"featured_media":29833,"comment_status":"closed","ping_status":"closed","template":"","meta":{"inline_featured_image":false},"product_brand":[],"product_cat":[171],"product_tag":[],"class_list":{"0":"post-29832","1":"product","2":"type-product","3":"status-publish","4":"has-post-thumbnail","6":"product_cat-mobilnye-telefony","7":"pa_asukoht-mustamae","8":"pa_seisukord-ispolzovano","10":"first","11":"outofstock","12":"taxable","13":"shipping-taxable","14":"purchasable","15":"product-type-simple"},"_links":{"self":[{"href":"https:\/\/a-pant.ee\/ru\/wp-json\/wp\/v2\/product\/29832","targetHints":{"allow":["GET"]}}],"collection":[{"href":"https:\/\/a-pant.ee\/ru\/wp-json\/wp\/v2\/product"}],"about":[{"href":"https:\/\/a-pant.ee\/ru\/wp-json\/wp\/v2\/types\/product"}],"replies":[{"embeddable":true,"href":"https:\/\/a-pant.ee\/ru\/wp-json\/wp\/v2\/comments?post=29832"}],"wp:featuredmedia":[{"embeddable":true,"href":"https:\/\/a-pant.ee\/ru\/wp-json\/wp\/v2\/media\/29833"}],"wp:attachment":[{"href":"https:\/\/a-pant.ee\/ru\/wp-json\/wp\/v2\/media?parent=29832"}],"wp:term":[{"taxonomy":"product_brand","embeddable":true,"href":"https:\/\/a-pant.ee\/ru\/wp-json\/wp\/v2\/product_brand?post=29832"},{"taxonomy":"product_cat","embeddable":true,"href":"https:\/\/a-pant.ee\/ru\/wp-json\/wp\/v2\/product_cat?post=29832"},{"taxonomy":"product_tag","embeddable":true,"href":"https:\/\/a-pant.ee\/ru\/wp-json\/wp\/v2\/product_tag?post=29832"}],"curies":[{"name":"wp","href":"https:\/\/api.w.org\/{rel}","templated":true}]}}