{"id":29826,"date":"2026-02-04T12:21:55","date_gmt":"2026-02-04T09:21:55","guid":{"rendered":"https:\/\/a-pant.ee\/product\/smart-chasy-huawei-watch-gt3-46mm\/"},"modified":"2026-02-22T12:26:24","modified_gmt":"2026-02-22T09:26:24","slug":"smart-chasy-huawei-watch-gt3-46mm-zaryadka-korobka","status":"publish","type":"product","link":"https:\/\/a-pant.ee\/ru\/product\/smart-chasy-huawei-watch-gt3-46mm-zaryadka-korobka\/","title":{"rendered":"\u0421\u043c\u0430\u0440\u0442-\u0427\u0430\u0441\u044b Huawei Watch GT3 46mm + \u0417\u0430\u0440\u044f\u0434\u043a\u0430 + \u041a\u043e\u0440\u043e\u0431\u043a\u0430"},"content":{"rendered":"\n<p> Nutikellad Huawei Watch GT3 46mm + Laadija + Karp\u00a0, heas seisu- ja t\u00f6\u00f6korras! <\/p><p> KIRJELDUS <\/p><ul><li> T\u00fc\u00fcp: nutikell <\/li><li> Ekraan: 1,43&#8243; AMOLED, puuteekraan <\/li><li> Resolutsioon: 466 \u00d7 466 pikslit <\/li><li> Operatsioonis\u00fcsteem: HarmonyOS <\/li><li> \u00dchilduvus: Android ja iOS <\/li><li> \u00dchenduvus: Bluetooth 5.1, GPS (toetus GPS, GLONASS, Galileo, BeiDou, QZSS) <\/li><li> Andurid: <ul><li> S\u00fcdame l\u00f6\u00f6gisageduse m\u00f5\u00f5tur <\/li><li> Vere hapnikusisalduse m\u00f5\u00f5tur (SpO2) <\/li><li> Baromeeter <\/li><li> G\u00fcroskoop <\/li><li> Kiirendusandur <\/li><li> Nahatemperatuuri andur <\/li><li> Kompass <\/li><\/ul><\/li><li> J\u00e4lgimine: <ul><li> S\u00fcdame l\u00f6\u00f6gisagedus <\/li><li> Stressitase <\/li><li> Uni <\/li><li> Aktiivsuse ts\u00fckkel <\/li><\/ul><\/li><li> Treeningud: \u00fcle 100 treeningre\u017eiimi (jooksmine, ujumine, rattas\u00f5it jm) <\/li><li> Veekindlus: kuni 5 ATM <\/li><li> Bluetooth-k\u00f5ned: olemas <\/li><li> Muusika juhtimine: olemas <\/li><li> Navigeerimine: sisseehitatud GPS <\/li><li> Aku kestvus: kuni 14 p\u00e4eva <\/li><li> Laadimine: juhtmevaba <\/li><li> Korpuse suurus: 46 mm <\/li><li> Kaal: umbes 42,6 g (ilma rihmata) <\/li><\/ul>\n","protected":false},"excerpt":{"rendered":"<p>Nutikellad Huawei Watch GT3 46mm + Laadija + Karp\u00a0, heas seisu- ja t\u00f6\u00f6korras! KIRJELDUS T\u00fc\u00fcp: nutikell Ekraan: 1,43&#8243; AMOLED, puuteekraan Resolutsioon: 466 \u00d7 466 pikslit Operatsioonis\u00fcsteem: HarmonyOS \u00dchilduvus: Android ja iOS \u00dchenduvus: Bluetooth 5.1, GPS (toetus GPS, GLONASS, Galileo, BeiDou, QZSS) Andurid: S\u00fcdame l\u00f6\u00f6gisageduse m\u00f5\u00f5tur Vere hapnikusisalduse m\u00f5\u00f5tur (SpO2) Baromeeter G\u00fcroskoop Kiirendusandur Nahatemperatuuri andur Kompass [&hellip;]<\/p>\n","protected":false},"featured_media":29827,"comment_status":"closed","ping_status":"open","template":"","meta":{"inline_featured_image":false},"product_brand":[],"product_cat":[176],"product_tag":[],"class_list":{"0":"post-29826","1":"product","2":"type-product","3":"status-publish","4":"has-post-thumbnail","6":"product_cat-smart-chasy","7":"pa_asukoht-mustamae","8":"pa_seisukord-ispolzovano","10":"first","11":"instock","12":"taxable","13":"shipping-taxable","14":"purchasable","15":"product-type-simple"},"_links":{"self":[{"href":"https:\/\/a-pant.ee\/ru\/wp-json\/wp\/v2\/product\/29826","targetHints":{"allow":["GET"]}}],"collection":[{"href":"https:\/\/a-pant.ee\/ru\/wp-json\/wp\/v2\/product"}],"about":[{"href":"https:\/\/a-pant.ee\/ru\/wp-json\/wp\/v2\/types\/product"}],"replies":[{"embeddable":true,"href":"https:\/\/a-pant.ee\/ru\/wp-json\/wp\/v2\/comments?post=29826"}],"wp:featuredmedia":[{"embeddable":true,"href":"https:\/\/a-pant.ee\/ru\/wp-json\/wp\/v2\/media\/29827"}],"wp:attachment":[{"href":"https:\/\/a-pant.ee\/ru\/wp-json\/wp\/v2\/media?parent=29826"}],"wp:term":[{"taxonomy":"product_brand","embeddable":true,"href":"https:\/\/a-pant.ee\/ru\/wp-json\/wp\/v2\/product_brand?post=29826"},{"taxonomy":"product_cat","embeddable":true,"href":"https:\/\/a-pant.ee\/ru\/wp-json\/wp\/v2\/product_cat?post=29826"},{"taxonomy":"product_tag","embeddable":true,"href":"https:\/\/a-pant.ee\/ru\/wp-json\/wp\/v2\/product_tag?post=29826"}],"curies":[{"name":"wp","href":"https:\/\/api.w.org\/{rel}","templated":true}]}}