{"id":29813,"date":"2026-02-04T12:21:55","date_gmt":"2026-02-04T09:21:55","guid":{"rendered":"https:\/\/a-pant.ee\/product\/perforator-makita-hr2460\/"},"modified":"2026-02-22T12:26:24","modified_gmt":"2026-02-22T09:26:24","slug":"perforator-makita-hr2460","status":"publish","type":"product","link":"https:\/\/a-pant.ee\/ru\/product\/perforator-makita-hr2460\/","title":{"rendered":"\u041f\u0435\u0440\u0444\u043e\u0440\u0430\u0442\u043e\u0440 Makita HR2460"},"content":{"rendered":"\n<p> Puurvasar Makita HR2460\u00a0, heas seisu- ja t\u00f6\u00f6korras! <\/p><p> KIRJELDUS <\/p><p> Makita HR 2460 puurvasar on v\u00f5imas ja usaldusv\u00e4\u00e4rne t\u00f6\u00f6riist. K\u00f5ik puurvasara sisemised osad on tolmu ja prahi eest kaitstud. Ankru peal on lakikiht. S\u00fcsinikharjad on vastupidavad. Puurvasar t\u00f6\u00f6tab kahes re\u017eiimis. Seda saab kasutada kruvikeeraja v\u00f5i l\u00f6\u00f6kkruvikeerajana. Vastupidises re\u017eiimis s\u00e4ilivad sama kiirus ja p\u00f6\u00f6rdemoment. <\/p>\n","protected":false},"excerpt":{"rendered":"<p>Puurvasar Makita HR2460\u00a0, heas seisu- ja t\u00f6\u00f6korras! KIRJELDUS Makita HR 2460 puurvasar on v\u00f5imas ja usaldusv\u00e4\u00e4rne t\u00f6\u00f6riist. K\u00f5ik puurvasara sisemised osad on tolmu ja prahi eest kaitstud. Ankru peal on lakikiht. S\u00fcsinikharjad on vastupidavad. Puurvasar t\u00f6\u00f6tab kahes re\u017eiimis. Seda saab kasutada kruvikeeraja v\u00f5i l\u00f6\u00f6kkruvikeerajana. Vastupidises re\u017eiimis s\u00e4ilivad sama kiirus ja p\u00f6\u00f6rdemoment.<\/p>\n","protected":false},"featured_media":29814,"comment_status":"closed","ping_status":"open","template":"","meta":{"inline_featured_image":false},"product_brand":[],"product_cat":[239],"product_tag":[],"class_list":{"0":"post-29813","1":"product","2":"type-product","3":"status-publish","4":"has-post-thumbnail","6":"product_cat-perforatory-i-dreli","7":"pa_asukoht-lasnamae","8":"pa_seisukord-ispolzovano","10":"first","11":"instock","12":"taxable","13":"shipping-taxable","14":"purchasable","15":"product-type-simple"},"_links":{"self":[{"href":"https:\/\/a-pant.ee\/ru\/wp-json\/wp\/v2\/product\/29813","targetHints":{"allow":["GET"]}}],"collection":[{"href":"https:\/\/a-pant.ee\/ru\/wp-json\/wp\/v2\/product"}],"about":[{"href":"https:\/\/a-pant.ee\/ru\/wp-json\/wp\/v2\/types\/product"}],"replies":[{"embeddable":true,"href":"https:\/\/a-pant.ee\/ru\/wp-json\/wp\/v2\/comments?post=29813"}],"wp:featuredmedia":[{"embeddable":true,"href":"https:\/\/a-pant.ee\/ru\/wp-json\/wp\/v2\/media\/29814"}],"wp:attachment":[{"href":"https:\/\/a-pant.ee\/ru\/wp-json\/wp\/v2\/media?parent=29813"}],"wp:term":[{"taxonomy":"product_brand","embeddable":true,"href":"https:\/\/a-pant.ee\/ru\/wp-json\/wp\/v2\/product_brand?post=29813"},{"taxonomy":"product_cat","embeddable":true,"href":"https:\/\/a-pant.ee\/ru\/wp-json\/wp\/v2\/product_cat?post=29813"},{"taxonomy":"product_tag","embeddable":true,"href":"https:\/\/a-pant.ee\/ru\/wp-json\/wp\/v2\/product_tag?post=29813"}],"curies":[{"name":"wp","href":"https:\/\/api.w.org\/{rel}","templated":true}]}}