{"id":29797,"date":"2026-02-04T12:21:55","date_gmt":"2026-02-04T09:21:55","guid":{"rendered":"https:\/\/a-pant.ee\/product\/noutbuk-apple-macbook-air-2012-a1466\/"},"modified":"2026-02-22T12:26:23","modified_gmt":"2026-02-22T09:26:23","slug":"noutbuk-apple-macbook-air-2012-a1466-zaryadka","status":"publish","type":"product","link":"https:\/\/a-pant.ee\/ru\/product\/noutbuk-apple-macbook-air-2012-a1466-zaryadka\/","title":{"rendered":"\u041d\u043e\u0443\u0442\u0431\u0443\u043a Apple Macbook Air 2012 A1466 + \u0417\u0430\u0440\u044f\u0434\u043a\u0430"},"content":{"rendered":"\n<p><strong> S\u00fclearvuti Apple Macbook Air 2012 A1466 + Laadija juhi defekt <\/strong> \u00a0, t\u00f6\u00f6korras! <\/p><p> KIRJELDUS <\/p><p> Protsessor: Intel Core i5 1,60Ghz dual core <\/p><p> Operatiiv m\u00e4lu: 4,0GB (4096 MB)\u00a0 <\/p><p> Videokaart: Intel \u00ae HD Graphics 6000 <\/p><p> K\u00f5vakettas: Apple SSD 128 GB <\/p><p> OS: macOS Monterey 12.7.4 <\/p>\n","protected":false},"excerpt":{"rendered":"<p>S\u00fclearvuti Apple Macbook Air 2012 A1466 + Laadija juhi defekt \u00a0, t\u00f6\u00f6korras! KIRJELDUS Protsessor: Intel Core i5 1,60Ghz dual core Operatiiv m\u00e4lu: 4,0GB (4096 MB)\u00a0 Videokaart: Intel \u00ae HD Graphics 6000 K\u00f5vakettas: Apple SSD 128 GB OS: macOS Monterey 12.7.4<\/p>\n","protected":false},"featured_media":29798,"comment_status":"closed","ping_status":"open","template":"","meta":{"inline_featured_image":false},"product_brand":[],"product_cat":[179],"product_tag":[],"class_list":{"0":"post-29797","1":"product","2":"type-product","3":"status-publish","4":"has-post-thumbnail","6":"product_cat-noutbuki","7":"pa_asukoht-lasnamae","8":"pa_seisukord-ispolzovano","10":"first","11":"instock","12":"taxable","13":"shipping-taxable","14":"purchasable","15":"product-type-simple"},"_links":{"self":[{"href":"https:\/\/a-pant.ee\/ru\/wp-json\/wp\/v2\/product\/29797","targetHints":{"allow":["GET"]}}],"collection":[{"href":"https:\/\/a-pant.ee\/ru\/wp-json\/wp\/v2\/product"}],"about":[{"href":"https:\/\/a-pant.ee\/ru\/wp-json\/wp\/v2\/types\/product"}],"replies":[{"embeddable":true,"href":"https:\/\/a-pant.ee\/ru\/wp-json\/wp\/v2\/comments?post=29797"}],"wp:featuredmedia":[{"embeddable":true,"href":"https:\/\/a-pant.ee\/ru\/wp-json\/wp\/v2\/media\/29798"}],"wp:attachment":[{"href":"https:\/\/a-pant.ee\/ru\/wp-json\/wp\/v2\/media?parent=29797"}],"wp:term":[{"taxonomy":"product_brand","embeddable":true,"href":"https:\/\/a-pant.ee\/ru\/wp-json\/wp\/v2\/product_brand?post=29797"},{"taxonomy":"product_cat","embeddable":true,"href":"https:\/\/a-pant.ee\/ru\/wp-json\/wp\/v2\/product_cat?post=29797"},{"taxonomy":"product_tag","embeddable":true,"href":"https:\/\/a-pant.ee\/ru\/wp-json\/wp\/v2\/product_tag?post=29797"}],"curies":[{"name":"wp","href":"https:\/\/api.w.org\/{rel}","templated":true}]}}