{"id":29791,"date":"2026-02-04T12:21:55","date_gmt":"2026-02-04T09:21:55","guid":{"rendered":"https:\/\/a-pant.ee\/product\/sabelnaya-pila-makita-jr3051t\/"},"modified":"2026-02-22T12:24:49","modified_gmt":"2026-02-22T09:24:49","slug":"sabelnaya-pila-makita-jr3051t","status":"publish","type":"product","link":"https:\/\/a-pant.ee\/ru\/product\/sabelnaya-pila-makita-jr3051t\/","title":{"rendered":"\u0421\u0430\u0431\u0435\u043b\u044c\u043d\u0430\u044f \u043f\u0438\u043b\u0430 Makita JR3051T"},"content":{"rendered":"\n<p> Tigersaag Makita JR3051T, heas seisu- ja t\u00f6\u00f6korras! <\/p><p> KIRJELDUS <\/p><p> V\u00f5imsus <br \/> 1200 W <br \/> L\u00f6\u00f6gisagedus <br \/> 0 &#8212; 3000 min\u207b\u00b9 <br \/> K\u00e4igupikkus <br \/> 30 mm <br \/> Maks. l\u00f5ikev\u00f5ime puidus (90\u00b0) <br \/> 255 mm <br \/> Maks. l\u00f5ikev\u00f5ime terastorus <br \/> 130 mm <br \/> Toitejuhe <br \/> 4,0 m <br \/> Heliv\u00f5imsuse tase (LWA) <br \/> 99 dB(A) <br \/><br \/> Helir\u00f5hu tase (LpA) <br \/> 88 dB(A) <br \/><br \/> M\u00e4\u00e4ramatu m\u00fcra (K faktor) <br \/> 3 dB(A) <br \/><br \/> Toote kaal ilma kaablita <br \/> 3,3 kg <br \/><br \/> Toote m\u00f5\u00f5dud (P x L x K) <br \/> 447 x 97 x 176 mm <br \/> Vibratsioonitase, puitplaatide l\u00f5ikamisel <br \/> 19,5 m\/sec\u00b2 <br \/><br \/> M\u00e4\u00e4ramatu m\u00fcra (K faktor), puitplaatide l\u00f5ikamisel <br \/> 1,5 m\/sec\u00b2 <br \/><br \/> Vibratsioonitase, puittala l\u00f5ikamisel <br \/> 19,5 m\/sec\u00b2 <br \/><br \/> M\u00e4\u00e4ramatu m\u00fcra (K faktor), puittala l\u00f5ikamisel <br \/> 1,5 m\/sec\u00b2 <\/p>\n","protected":false},"excerpt":{"rendered":"<p>Tigersaag Makita JR3051T, heas seisu- ja t\u00f6\u00f6korras! KIRJELDUS V\u00f5imsus 1200 W L\u00f6\u00f6gisagedus 0 &#8212; 3000 min\u207b\u00b9 K\u00e4igupikkus 30 mm Maks. l\u00f5ikev\u00f5ime puidus (90\u00b0) 255 mm Maks. l\u00f5ikev\u00f5ime terastorus 130 mm Toitejuhe 4,0 m Heliv\u00f5imsuse tase (LWA) 99 dB(A) Helir\u00f5hu tase (LpA) 88 dB(A) M\u00e4\u00e4ramatu m\u00fcra (K faktor) 3 dB(A) Toote kaal ilma kaablita 3,3 kg [&hellip;]<\/p>\n","protected":false},"featured_media":29792,"comment_status":"closed","ping_status":"open","template":"","meta":{"inline_featured_image":false},"product_brand":[],"product_cat":[243],"product_tag":[],"class_list":{"0":"post-29791","1":"product","2":"type-product","3":"status-publish","4":"has-post-thumbnail","6":"product_cat-sabelnye-pily","7":"pa_asukoht-mustamae","8":"pa_seisukord-ispolzovano","10":"first","11":"instock","12":"taxable","13":"shipping-taxable","14":"purchasable","15":"product-type-simple"},"_links":{"self":[{"href":"https:\/\/a-pant.ee\/ru\/wp-json\/wp\/v2\/product\/29791","targetHints":{"allow":["GET"]}}],"collection":[{"href":"https:\/\/a-pant.ee\/ru\/wp-json\/wp\/v2\/product"}],"about":[{"href":"https:\/\/a-pant.ee\/ru\/wp-json\/wp\/v2\/types\/product"}],"replies":[{"embeddable":true,"href":"https:\/\/a-pant.ee\/ru\/wp-json\/wp\/v2\/comments?post=29791"}],"wp:featuredmedia":[{"embeddable":true,"href":"https:\/\/a-pant.ee\/ru\/wp-json\/wp\/v2\/media\/29792"}],"wp:attachment":[{"href":"https:\/\/a-pant.ee\/ru\/wp-json\/wp\/v2\/media?parent=29791"}],"wp:term":[{"taxonomy":"product_brand","embeddable":true,"href":"https:\/\/a-pant.ee\/ru\/wp-json\/wp\/v2\/product_brand?post=29791"},{"taxonomy":"product_cat","embeddable":true,"href":"https:\/\/a-pant.ee\/ru\/wp-json\/wp\/v2\/product_cat?post=29791"},{"taxonomy":"product_tag","embeddable":true,"href":"https:\/\/a-pant.ee\/ru\/wp-json\/wp\/v2\/product_tag?post=29791"}],"curies":[{"name":"wp","href":"https:\/\/api.w.org\/{rel}","templated":true}]}}