{"id":29758,"date":"2026-02-04T12:21:55","date_gmt":"2026-02-04T09:21:55","guid":{"rendered":"https:\/\/a-pant.ee\/product\/akkumulyatornaya-drel-makita-dtd-152-bez-akk\/"},"modified":"2026-02-22T12:24:48","modified_gmt":"2026-02-22T09:24:48","slug":"akkumulyatornaya-drel-makita-dtd-152-bez-akk","status":"publish","type":"product","link":"https:\/\/a-pant.ee\/ru\/product\/akkumulyatornaya-drel-makita-dtd-152-bez-akk\/","title":{"rendered":"\u0410\u043a\u043a\u0443\u043c\u0443\u043b\u044f\u0442\u043e\u0440\u043d\u0430\u044f \u0434\u0440\u0435\u043b\u044c Makita DTD 152 (\u0431\u0435\u0437 \u0430\u043a\u043a.)"},"content":{"rendered":"\n<p> Akutrell Makita DTD 152 (ilma aku)\u00a0, heas seisu- ja t\u00f6\u00f6korras! <\/p><p> KIRJELDUS <\/p><ul><li> Komplekt on ilma aku ja laadijata; <\/li><li> Elektriline pidur; <\/li><li> Kiiruse kontroll; <\/li><li> Tagasik\u00e4ik; <\/li><li> LED valgustus; <\/li><li> Pinge: 18 V; <\/li><li> Kruvi l\u00e4bim\u00f5\u00f5t: M4-M8; <\/li><li> Mutri p\u00f6\u00f6rlemise l\u00e4bim\u00f5\u00f5t: M5-M16; <\/li><li> K\u00f5rgema tugevusega kruvi: M5-M12; <\/li><li> M\u00fcratase: 104 dB(A); <\/li><li> L\u00f6\u00f6gisagedus: 0-3500 min-1; <\/li><li> Max. p\u00f6\u00f6rdemoment: 165 Nm; <\/li><\/ul>\n","protected":false},"excerpt":{"rendered":"<p>Akutrell Makita DTD 152 (ilma aku)\u00a0, heas seisu- ja t\u00f6\u00f6korras! KIRJELDUS Komplekt on ilma aku ja laadijata; Elektriline pidur; Kiiruse kontroll; Tagasik\u00e4ik; LED valgustus; Pinge: 18 V; Kruvi l\u00e4bim\u00f5\u00f5t: M4-M8; Mutri p\u00f6\u00f6rlemise l\u00e4bim\u00f5\u00f5t: M5-M16; K\u00f5rgema tugevusega kruvi: M5-M12; M\u00fcratase: 104 dB(A); L\u00f6\u00f6gisagedus: 0-3500 min-1; Max. p\u00f6\u00f6rdemoment: 165 Nm;<\/p>\n","protected":false},"featured_media":29759,"comment_status":"closed","ping_status":"open","template":"","meta":{"inline_featured_image":false},"product_brand":[],"product_cat":[221],"product_tag":[],"class_list":{"0":"post-29758","1":"product","2":"type-product","3":"status-publish","4":"has-post-thumbnail","6":"product_cat-akkumulyatornye-dreli","7":"pa_asukoht-lasnamae","8":"pa_seisukord-ispolzovano","10":"first","11":"instock","12":"taxable","13":"shipping-taxable","14":"purchasable","15":"product-type-simple"},"_links":{"self":[{"href":"https:\/\/a-pant.ee\/ru\/wp-json\/wp\/v2\/product\/29758","targetHints":{"allow":["GET"]}}],"collection":[{"href":"https:\/\/a-pant.ee\/ru\/wp-json\/wp\/v2\/product"}],"about":[{"href":"https:\/\/a-pant.ee\/ru\/wp-json\/wp\/v2\/types\/product"}],"replies":[{"embeddable":true,"href":"https:\/\/a-pant.ee\/ru\/wp-json\/wp\/v2\/comments?post=29758"}],"wp:featuredmedia":[{"embeddable":true,"href":"https:\/\/a-pant.ee\/ru\/wp-json\/wp\/v2\/media\/29759"}],"wp:attachment":[{"href":"https:\/\/a-pant.ee\/ru\/wp-json\/wp\/v2\/media?parent=29758"}],"wp:term":[{"taxonomy":"product_brand","embeddable":true,"href":"https:\/\/a-pant.ee\/ru\/wp-json\/wp\/v2\/product_brand?post=29758"},{"taxonomy":"product_cat","embeddable":true,"href":"https:\/\/a-pant.ee\/ru\/wp-json\/wp\/v2\/product_cat?post=29758"},{"taxonomy":"product_tag","embeddable":true,"href":"https:\/\/a-pant.ee\/ru\/wp-json\/wp\/v2\/product_tag?post=29758"}],"curies":[{"name":"wp","href":"https:\/\/api.w.org\/{rel}","templated":true}]}}