{"id":29752,"date":"2026-02-04T12:21:55","date_gmt":"2026-02-04T09:21:55","guid":{"rendered":"https:\/\/a-pant.ee\/product\/chasy-timex-t80-korobka\/"},"modified":"2026-02-22T12:24:47","modified_gmt":"2026-02-22T09:24:47","slug":"chasy-timex-t80-korobka","status":"publish","type":"product","link":"https:\/\/a-pant.ee\/ru\/product\/chasy-timex-t80-korobka\/","title":{"rendered":"\u0427\u0430\u0441\u044b Timex T80 + \u041a\u043e\u0440\u043e\u0431\u043a\u0430"},"content":{"rendered":"\n<p> K\u00e4ekellad Timex T80 + Karp\u00a0, heas seisu- ja t\u00f6\u00f6korras! <\/p><p> KIRJELDUS <\/p><ul><li> T\u00fc\u00fcp: elektrooniline k\u00e4ekell <\/li><li> Mehhanism: kvartsmehhanism <\/li><li> Ekraan: digitaalne, INDIGLO taustvalgustusega <\/li><li> Funktsioonid: <ul><li> kellaaeg (tunnid, minutid, sekundid) <\/li><li> \u00e4ratuskell <\/li><li> stopper (kronograaf) <\/li><li> kalender (kuup\u00e4ev ja n\u00e4dalap\u00e4ev) <\/li><\/ul><\/li><li> Taustvalgustus: olemas (INDIGLO) <\/li><li> Veekindlus: 30 meetrit (3 ATM, kaitse pritsmete ja vihma eest, mitte ujumiseks) <\/li><li> Patarei: CR2016 <\/li><li> Korpuse l\u00e4bim\u00f5\u00f5t: umbes 34 mm <\/li><li> Korpuse paksus: umbes 10 mm <\/li><li> Kaal: umbes 30\u201345 g <\/li><\/ul>\n","protected":false},"excerpt":{"rendered":"<p>K\u00e4ekellad Timex T80 + Karp\u00a0, heas seisu- ja t\u00f6\u00f6korras! KIRJELDUS T\u00fc\u00fcp: elektrooniline k\u00e4ekell Mehhanism: kvartsmehhanism Ekraan: digitaalne, INDIGLO taustvalgustusega Funktsioonid: kellaaeg (tunnid, minutid, sekundid) \u00e4ratuskell stopper (kronograaf) kalender (kuup\u00e4ev ja n\u00e4dalap\u00e4ev) Taustvalgustus: olemas (INDIGLO) Veekindlus: 30 meetrit (3 ATM, kaitse pritsmete ja vihma eest, mitte ujumiseks) Patarei: CR2016 Korpuse l\u00e4bim\u00f5\u00f5t: umbes 34 mm Korpuse paksus: [&hellip;]<\/p>\n","protected":false},"featured_media":29753,"comment_status":"closed","ping_status":"closed","template":"","meta":{"inline_featured_image":false},"product_brand":[],"product_cat":[211],"product_tag":[],"class_list":{"0":"post-29752","1":"product","2":"type-product","3":"status-publish","4":"has-post-thumbnail","6":"product_cat-muzhskie-chasy","7":"pa_asukoht-mustamae","8":"pa_seisukord-ispolzovano","10":"first","11":"outofstock","12":"taxable","13":"shipping-taxable","14":"purchasable","15":"product-type-simple"},"_links":{"self":[{"href":"https:\/\/a-pant.ee\/ru\/wp-json\/wp\/v2\/product\/29752","targetHints":{"allow":["GET"]}}],"collection":[{"href":"https:\/\/a-pant.ee\/ru\/wp-json\/wp\/v2\/product"}],"about":[{"href":"https:\/\/a-pant.ee\/ru\/wp-json\/wp\/v2\/types\/product"}],"replies":[{"embeddable":true,"href":"https:\/\/a-pant.ee\/ru\/wp-json\/wp\/v2\/comments?post=29752"}],"wp:featuredmedia":[{"embeddable":true,"href":"https:\/\/a-pant.ee\/ru\/wp-json\/wp\/v2\/media\/29753"}],"wp:attachment":[{"href":"https:\/\/a-pant.ee\/ru\/wp-json\/wp\/v2\/media?parent=29752"}],"wp:term":[{"taxonomy":"product_brand","embeddable":true,"href":"https:\/\/a-pant.ee\/ru\/wp-json\/wp\/v2\/product_brand?post=29752"},{"taxonomy":"product_cat","embeddable":true,"href":"https:\/\/a-pant.ee\/ru\/wp-json\/wp\/v2\/product_cat?post=29752"},{"taxonomy":"product_tag","embeddable":true,"href":"https:\/\/a-pant.ee\/ru\/wp-json\/wp\/v2\/product_tag?post=29752"}],"curies":[{"name":"wp","href":"https:\/\/api.w.org\/{rel}","templated":true}]}}