{"id":29746,"date":"2026-02-04T12:21:55","date_gmt":"2026-02-04T09:21:55","guid":{"rendered":"https:\/\/a-pant.ee\/product\/router-tp-link-archer-c50-ac1200\/"},"modified":"2026-02-22T12:24:47","modified_gmt":"2026-02-22T09:24:47","slug":"router-tp-link-archer-c50-ac1200-korobka","status":"publish","type":"product","link":"https:\/\/a-pant.ee\/ru\/product\/router-tp-link-archer-c50-ac1200-korobka\/","title":{"rendered":"\u0420\u043e\u0443\u0442\u0435\u0440 TP-Link Archer c50 \/ AC1200 + \u041a\u043e\u0440\u043e\u0431\u043a\u0430"},"content":{"rendered":"\n<p> M\u00fc\u00fcakse\u00a0Ruuter TP-Link Archer c50 \/ AC1200 + Karp\u00a0, heas seisu- ja t\u00f6\u00f6korras! <\/p><p> KIRJELDUS <\/p><ul><li> Seadme t\u00fc\u00fcp: kahesageduslik Wi-Fi ruuter <\/li><li> Wi-Fi standardid: 802.11 a\/b\/g\/n\/ac <\/li><li> T\u00f6\u00f6 sagedused: <ul><li> 2,4 GHz (kuni 300 Mbit\/s) <\/li><li> 5 GHz (kuni 867 Mbit\/s) <\/li><\/ul><\/li><li> Maksimaalne kogukiirus: kuni 1200 Mbit\/s <\/li><li> Antennid: 4 v\u00e4liseid, eemaldamatud antenni <\/li><li> Pordid: <ul><li> 1 \u00d7 WAN (10\/100 Mbit\/s) <\/li><li> 4 \u00d7 LAN (10\/100 Mbit\/s) <\/li><\/ul><\/li><li> IPv6 tugi: olemas <\/li><li> T\u00f6\u00f6tamisre\u017eiimid: ruuter, p\u00e4\u00e4supunkt <\/li><li> Wi-Fi turvalisus: WPA, WPA2, WPA3 (s\u00f5ltuvalt tarkvarast) <\/li><li> Toetab vanemlikku kontrolli ja k\u00fclalisv\u00f5rku <\/li><li> Haldamine: veebiliides ja mobiilirakendus Tether <\/li><li> M\u00f5\u00f5tmed: umbes 230 \u00d7 144 \u00d7 35 mm <\/li><\/ul>\n","protected":false},"excerpt":{"rendered":"<p>M\u00fc\u00fcakse\u00a0Ruuter TP-Link Archer c50 \/ AC1200 + Karp\u00a0, heas seisu- ja t\u00f6\u00f6korras! KIRJELDUS Seadme t\u00fc\u00fcp: kahesageduslik Wi-Fi ruuter Wi-Fi standardid: 802.11 a\/b\/g\/n\/ac T\u00f6\u00f6 sagedused: 2,4 GHz (kuni 300 Mbit\/s) 5 GHz (kuni 867 Mbit\/s) Maksimaalne kogukiirus: kuni 1200 Mbit\/s Antennid: 4 v\u00e4liseid, eemaldamatud antenni Pordid: 1 \u00d7 WAN (10\/100 Mbit\/s) 4 \u00d7 LAN (10\/100 Mbit\/s) [&hellip;]<\/p>\n","protected":false},"featured_media":29747,"comment_status":"closed","ping_status":"open","template":"","meta":{"inline_featured_image":false},"product_brand":[],"product_cat":[162],"product_tag":[],"class_list":{"0":"post-29746","1":"product","2":"type-product","3":"status-publish","4":"has-post-thumbnail","6":"product_cat-elektronika-drugoe","7":"pa_asukoht-mustamae","8":"pa_seisukord-ispolzovano","10":"first","11":"instock","12":"taxable","13":"shipping-taxable","14":"purchasable","15":"product-type-simple"},"_links":{"self":[{"href":"https:\/\/a-pant.ee\/ru\/wp-json\/wp\/v2\/product\/29746","targetHints":{"allow":["GET"]}}],"collection":[{"href":"https:\/\/a-pant.ee\/ru\/wp-json\/wp\/v2\/product"}],"about":[{"href":"https:\/\/a-pant.ee\/ru\/wp-json\/wp\/v2\/types\/product"}],"replies":[{"embeddable":true,"href":"https:\/\/a-pant.ee\/ru\/wp-json\/wp\/v2\/comments?post=29746"}],"wp:featuredmedia":[{"embeddable":true,"href":"https:\/\/a-pant.ee\/ru\/wp-json\/wp\/v2\/media\/29747"}],"wp:attachment":[{"href":"https:\/\/a-pant.ee\/ru\/wp-json\/wp\/v2\/media?parent=29746"}],"wp:term":[{"taxonomy":"product_brand","embeddable":true,"href":"https:\/\/a-pant.ee\/ru\/wp-json\/wp\/v2\/product_brand?post=29746"},{"taxonomy":"product_cat","embeddable":true,"href":"https:\/\/a-pant.ee\/ru\/wp-json\/wp\/v2\/product_cat?post=29746"},{"taxonomy":"product_tag","embeddable":true,"href":"https:\/\/a-pant.ee\/ru\/wp-json\/wp\/v2\/product_tag?post=29746"}],"curies":[{"name":"wp","href":"https:\/\/api.w.org\/{rel}","templated":true}]}}