{"id":29740,"date":"2026-02-04T12:17:18","date_gmt":"2026-02-04T09:17:18","guid":{"rendered":"https:\/\/a-pant.ee\/product\/akkumulyatornaya-drel-makita-xsf03r-dlya-gipsokartona\/"},"modified":"2026-02-22T12:26:27","modified_gmt":"2026-02-22T09:26:27","slug":"akkumulyatornaya-drel-dlya-gipsokarton-makita-xsf03r-bez-aku","status":"publish","type":"product","link":"https:\/\/a-pant.ee\/ru\/product\/akkumulyatornaya-drel-dlya-gipsokarton-makita-xsf03r-bez-aku\/","title":{"rendered":"\u0410\u043a\u043a\u0443\u043c\u0443\u043b\u044f\u0442\u043e\u0440\u043d\u0430\u044f \u0434\u0440\u0435\u043b\u044c \u0434\u043b\u044f \u0433\u0438\u043f\u0441\u043e\u043a\u0430\u0440\u0442\u043e\u043d Makita XSF03R \u0431\u0435\u0437 \u0430\u043a\u0443"},"content":{"rendered":"\n<p><strong> Akutrell kipsplaadist Makita XSF03R Ilma aku <\/strong> , heas seisu- ja t\u00f6\u00f6korras! <strong> \u00a0\u00a0 <\/strong><\/p><p> KIRJELDUS <\/p><ul><li><strong> Mootori t\u00fc\u00fcp: <\/strong> harjadeta (BL\u2122) <\/li><li><strong> Aku pinge: <\/strong> 18 V <\/li><li><strong> T\u00fchik\u00e4igup\u00f6\u00f6rete arv: <\/strong> 0\u20134000 p\/min <\/li><li><strong> Kinnituse t\u00fc\u00fcp: <\/strong> 1\/4&#8243; kuuskantv\u00f5ti <\/li><li><strong> M\u00f5\u00f5detav p\u00f6\u00f6rdemoment: <\/strong> puudub <\/li><li><strong> Pikkus: <\/strong> 251 mm <\/li><li><strong> Kaal koos akuga: <\/strong> 1,45 kg <\/li><li><strong> Toiteallikas: <\/strong> akutoitega, juhtmevaba <\/li><\/ul>\n","protected":false},"excerpt":{"rendered":"<p>Akutrell kipsplaadist Makita XSF03R Ilma aku , heas seisu- ja t\u00f6\u00f6korras! \u00a0\u00a0 KIRJELDUS Mootori t\u00fc\u00fcp: harjadeta (BL\u2122) Aku pinge: 18 V T\u00fchik\u00e4igup\u00f6\u00f6rete arv: 0\u20134000 p\/min Kinnituse t\u00fc\u00fcp: 1\/4&#8243; kuuskantv\u00f5ti M\u00f5\u00f5detav p\u00f6\u00f6rdemoment: puudub Pikkus: 251 mm Kaal koos akuga: 1,45 kg Toiteallikas: akutoitega, juhtmevaba<\/p>\n","protected":false},"featured_media":29741,"comment_status":"closed","ping_status":"open","template":"","meta":{"inline_featured_image":false},"product_brand":[],"product_cat":[221],"product_tag":[],"class_list":{"0":"post-29740","1":"product","2":"type-product","3":"status-publish","4":"has-post-thumbnail","6":"product_cat-akkumulyatornye-dreli","7":"pa_asukoht-lasnamae","8":"pa_seisukord-ispolzovano","10":"first","11":"instock","12":"taxable","13":"shipping-taxable","14":"purchasable","15":"product-type-simple"},"_links":{"self":[{"href":"https:\/\/a-pant.ee\/ru\/wp-json\/wp\/v2\/product\/29740","targetHints":{"allow":["GET"]}}],"collection":[{"href":"https:\/\/a-pant.ee\/ru\/wp-json\/wp\/v2\/product"}],"about":[{"href":"https:\/\/a-pant.ee\/ru\/wp-json\/wp\/v2\/types\/product"}],"replies":[{"embeddable":true,"href":"https:\/\/a-pant.ee\/ru\/wp-json\/wp\/v2\/comments?post=29740"}],"wp:featuredmedia":[{"embeddable":true,"href":"https:\/\/a-pant.ee\/ru\/wp-json\/wp\/v2\/media\/29741"}],"wp:attachment":[{"href":"https:\/\/a-pant.ee\/ru\/wp-json\/wp\/v2\/media?parent=29740"}],"wp:term":[{"taxonomy":"product_brand","embeddable":true,"href":"https:\/\/a-pant.ee\/ru\/wp-json\/wp\/v2\/product_brand?post=29740"},{"taxonomy":"product_cat","embeddable":true,"href":"https:\/\/a-pant.ee\/ru\/wp-json\/wp\/v2\/product_cat?post=29740"},{"taxonomy":"product_tag","embeddable":true,"href":"https:\/\/a-pant.ee\/ru\/wp-json\/wp\/v2\/product_tag?post=29740"}],"curies":[{"name":"wp","href":"https:\/\/api.w.org\/{rel}","templated":true}]}}