{"id":29729,"date":"2026-02-04T12:17:18","date_gmt":"2026-02-04T09:17:18","guid":{"rendered":"https:\/\/a-pant.ee\/product\/noutbuk-msi-gf63-thin-10sc-zaryadka\/"},"modified":"2026-02-22T12:26:27","modified_gmt":"2026-02-22T09:26:27","slug":"noutbuk-msi-gf63-thin-10sc-zaryadka","status":"publish","type":"product","link":"https:\/\/a-pant.ee\/ru\/product\/noutbuk-msi-gf63-thin-10sc-zaryadka\/","title":{"rendered":"\u041d\u043e\u0443\u0442\u0431\u0443\u043a MSI GF63 Thin 10SC + \u0417\u0430\u0440\u044f\u0434\u043a\u0430"},"content":{"rendered":"\n<p><strong> S\u00fclearvuti MSI GF63 Thin 10SC + Laadija <\/strong> \u00a0 <strong> Seadmel on kriimustusi ning m\u00f5ned kruvid puuduvad <\/strong> , t\u00f6\u00f6korras! <\/p><p> KIRJELDUS <\/p><p> Protsessor: Intel (R) i5-10300H CPU 2,50Ghz 8CPUs <\/p><p> Operatiiv m\u00e4lu: 16.00gb DDR4 <\/p><p> Videokaart: Intel \u00ae UHD Graphics + \u00a0Nvidia GeForce GTX 1650 <\/p><p> K\u00f5vakettas: \u00a0Kinstone OM8PCP3512FAI1 SSD m.2 512GB <\/p><p> Windows: 11 Home 64 bit <\/p><p> \u00a0 <\/p>\n","protected":false},"excerpt":{"rendered":"<p>S\u00fclearvuti MSI GF63 Thin 10SC + Laadija \u00a0 Seadmel on kriimustusi ning m\u00f5ned kruvid puuduvad , t\u00f6\u00f6korras! KIRJELDUS Protsessor: Intel (R) i5-10300H CPU 2,50Ghz 8CPUs Operatiiv m\u00e4lu: 16.00gb DDR4 Videokaart: Intel \u00ae UHD Graphics + \u00a0Nvidia GeForce GTX 1650 K\u00f5vakettas: \u00a0Kinstone OM8PCP3512FAI1 SSD m.2 512GB Windows: 11 Home 64 bit \u00a0<\/p>\n","protected":false},"featured_media":29730,"comment_status":"closed","ping_status":"open","template":"","meta":{"inline_featured_image":false},"product_brand":[],"product_cat":[179],"product_tag":[],"class_list":{"0":"post-29729","1":"product","2":"type-product","3":"status-publish","4":"has-post-thumbnail","6":"product_cat-noutbuki","7":"pa_asukoht-lasnamae","8":"pa_seisukord-ispolzovano","10":"first","11":"instock","12":"taxable","13":"shipping-taxable","14":"purchasable","15":"product-type-simple"},"_links":{"self":[{"href":"https:\/\/a-pant.ee\/ru\/wp-json\/wp\/v2\/product\/29729","targetHints":{"allow":["GET"]}}],"collection":[{"href":"https:\/\/a-pant.ee\/ru\/wp-json\/wp\/v2\/product"}],"about":[{"href":"https:\/\/a-pant.ee\/ru\/wp-json\/wp\/v2\/types\/product"}],"replies":[{"embeddable":true,"href":"https:\/\/a-pant.ee\/ru\/wp-json\/wp\/v2\/comments?post=29729"}],"wp:featuredmedia":[{"embeddable":true,"href":"https:\/\/a-pant.ee\/ru\/wp-json\/wp\/v2\/media\/29730"}],"wp:attachment":[{"href":"https:\/\/a-pant.ee\/ru\/wp-json\/wp\/v2\/media?parent=29729"}],"wp:term":[{"taxonomy":"product_brand","embeddable":true,"href":"https:\/\/a-pant.ee\/ru\/wp-json\/wp\/v2\/product_brand?post=29729"},{"taxonomy":"product_cat","embeddable":true,"href":"https:\/\/a-pant.ee\/ru\/wp-json\/wp\/v2\/product_cat?post=29729"},{"taxonomy":"product_tag","embeddable":true,"href":"https:\/\/a-pant.ee\/ru\/wp-json\/wp\/v2\/product_tag?post=29729"}],"curies":[{"name":"wp","href":"https:\/\/api.w.org\/{rel}","templated":true}]}}