{"id":29723,"date":"2026-02-04T12:17:18","date_gmt":"2026-02-04T09:17:18","guid":{"rendered":"https:\/\/a-pant.ee\/product\/mobilnyj-telefon-nokia-g42-5g\/"},"modified":"2026-02-22T12:26:27","modified_gmt":"2026-02-22T09:26:27","slug":"mobilnyj-telefon-nokia-g42-5g-korobka","status":"publish","type":"product","link":"https:\/\/a-pant.ee\/ru\/product\/mobilnyj-telefon-nokia-g42-5g-korobka\/","title":{"rendered":"\u041c\u043e\u0431\u0438\u043b\u044c\u043d\u044b\u0439 \u0442\u0435\u043b\u0435\u0444\u043e\u043d Nokia G42 5G + \u043a\u043e\u0440\u043e\u0431\u043a\u0430"},"content":{"rendered":"\n<p> \u00a0Mobiilitelefon Nokia G42 5G + karp, heas seisu- ja t\u00f6\u00f6korras! <\/p><p> KIRJELDUS <\/p><p> Seadme t\u00fc\u00fcp: 5G nutitelefon <\/p><p> Ekraan: 6,56&#8243;, IPS LCD, HD+ (1612 \u00d7 720), v\u00e4rskendussagedus 90 Hz <\/p><p> Protsessor: Qualcomm Snapdragon 480+ <\/p><p> Operatsioonis\u00fcsteem: Android 13 <\/p><p> Tagakaamerad: kolmekordne <\/p><p> 50 MP (p\u00f5hisensor) <\/p><p> 2 MP (makro) <\/p><p> 2 MP (s\u00fcgavussensor) <\/p><p> Esikaamera: 8 MP <\/p><p> M\u00e4lu: kuni 6 GB RAM + laiendatav (RAM boost), sisem\u00e4lu kuni 128 GB <\/p><p> M\u00e4lukaardi tugi: microSD (kuni 1 TB) <\/p><p> SIM-kaardid: 2\u00d7 Nano-SIM (v\u00f5i 1\u00d7 Nano-SIM + microSD) <\/p><p> Traadita \u00fchendused: 5G, Wi-Fi 802.11 a\/b\/g\/n\/ac, Bluetooth 5.1, NFC <\/p><p> Navigatsioon: GPS, A-GPS, GLONASS, Galileo <\/p><p> Helilahendus: 3.5 mm audio, FM-raadio <\/p><p> S\u00f5rmej\u00e4ljelugeja: k\u00fcljel <\/p><p> Aku: 5000 mAh, kiirlaadimine 20 W <\/p><p> M\u00f5\u00f5tmed: 165 \u00d7 75,8 \u00d7 8,55 mm <\/p><p> Kaal: umbes 193 g <\/p>\n","protected":false},"excerpt":{"rendered":"<p>\u00a0Mobiilitelefon Nokia G42 5G + karp, heas seisu- ja t\u00f6\u00f6korras! KIRJELDUS Seadme t\u00fc\u00fcp: 5G nutitelefon Ekraan: 6,56&#8243;, IPS LCD, HD+ (1612 \u00d7 720), v\u00e4rskendussagedus 90 Hz Protsessor: Qualcomm Snapdragon 480+ Operatsioonis\u00fcsteem: Android 13 Tagakaamerad: kolmekordne 50 MP (p\u00f5hisensor) 2 MP (makro) 2 MP (s\u00fcgavussensor) Esikaamera: 8 MP M\u00e4lu: kuni 6 GB RAM + laiendatav (RAM [&hellip;]<\/p>\n","protected":false},"featured_media":29724,"comment_status":"closed","ping_status":"closed","template":"","meta":{"inline_featured_image":false},"product_brand":[],"product_cat":[171],"product_tag":[],"class_list":{"0":"post-29723","1":"product","2":"type-product","3":"status-publish","4":"has-post-thumbnail","6":"product_cat-mobilnye-telefony","7":"pa_asukoht-mustamae","8":"pa_seisukord-ispolzovano","10":"first","11":"outofstock","12":"taxable","13":"shipping-taxable","14":"purchasable","15":"product-type-simple"},"_links":{"self":[{"href":"https:\/\/a-pant.ee\/ru\/wp-json\/wp\/v2\/product\/29723","targetHints":{"allow":["GET"]}}],"collection":[{"href":"https:\/\/a-pant.ee\/ru\/wp-json\/wp\/v2\/product"}],"about":[{"href":"https:\/\/a-pant.ee\/ru\/wp-json\/wp\/v2\/types\/product"}],"replies":[{"embeddable":true,"href":"https:\/\/a-pant.ee\/ru\/wp-json\/wp\/v2\/comments?post=29723"}],"wp:featuredmedia":[{"embeddable":true,"href":"https:\/\/a-pant.ee\/ru\/wp-json\/wp\/v2\/media\/29724"}],"wp:attachment":[{"href":"https:\/\/a-pant.ee\/ru\/wp-json\/wp\/v2\/media?parent=29723"}],"wp:term":[{"taxonomy":"product_brand","embeddable":true,"href":"https:\/\/a-pant.ee\/ru\/wp-json\/wp\/v2\/product_brand?post=29723"},{"taxonomy":"product_cat","embeddable":true,"href":"https:\/\/a-pant.ee\/ru\/wp-json\/wp\/v2\/product_cat?post=29723"},{"taxonomy":"product_tag","embeddable":true,"href":"https:\/\/a-pant.ee\/ru\/wp-json\/wp\/v2\/product_tag?post=29723"}],"curies":[{"name":"wp","href":"https:\/\/api.w.org\/{rel}","templated":true}]}}