{"id":29718,"date":"2026-02-04T12:17:18","date_gmt":"2026-02-04T09:17:18","guid":{"rendered":"https:\/\/a-pant.ee\/product\/akubank-70mai-ps01-jump-starter-11100mah\/"},"modified":"2026-02-22T12:26:27","modified_gmt":"2026-02-22T09:26:27","slug":"akubank-70mai-model-ps01-11100-mah-jump-starter","status":"publish","type":"product","link":"https:\/\/a-pant.ee\/ru\/product\/akubank-70mai-model-ps01-11100-mah-jump-starter\/","title":{"rendered":"\u0410\u043a\u0443\u0431\u0430\u043d\u043a 70MAI \u043c\u043e\u0434\u0435\u043b\u044c PS01 11100 MAh Jump Starter"},"content":{"rendered":"\n<p> Akupank 70MAI mudel PS01 11100 MAh Jump Starter,\u00a0heas seisu- ja t\u00f6\u00f6korras! <\/p><p> KIRJELDUS <\/p><p> Toote kirjeldus: Auto aku starter PowerBank 70Mai Jump Starter 11000 mAh <\/p><ul><li> Tootja: 70MAI <\/li><li> Mudel: Jump Starter 600A <\/li><li> V\u00e4rv: must <\/li><li> Laadimistemperatuur: 0 \u00b0 C ~ 45 \u00b0 C <\/li><li> T\u00f6\u00f6temperatuur: -20 \u00b0 C ~ 60 \u00b0 C <\/li><li> Aku maht: 11,100 mah <\/li><li> laadimisaeg: kuni 4 tundi <\/li><li> Ehitatud rakkude arv: 6 <\/li><li> Konversioonitegur: 60% ~ 70% <\/li><li> Ts\u00fcklid: 1000 ts\u00fcklit (80% eluj\u00f5ud) <\/li><li> Maksimaalne vool: 600 a <\/li><li> pinge: 12 v <\/li><li> Pistikud: USB-C \/ Out USB-A <\/li><li> LED -latern: jah <\/li><li> V\u00e4line testimistunnistus: MSDS <\/li><li> V\u00e4line testimistunnistus: ROHS <\/li><li> V\u00e4line testimistunnistus: FCC <\/li><li> V\u00e4line testimistunnistus: CE <\/li><li> V\u00e4line testimistunnistus: ul <\/li><li> kaal: 0,92 kg <\/li><li> Suurus: 87 x 163 x 27 mm <\/li><\/ul>\n","protected":false},"excerpt":{"rendered":"<p>Akupank 70MAI mudel PS01 11100 MAh Jump Starter,\u00a0heas seisu- ja t\u00f6\u00f6korras! KIRJELDUS Toote kirjeldus: Auto aku starter PowerBank 70Mai Jump Starter 11000 mAh Tootja: 70MAI Mudel: Jump Starter 600A V\u00e4rv: must Laadimistemperatuur: 0 \u00b0 C ~ 45 \u00b0 C T\u00f6\u00f6temperatuur: -20 \u00b0 C ~ 60 \u00b0 C Aku maht: 11,100 mah laadimisaeg: kuni 4 tundi [&hellip;]<\/p>\n","protected":false},"featured_media":29719,"comment_status":"closed","ping_status":"open","template":"","meta":{"inline_featured_image":false},"product_brand":[],"product_cat":[158,172],"product_tag":[],"class_list":{"0":"post-29718","1":"product","2":"type-product","3":"status-publish","4":"has-post-thumbnail","6":"product_cat-vse-dlya-avtomobilya","7":"product_cat-vse-dlya-telefonov","8":"pa_asukoht-lasnamae","9":"pa_seisukord-ispolzovano","11":"first","12":"instock","13":"taxable","14":"shipping-taxable","15":"purchasable","16":"product-type-simple"},"_links":{"self":[{"href":"https:\/\/a-pant.ee\/ru\/wp-json\/wp\/v2\/product\/29718","targetHints":{"allow":["GET"]}}],"collection":[{"href":"https:\/\/a-pant.ee\/ru\/wp-json\/wp\/v2\/product"}],"about":[{"href":"https:\/\/a-pant.ee\/ru\/wp-json\/wp\/v2\/types\/product"}],"replies":[{"embeddable":true,"href":"https:\/\/a-pant.ee\/ru\/wp-json\/wp\/v2\/comments?post=29718"}],"wp:featuredmedia":[{"embeddable":true,"href":"https:\/\/a-pant.ee\/ru\/wp-json\/wp\/v2\/media\/29719"}],"wp:attachment":[{"href":"https:\/\/a-pant.ee\/ru\/wp-json\/wp\/v2\/media?parent=29718"}],"wp:term":[{"taxonomy":"product_brand","embeddable":true,"href":"https:\/\/a-pant.ee\/ru\/wp-json\/wp\/v2\/product_brand?post=29718"},{"taxonomy":"product_cat","embeddable":true,"href":"https:\/\/a-pant.ee\/ru\/wp-json\/wp\/v2\/product_cat?post=29718"},{"taxonomy":"product_tag","embeddable":true,"href":"https:\/\/a-pant.ee\/ru\/wp-json\/wp\/v2\/product_tag?post=29718"}],"curies":[{"name":"wp","href":"https:\/\/api.w.org\/{rel}","templated":true}]}}