{"id":29712,"date":"2026-02-04T12:17:18","date_gmt":"2026-02-04T09:17:18","guid":{"rendered":"https:\/\/a-pant.ee\/product\/pistolet-dlya-gvozdej-makita-dpt353\/"},"modified":"2026-02-22T12:26:26","modified_gmt":"2026-02-22T09:26:26","slug":"pistolet-dlya-gvozdej-makita-dpt353-akku-5-0ah","status":"publish","type":"product","link":"https:\/\/a-pant.ee\/ru\/product\/pistolet-dlya-gvozdej-makita-dpt353-akku-5-0ah\/","title":{"rendered":"\u041f\u0438\u0441\u0442\u043e\u043b\u0435\u0442 \u0434\u043b\u044f \u0433\u0432\u043e\u0437\u0434\u0435\u0439 Makita DPT353 + \u0430\u043a\u043a\u0443 5.0Ah"},"content":{"rendered":"\n<p> Akunaelap\u00fcstol Makita DPT353 + aku 5.0Ah, heas seisu- ja t\u00f6\u00f6korras! <\/p><p> KIRJELDUS <\/p><p> Pinge: 18 V <br \/> Naela pikkus: 15-35 mm <br \/> Traadi t\u00fc\u00fcp: 23 Ga <br \/> Magasini maht: 120 <br \/> Helir\u00f5hu tase (LpA): 76 dB(A) <br \/> Kaal koos standardse akuga: 2,0-2,3 kg <br \/> M\u00f5\u00f5dud (PxLxK): 257 x 79 x 226 mm <\/p>\n","protected":false},"excerpt":{"rendered":"<p>Akunaelap\u00fcstol Makita DPT353 + aku 5.0Ah, heas seisu- ja t\u00f6\u00f6korras! KIRJELDUS Pinge: 18 V Naela pikkus: 15-35 mm Traadi t\u00fc\u00fcp: 23 Ga Magasini maht: 120 Helir\u00f5hu tase (LpA): 76 dB(A) Kaal koos standardse akuga: 2,0-2,3 kg M\u00f5\u00f5dud (PxLxK): 257 x 79 x 226 mm<\/p>\n","protected":false},"featured_media":29713,"comment_status":"closed","ping_status":"open","template":"","meta":{"inline_featured_image":false},"product_brand":[],"product_cat":[224,236],"product_tag":[],"class_list":{"0":"post-29712","1":"product","2":"type-product","3":"status-publish","4":"has-post-thumbnail","6":"product_cat-gazovye-pistolety","7":"product_cat-pnevmaticheskij-instrument","8":"pa_asukoht-mustamae","9":"pa_seisukord-ispolzovano","11":"first","12":"instock","13":"taxable","14":"shipping-taxable","15":"purchasable","16":"product-type-simple"},"_links":{"self":[{"href":"https:\/\/a-pant.ee\/ru\/wp-json\/wp\/v2\/product\/29712","targetHints":{"allow":["GET"]}}],"collection":[{"href":"https:\/\/a-pant.ee\/ru\/wp-json\/wp\/v2\/product"}],"about":[{"href":"https:\/\/a-pant.ee\/ru\/wp-json\/wp\/v2\/types\/product"}],"replies":[{"embeddable":true,"href":"https:\/\/a-pant.ee\/ru\/wp-json\/wp\/v2\/comments?post=29712"}],"wp:featuredmedia":[{"embeddable":true,"href":"https:\/\/a-pant.ee\/ru\/wp-json\/wp\/v2\/media\/29713"}],"wp:attachment":[{"href":"https:\/\/a-pant.ee\/ru\/wp-json\/wp\/v2\/media?parent=29712"}],"wp:term":[{"taxonomy":"product_brand","embeddable":true,"href":"https:\/\/a-pant.ee\/ru\/wp-json\/wp\/v2\/product_brand?post=29712"},{"taxonomy":"product_cat","embeddable":true,"href":"https:\/\/a-pant.ee\/ru\/wp-json\/wp\/v2\/product_cat?post=29712"},{"taxonomy":"product_tag","embeddable":true,"href":"https:\/\/a-pant.ee\/ru\/wp-json\/wp\/v2\/product_tag?post=29712"}],"curies":[{"name":"wp","href":"https:\/\/api.w.org\/{rel}","templated":true}]}}