{"id":29706,"date":"2026-02-04T12:17:18","date_gmt":"2026-02-04T09:17:18","guid":{"rendered":"https:\/\/a-pant.ee\/product\/planshet-nokia-t21-128gb\/"},"modified":"2026-02-22T12:26:26","modified_gmt":"2026-02-22T09:26:26","slug":"planshet-nokia-t21-128gb","status":"publish","type":"product","link":"https:\/\/a-pant.ee\/ru\/product\/planshet-nokia-t21-128gb\/","title":{"rendered":"\u041f\u043b\u0430\u043d\u0448\u0435\u0442 Nokia t21 128GB"},"content":{"rendered":"\n<p> Tahvelarvuti Nokia t21 128GB\u00a0, heas seisu- ja t\u00f6\u00f6korras! <\/p><p> KIRJELDUS <\/p><ul><li> Ekraan: 10,36 tolli, IPS LCD, eraldusv\u00f5ime 2000 \u00d7 1200 pikslit <\/li><li> Protsessor: Unisoc T612, 8-tuumaline <\/li><li> RAM: 4 GB <\/li><li> Sisem\u00e4lu: 128 GB <\/li><li> M\u00e4lukaardi tugi: microSD kuni 512 GB <\/li><li> Tagakaamera: 8 MP, autofookus <\/li><li> Esikaamera: 8 MP, fikseeritud fookus <\/li><li> Aku: 8200 mAh <\/li><li> Kiirlaadimine: 18 W <\/li><li> Heli: stereok\u00f5larid OZO Playback toega <\/li><li> \u00dchendused: Wi-Fi, Bluetooth 5.0, USB Type-C, 3,5 mm k\u00f5rvaklapipesa <\/li><li> Navigatsioon: GPS, A-GPS (LTE versioonis) <\/li><li> Korpuse materjal: alumiinium plastist servadega <\/li><li> Operatsioonis\u00fcsteem: Android 12 (uuendatav kuni Android 14) <\/li><li> M\u00f5\u00f5tmed: 247.5 \u00d7 157.3 \u00d7 7.5 mm <\/li><li> Kaal: umbes 471 g <\/li><\/ul>\n","protected":false},"excerpt":{"rendered":"<p>Tahvelarvuti Nokia t21 128GB\u00a0, heas seisu- ja t\u00f6\u00f6korras! KIRJELDUS Ekraan: 10,36 tolli, IPS LCD, eraldusv\u00f5ime 2000 \u00d7 1200 pikslit Protsessor: Unisoc T612, 8-tuumaline RAM: 4 GB Sisem\u00e4lu: 128 GB M\u00e4lukaardi tugi: microSD kuni 512 GB Tagakaamera: 8 MP, autofookus Esikaamera: 8 MP, fikseeritud fookus Aku: 8200 mAh Kiirlaadimine: 18 W Heli: stereok\u00f5larid OZO Playback toega [&hellip;]<\/p>\n","protected":false},"featured_media":29707,"comment_status":"closed","ping_status":"open","template":"","meta":{"inline_featured_image":false},"product_brand":[],"product_cat":[180],"product_tag":[],"class_list":{"0":"post-29706","1":"product","2":"type-product","3":"status-publish","4":"has-post-thumbnail","6":"product_cat-planshety","7":"pa_asukoht-mustamae","8":"pa_seisukord-ispolzovano","10":"first","11":"instock","12":"taxable","13":"shipping-taxable","14":"purchasable","15":"product-type-simple"},"_links":{"self":[{"href":"https:\/\/a-pant.ee\/ru\/wp-json\/wp\/v2\/product\/29706","targetHints":{"allow":["GET"]}}],"collection":[{"href":"https:\/\/a-pant.ee\/ru\/wp-json\/wp\/v2\/product"}],"about":[{"href":"https:\/\/a-pant.ee\/ru\/wp-json\/wp\/v2\/types\/product"}],"replies":[{"embeddable":true,"href":"https:\/\/a-pant.ee\/ru\/wp-json\/wp\/v2\/comments?post=29706"}],"wp:featuredmedia":[{"embeddable":true,"href":"https:\/\/a-pant.ee\/ru\/wp-json\/wp\/v2\/media\/29707"}],"wp:attachment":[{"href":"https:\/\/a-pant.ee\/ru\/wp-json\/wp\/v2\/media?parent=29706"}],"wp:term":[{"taxonomy":"product_brand","embeddable":true,"href":"https:\/\/a-pant.ee\/ru\/wp-json\/wp\/v2\/product_brand?post=29706"},{"taxonomy":"product_cat","embeddable":true,"href":"https:\/\/a-pant.ee\/ru\/wp-json\/wp\/v2\/product_cat?post=29706"},{"taxonomy":"product_tag","embeddable":true,"href":"https:\/\/a-pant.ee\/ru\/wp-json\/wp\/v2\/product_tag?post=29706"}],"curies":[{"name":"wp","href":"https:\/\/api.w.org\/{rel}","templated":true}]}}