{"id":29699,"date":"2026-02-04T12:17:18","date_gmt":"2026-02-04T09:17:18","guid":{"rendered":"https:\/\/a-pant.ee\/product\/akkumulyatornaya-drel-milwaukee-m18-cbldp\/"},"modified":"2026-02-22T12:26:26","modified_gmt":"2026-02-22T09:26:26","slug":"akkumulyatornaya-drel-milwaukee-m18-cblpd-ak-50ach","status":"publish","type":"product","link":"https:\/\/a-pant.ee\/ru\/product\/akkumulyatornaya-drel-milwaukee-m18-cblpd-ak-50ach\/","title":{"rendered":"\u0410\u043a\u043a\u0443\u043c\u0443\u043b\u044f\u0442\u043e\u0440\u043d\u0430\u044f \u0434\u0440\u0435\u043b\u044c Milwaukee M18 CBLPD + \u0430\u043a. 5,0\u0410\u0447"},"content":{"rendered":"\n<p> Akutrell Milwaukee M18 CBLPD + aku 5,0Ah\u00a0, heas seisu- ja t\u00f6\u00f6korras! <\/p><p> KIRJELDUS <\/p><p> Kategooria:\u00a0Trellid ja akut\u00f6\u00f6riistad <\/p><p> Kaubam\u00e4rk:\u00a0Milwaukee <\/p><p> P\u00f6\u00f6rete arv:\u00a0&#8212; min-1 <\/p><p> T\u00fc\u00fcp:\u00a0Trellid ja akut\u00f6\u00f6riistad <\/p>\n","protected":false},"excerpt":{"rendered":"<p>Akutrell Milwaukee M18 CBLPD + aku 5,0Ah\u00a0, heas seisu- ja t\u00f6\u00f6korras! KIRJELDUS Kategooria:\u00a0Trellid ja akut\u00f6\u00f6riistad Kaubam\u00e4rk:\u00a0Milwaukee P\u00f6\u00f6rete arv:\u00a0&#8212; min-1 T\u00fc\u00fcp:\u00a0Trellid ja akut\u00f6\u00f6riistad<\/p>\n","protected":false},"featured_media":29700,"comment_status":"closed","ping_status":"open","template":"","meta":{"inline_featured_image":false},"product_brand":[],"product_cat":[221],"product_tag":[],"class_list":{"0":"post-29699","1":"product","2":"type-product","3":"status-publish","4":"has-post-thumbnail","6":"product_cat-akkumulyatornye-dreli","7":"pa_asukoht-lasnamae","8":"pa_seisukord-ispolzovano","10":"first","11":"instock","12":"taxable","13":"shipping-taxable","14":"purchasable","15":"product-type-simple"},"_links":{"self":[{"href":"https:\/\/a-pant.ee\/ru\/wp-json\/wp\/v2\/product\/29699","targetHints":{"allow":["GET"]}}],"collection":[{"href":"https:\/\/a-pant.ee\/ru\/wp-json\/wp\/v2\/product"}],"about":[{"href":"https:\/\/a-pant.ee\/ru\/wp-json\/wp\/v2\/types\/product"}],"replies":[{"embeddable":true,"href":"https:\/\/a-pant.ee\/ru\/wp-json\/wp\/v2\/comments?post=29699"}],"wp:featuredmedia":[{"embeddable":true,"href":"https:\/\/a-pant.ee\/ru\/wp-json\/wp\/v2\/media\/29700"}],"wp:attachment":[{"href":"https:\/\/a-pant.ee\/ru\/wp-json\/wp\/v2\/media?parent=29699"}],"wp:term":[{"taxonomy":"product_brand","embeddable":true,"href":"https:\/\/a-pant.ee\/ru\/wp-json\/wp\/v2\/product_brand?post=29699"},{"taxonomy":"product_cat","embeddable":true,"href":"https:\/\/a-pant.ee\/ru\/wp-json\/wp\/v2\/product_cat?post=29699"},{"taxonomy":"product_tag","embeddable":true,"href":"https:\/\/a-pant.ee\/ru\/wp-json\/wp\/v2\/product_tag?post=29699"}],"curies":[{"name":"wp","href":"https:\/\/api.w.org\/{rel}","templated":true}]}}