{"id":29693,"date":"2026-02-04T12:17:18","date_gmt":"2026-02-04T09:17:18","guid":{"rendered":"https:\/\/a-pant.ee\/product\/sabelnaya-pila-milwaukee-m18-fsz-ak-4-0ach\/"},"modified":"2026-02-22T12:26:26","modified_gmt":"2026-02-22T09:26:26","slug":"sabelnaya-pila-milwaukee-m18-fsz-ak-40ach","status":"publish","type":"product","link":"https:\/\/a-pant.ee\/ru\/product\/sabelnaya-pila-milwaukee-m18-fsz-ak-40ach\/","title":{"rendered":"\u0421\u0430\u0431\u0435\u043b\u044c\u043d\u0430\u044f \u043f\u0438\u043b\u0430 Milwaukee M18 FSZ + \u0430\u043a. 4,0\u0410\u0447"},"content":{"rendered":"\n<p> Akutigersaag Milwaukee M18 FSZ + aku 4,0Ah\u00a0, heas seisu- ja t\u00f6\u00f6korras! <\/p><p> KIRJELDUS <\/p><p> Milwaukee M18 FSZ-0X. <\/p><p> Mootori t\u00fc\u00fcp: Harjadeta, <\/p><p> Toote v\u00e4rv: Must, Punane. <\/p><p> T\u00fchik\u00e4igu p\u00f6\u00f6rded (max): 3000 spm, <\/p><p> K\u00e4igupikkus: 3,2 cm, <\/p><p> L\u00f5ikamiss\u00fcgavus puidu puhul: 30 cm. <\/p><p> Toiteallikas: Patarei, <\/p><p> Aku pinge: 18 V <\/p>\n","protected":false},"excerpt":{"rendered":"<p>Akutigersaag Milwaukee M18 FSZ + aku 4,0Ah\u00a0, heas seisu- ja t\u00f6\u00f6korras! KIRJELDUS Milwaukee M18 FSZ-0X. Mootori t\u00fc\u00fcp: Harjadeta, Toote v\u00e4rv: Must, Punane. T\u00fchik\u00e4igu p\u00f6\u00f6rded (max): 3000 spm, K\u00e4igupikkus: 3,2 cm, L\u00f5ikamiss\u00fcgavus puidu puhul: 30 cm. Toiteallikas: Patarei, Aku pinge: 18 V<\/p>\n","protected":false},"featured_media":29694,"comment_status":"closed","ping_status":"open","template":"","meta":{"inline_featured_image":false},"product_brand":[],"product_cat":[243],"product_tag":[],"class_list":{"0":"post-29693","1":"product","2":"type-product","3":"status-publish","4":"has-post-thumbnail","6":"product_cat-sabelnye-pily","7":"pa_asukoht-lasnamae","8":"pa_seisukord-ispolzovano","10":"first","11":"instock","12":"taxable","13":"shipping-taxable","14":"purchasable","15":"product-type-simple"},"_links":{"self":[{"href":"https:\/\/a-pant.ee\/ru\/wp-json\/wp\/v2\/product\/29693","targetHints":{"allow":["GET"]}}],"collection":[{"href":"https:\/\/a-pant.ee\/ru\/wp-json\/wp\/v2\/product"}],"about":[{"href":"https:\/\/a-pant.ee\/ru\/wp-json\/wp\/v2\/types\/product"}],"replies":[{"embeddable":true,"href":"https:\/\/a-pant.ee\/ru\/wp-json\/wp\/v2\/comments?post=29693"}],"wp:featuredmedia":[{"embeddable":true,"href":"https:\/\/a-pant.ee\/ru\/wp-json\/wp\/v2\/media\/29694"}],"wp:attachment":[{"href":"https:\/\/a-pant.ee\/ru\/wp-json\/wp\/v2\/media?parent=29693"}],"wp:term":[{"taxonomy":"product_brand","embeddable":true,"href":"https:\/\/a-pant.ee\/ru\/wp-json\/wp\/v2\/product_brand?post=29693"},{"taxonomy":"product_cat","embeddable":true,"href":"https:\/\/a-pant.ee\/ru\/wp-json\/wp\/v2\/product_cat?post=29693"},{"taxonomy":"product_tag","embeddable":true,"href":"https:\/\/a-pant.ee\/ru\/wp-json\/wp\/v2\/product_tag?post=29693"}],"curies":[{"name":"wp","href":"https:\/\/api.w.org\/{rel}","templated":true}]}}