{"id":29687,"date":"2026-02-04T12:17:18","date_gmt":"2026-02-04T09:17:18","guid":{"rendered":"https:\/\/a-pant.ee\/product\/akkumulyator-makita-bl1830b-3-0ah\/"},"modified":"2026-02-22T12:26:26","modified_gmt":"2026-02-22T09:26:26","slug":"akkumulyator-makita-bl1830b-3-0ach","status":"publish","type":"product","link":"https:\/\/a-pant.ee\/ru\/product\/akkumulyator-makita-bl1830b-3-0ach\/","title":{"rendered":"\u0410\u043a\u043a\u0443\u043c\u0443\u043b\u044f\u0442\u043e\u0440 Makita BL1830B 3.0\u0410\u0447"},"content":{"rendered":"\n<p> Aku Makita BL1830B 3,0Ah\u00a0, heas seisu- ja t\u00f6\u00f6korras! <\/p><p> KIRJELDUS <\/p><ul><li> Aku pinge: 18 V. <\/li><li> Aku t\u00fc\u00fcp: Li-ion. <\/li><li> Aku maht: 3.0 Ah. <\/li><li> V\u00f5imsus: 54 Wh. <\/li><li> T\u00fc\u00fcp: BL1830B. <\/li><li> Kaal: 0.60 kg. <\/li><\/ul>\n","protected":false},"excerpt":{"rendered":"<p>Aku Makita BL1830B 3,0Ah\u00a0, heas seisu- ja t\u00f6\u00f6korras! KIRJELDUS Aku pinge: 18 V. Aku t\u00fc\u00fcp: Li-ion. Aku maht: 3.0 Ah. V\u00f5imsus: 54 Wh. T\u00fc\u00fcp: BL1830B. Kaal: 0.60 kg.<\/p>\n","protected":false},"featured_media":29688,"comment_status":"closed","ping_status":"closed","template":"","meta":{"inline_featured_image":false},"product_brand":[],"product_cat":[223],"product_tag":[],"class_list":{"0":"post-29687","1":"product","2":"type-product","3":"status-publish","4":"has-post-thumbnail","6":"product_cat-vsyo-dlya-instrumenta","7":"pa_asukoht-lasnamae","8":"pa_seisukord-ispolzovano","10":"first","11":"outofstock","12":"taxable","13":"shipping-taxable","14":"purchasable","15":"product-type-simple"},"_links":{"self":[{"href":"https:\/\/a-pant.ee\/ru\/wp-json\/wp\/v2\/product\/29687","targetHints":{"allow":["GET"]}}],"collection":[{"href":"https:\/\/a-pant.ee\/ru\/wp-json\/wp\/v2\/product"}],"about":[{"href":"https:\/\/a-pant.ee\/ru\/wp-json\/wp\/v2\/types\/product"}],"replies":[{"embeddable":true,"href":"https:\/\/a-pant.ee\/ru\/wp-json\/wp\/v2\/comments?post=29687"}],"wp:featuredmedia":[{"embeddable":true,"href":"https:\/\/a-pant.ee\/ru\/wp-json\/wp\/v2\/media\/29688"}],"wp:attachment":[{"href":"https:\/\/a-pant.ee\/ru\/wp-json\/wp\/v2\/media?parent=29687"}],"wp:term":[{"taxonomy":"product_brand","embeddable":true,"href":"https:\/\/a-pant.ee\/ru\/wp-json\/wp\/v2\/product_brand?post=29687"},{"taxonomy":"product_cat","embeddable":true,"href":"https:\/\/a-pant.ee\/ru\/wp-json\/wp\/v2\/product_cat?post=29687"},{"taxonomy":"product_tag","embeddable":true,"href":"https:\/\/a-pant.ee\/ru\/wp-json\/wp\/v2\/product_tag?post=29687"}],"curies":[{"name":"wp","href":"https:\/\/api.w.org\/{rel}","templated":true}]}}