{"id":29679,"date":"2026-02-04T12:17:18","date_gmt":"2026-02-04T09:17:18","guid":{"rendered":"https:\/\/a-pant.ee\/product\/lazernyj-nivelir-kapro-872-trenoga\/"},"modified":"2026-02-22T12:26:26","modified_gmt":"2026-02-22T09:26:26","slug":"lazernyj-nivelir-kapro-872-trenoga","status":"publish","type":"product","link":"https:\/\/a-pant.ee\/ru\/product\/lazernyj-nivelir-kapro-872-trenoga\/","title":{"rendered":"\u041b\u0430\u0437\u0435\u0440\u043d\u044b\u0439 \u043d\u0438\u0432\u0435\u043b\u0438\u0440 Kapro 872 + \u0442\u0440\u0435\u043d\u043e\u0433\u0430"},"content":{"rendered":"\n<p><strong> Laser nivelir Kapro 872 + jalg <\/strong> \u00a0, heas seisu- ja t\u00f6\u00f6korras! <\/p><p> KIRJELDUS <\/p><ul><li><strong> T\u00fc\u00fcp <\/strong> : Lineaarne laserlood (1 horisontaalne + 1 vertikaalne joon) <\/li><li><strong> T\u00e4psus <\/strong> : \u00b10,2 mm\/m <\/li><li><strong> T\u00f6\u00f6ulatus <\/strong> : kuni 30 m <\/li><li><strong> Isejoondumine <\/strong> : \u00b13\u00b0 <\/li><li><strong> Impulssre\u017eiim <\/strong> : olemas <\/li><li><strong> Kaitseklass <\/strong> : IP54 <\/li><li><strong> Toide <\/strong> : 3\u00d7AA patareid <\/li><li><strong> Keere <\/strong> : 1\/4\u2033 + adapter 5\/8\u2033 jaoks <\/li><\/ul>\n","protected":false},"excerpt":{"rendered":"<p>Laser nivelir Kapro 872 + jalg \u00a0, heas seisu- ja t\u00f6\u00f6korras! KIRJELDUS T\u00fc\u00fcp : Lineaarne laserlood (1 horisontaalne + 1 vertikaalne joon) T\u00e4psus : \u00b10,2 mm\/m T\u00f6\u00f6ulatus : kuni 30 m Isejoondumine : \u00b13\u00b0 Impulssre\u017eiim : olemas Kaitseklass : IP54 Toide : 3\u00d7AA patareid Keere : 1\/4\u2033 + adapter 5\/8\u2033 jaoks<\/p>\n","protected":false},"featured_media":29680,"comment_status":"closed","ping_status":"open","template":"","meta":{"inline_featured_image":false},"product_brand":[],"product_cat":[232],"product_tag":[],"class_list":{"0":"post-29679","1":"product","2":"type-product","3":"status-publish","4":"has-post-thumbnail","6":"product_cat-lazernye-niveliry","7":"pa_asukoht-lasnamae","8":"pa_seisukord-ispolzovano","10":"first","11":"instock","12":"taxable","13":"shipping-taxable","14":"purchasable","15":"product-type-simple"},"_links":{"self":[{"href":"https:\/\/a-pant.ee\/ru\/wp-json\/wp\/v2\/product\/29679","targetHints":{"allow":["GET"]}}],"collection":[{"href":"https:\/\/a-pant.ee\/ru\/wp-json\/wp\/v2\/product"}],"about":[{"href":"https:\/\/a-pant.ee\/ru\/wp-json\/wp\/v2\/types\/product"}],"replies":[{"embeddable":true,"href":"https:\/\/a-pant.ee\/ru\/wp-json\/wp\/v2\/comments?post=29679"}],"wp:featuredmedia":[{"embeddable":true,"href":"https:\/\/a-pant.ee\/ru\/wp-json\/wp\/v2\/media\/29680"}],"wp:attachment":[{"href":"https:\/\/a-pant.ee\/ru\/wp-json\/wp\/v2\/media?parent=29679"}],"wp:term":[{"taxonomy":"product_brand","embeddable":true,"href":"https:\/\/a-pant.ee\/ru\/wp-json\/wp\/v2\/product_brand?post=29679"},{"taxonomy":"product_cat","embeddable":true,"href":"https:\/\/a-pant.ee\/ru\/wp-json\/wp\/v2\/product_cat?post=29679"},{"taxonomy":"product_tag","embeddable":true,"href":"https:\/\/a-pant.ee\/ru\/wp-json\/wp\/v2\/product_tag?post=29679"}],"curies":[{"name":"wp","href":"https:\/\/api.w.org\/{rel}","templated":true}]}}