{"id":29622,"date":"2026-02-04T12:12:55","date_gmt":"2026-02-04T09:12:55","guid":{"rendered":"https:\/\/a-pant.ee\/product\/mobilnyj-telefon-apple-iphone-xs-256gb\/"},"modified":"2026-02-22T12:26:29","modified_gmt":"2026-02-22T09:26:29","slug":"mobilnyj-telefon-apple-iphone-xs-256gb-ak-74-chehol","status":"publish","type":"product","link":"https:\/\/a-pant.ee\/ru\/product\/mobilnyj-telefon-apple-iphone-xs-256gb-ak-74-chehol\/","title":{"rendered":"\u041c\u043e\u0431\u0438\u043b\u044c\u043d\u044b\u0439 \u0442\u0435\u043b\u0435\u0444\u043e\u043d Apple Iphone Xs 256Gb \u0430\u043a. 74% + \u0447\u0435\u0445\u043e\u043b"},"content":{"rendered":"\n<p> Mobiiltelefon Apple Iphone Xs 256Gb aku 74% + \u00fcmbrik\u00a0, heas seisu- ja t\u00f6\u00f6korras! <\/p><p> KIRJELDUS <\/p><p> Kategooria:\u00a0Mobiiltelefonid <\/p><p> V\u00e4rv:\u00a0Must <\/p><p> WiFi: Jah <\/p><p> Bluetooth: Jah <\/p><p> Ekraani t\u00fc\u00fcp: Super Retina HD <\/p><p> Diagonaal (tollid): 5.8 <\/p><p> Resolutsioon:\u00a02436 x 1125 <\/p><p> Tagakaamera: 12 + 12 Mpx <\/p><p> Esikaamera: 7 Mpx <\/p><p> Protsessori t\u00fc\u00fcp: Apple A12 Bionic <\/p><p> Sisem\u00e4lu: 256 GB <\/p><p> Aku mahutavus: 2658 mAh <\/p><p> Operatsioonis\u00fcsteem: iOS <\/p><p> Versioon: &#8212; <\/p><p> Kaal: 177 g <\/p><p> Tootja v\u00e4rv: Must <\/p><p> Kaubam\u00e4rk: Apple <\/p><p> Seisukord:\u00a0Kasutatud <\/p><p> Mudel: Apple iPhone XS <\/p><p> Operatiivm\u00e4lu (RAM): 4000 MB <\/p>\n","protected":false},"excerpt":{"rendered":"<p>Mobiiltelefon Apple Iphone Xs 256Gb aku 74% + \u00fcmbrik\u00a0, heas seisu- ja t\u00f6\u00f6korras! KIRJELDUS Kategooria:\u00a0Mobiiltelefonid V\u00e4rv:\u00a0Must WiFi: Jah Bluetooth: Jah Ekraani t\u00fc\u00fcp: Super Retina HD Diagonaal (tollid): 5.8 Resolutsioon:\u00a02436 x 1125 Tagakaamera: 12 + 12 Mpx Esikaamera: 7 Mpx Protsessori t\u00fc\u00fcp: Apple A12 Bionic Sisem\u00e4lu: 256 GB Aku mahutavus: 2658 mAh Operatsioonis\u00fcsteem: iOS Versioon: &#8212; [&hellip;]<\/p>\n","protected":false},"featured_media":29623,"comment_status":"closed","ping_status":"open","template":"","meta":{"inline_featured_image":false},"product_brand":[],"product_cat":[171],"product_tag":[],"class_list":{"0":"post-29622","1":"product","2":"type-product","3":"status-publish","4":"has-post-thumbnail","6":"product_cat-mobilnye-telefony","7":"pa_asukoht-lasnamae","8":"pa_seisukord-ispolzovano","10":"first","11":"instock","12":"taxable","13":"shipping-taxable","14":"purchasable","15":"product-type-simple"},"_links":{"self":[{"href":"https:\/\/a-pant.ee\/ru\/wp-json\/wp\/v2\/product\/29622","targetHints":{"allow":["GET"]}}],"collection":[{"href":"https:\/\/a-pant.ee\/ru\/wp-json\/wp\/v2\/product"}],"about":[{"href":"https:\/\/a-pant.ee\/ru\/wp-json\/wp\/v2\/types\/product"}],"replies":[{"embeddable":true,"href":"https:\/\/a-pant.ee\/ru\/wp-json\/wp\/v2\/comments?post=29622"}],"wp:featuredmedia":[{"embeddable":true,"href":"https:\/\/a-pant.ee\/ru\/wp-json\/wp\/v2\/media\/29623"}],"wp:attachment":[{"href":"https:\/\/a-pant.ee\/ru\/wp-json\/wp\/v2\/media?parent=29622"}],"wp:term":[{"taxonomy":"product_brand","embeddable":true,"href":"https:\/\/a-pant.ee\/ru\/wp-json\/wp\/v2\/product_brand?post=29622"},{"taxonomy":"product_cat","embeddable":true,"href":"https:\/\/a-pant.ee\/ru\/wp-json\/wp\/v2\/product_cat?post=29622"},{"taxonomy":"product_tag","embeddable":true,"href":"https:\/\/a-pant.ee\/ru\/wp-json\/wp\/v2\/product_tag?post=29622"}],"curies":[{"name":"wp","href":"https:\/\/api.w.org\/{rel}","templated":true}]}}