{"id":29616,"date":"2026-02-04T12:12:55","date_gmt":"2026-02-04T09:12:55","guid":{"rendered":"https:\/\/a-pant.ee\/product\/chasy-guess-w0366g1-korobka\/"},"modified":"2026-02-22T12:26:29","modified_gmt":"2026-02-22T09:26:29","slug":"chasy-guess-w0366g1-korobka","status":"publish","type":"product","link":"https:\/\/a-pant.ee\/ru\/product\/chasy-guess-w0366g1-korobka\/","title":{"rendered":"\u0427\u0430\u0441\u044b Guess W0366G1 + \u041a\u043e\u0440\u043e\u0431\u043a\u0430"},"content":{"rendered":"\n<p> K\u00e4ekellad Guess W0366G1 + Karp\u00a0, heas seisu- ja t\u00f6\u00f6korras! <\/p><p> KIRJELDUS <\/p><ul><li> T\u00fc\u00fcp: k\u00e4ekell <\/li><li> Mehhanism: kvarts <\/li><li> Ajan\u00e4idik: 12-tunnine <\/li><li> Kellaplaat: analoog <\/li><li> Klaas: mineraalklaas <\/li><li> Funktsioonid: kuup\u00e4ev, n\u00e4dalap\u00e4ev, 24-tunni n\u00e4idik <\/li><li> Veekindlus: 100 m (10 ATM) \u2014 sobib ujumiseks, kuid mitte sukeldumiseks <\/li><li> Korpus: roostevabast terasest <\/li><li> Korpuse tagak\u00fclg: keeratav <\/li><li> Rihm: komposiitmaterjalist \u2014 silikoon roostevabast terasest detailidega <\/li><li> Korpuse l\u00e4bim\u00f5\u00f5t: umbes 45 mm <\/li><li> Korpuse paksus: umbes 12 mm <\/li><\/ul>\n","protected":false},"excerpt":{"rendered":"<p>K\u00e4ekellad Guess W0366G1 + Karp\u00a0, heas seisu- ja t\u00f6\u00f6korras! KIRJELDUS T\u00fc\u00fcp: k\u00e4ekell Mehhanism: kvarts Ajan\u00e4idik: 12-tunnine Kellaplaat: analoog Klaas: mineraalklaas Funktsioonid: kuup\u00e4ev, n\u00e4dalap\u00e4ev, 24-tunni n\u00e4idik Veekindlus: 100 m (10 ATM) \u2014 sobib ujumiseks, kuid mitte sukeldumiseks Korpus: roostevabast terasest Korpuse tagak\u00fclg: keeratav Rihm: komposiitmaterjalist \u2014 silikoon roostevabast terasest detailidega Korpuse l\u00e4bim\u00f5\u00f5t: umbes 45 mm Korpuse [&hellip;]<\/p>\n","protected":false},"featured_media":29617,"comment_status":"closed","ping_status":"open","template":"","meta":{"inline_featured_image":false},"product_brand":[],"product_cat":[211],"product_tag":[],"class_list":{"0":"post-29616","1":"product","2":"type-product","3":"status-publish","4":"has-post-thumbnail","6":"product_cat-muzhskie-chasy","7":"pa_asukoht-mustamae","8":"pa_seisukord-ispolzovano","10":"first","11":"instock","12":"taxable","13":"shipping-taxable","14":"purchasable","15":"product-type-simple"},"_links":{"self":[{"href":"https:\/\/a-pant.ee\/ru\/wp-json\/wp\/v2\/product\/29616","targetHints":{"allow":["GET"]}}],"collection":[{"href":"https:\/\/a-pant.ee\/ru\/wp-json\/wp\/v2\/product"}],"about":[{"href":"https:\/\/a-pant.ee\/ru\/wp-json\/wp\/v2\/types\/product"}],"replies":[{"embeddable":true,"href":"https:\/\/a-pant.ee\/ru\/wp-json\/wp\/v2\/comments?post=29616"}],"wp:featuredmedia":[{"embeddable":true,"href":"https:\/\/a-pant.ee\/ru\/wp-json\/wp\/v2\/media\/29617"}],"wp:attachment":[{"href":"https:\/\/a-pant.ee\/ru\/wp-json\/wp\/v2\/media?parent=29616"}],"wp:term":[{"taxonomy":"product_brand","embeddable":true,"href":"https:\/\/a-pant.ee\/ru\/wp-json\/wp\/v2\/product_brand?post=29616"},{"taxonomy":"product_cat","embeddable":true,"href":"https:\/\/a-pant.ee\/ru\/wp-json\/wp\/v2\/product_cat?post=29616"},{"taxonomy":"product_tag","embeddable":true,"href":"https:\/\/a-pant.ee\/ru\/wp-json\/wp\/v2\/product_tag?post=29616"}],"curies":[{"name":"wp","href":"https:\/\/api.w.org\/{rel}","templated":true}]}}