{"id":29610,"date":"2026-02-04T12:12:55","date_gmt":"2026-02-04T09:12:55","guid":{"rendered":"https:\/\/a-pant.ee\/product\/hi-fi-sistema-sony-mhc-v73d\/"},"modified":"2026-02-22T12:26:29","modified_gmt":"2026-02-22T09:26:29","slug":"hi-fi-sistema-sony-mhc-v73d-pult-kabel","status":"publish","type":"product","link":"https:\/\/a-pant.ee\/ru\/product\/hi-fi-sistema-sony-mhc-v73d-pult-kabel\/","title":{"rendered":"Hi-FI \u0421\u0438\u0441\u0442\u0435\u043c\u0430 Sony mhc-v73d + \u041f\u0443\u043b\u044c\u0442 + \u041a\u0430\u0431\u0435\u043b\u044c"},"content":{"rendered":"\n<p> M\u00fc\u00fcakse\u00a0Hi-FI K\u00f5lar Sony mhc-v73d + Pult + Juhe\u00a0, heas seisu- ja t\u00f6\u00f6korras! <\/p><p> KIRJELDUS <\/p><ul><li> T\u00fc\u00fcp: suure v\u00f5imsusega helis\u00fcsteem (Hi-Fi Party System) <\/li><li> V\u00f5imsus: umbes 1440 W (PMPO) <\/li><li> Toetatavad formaadid: DVD, CD, USB, MP3, WMA <\/li><li> \u00dchenduvus: <ul><li> Bluetooth <\/li><li> NFC <\/li><li> USB <\/li><li> HDMI ARC <\/li><li> Helisisend (RCA) <\/li><li> Mikrofonisisend ja kitarrisisend <\/li><\/ul><\/li><li> Rakenduste tugi: Fiestable, Music Center <\/li><li> Ekvalaiser: \u017eanrip\u00f5hised eelseaded <\/li><li> DJ- ja karaokefunktsioonid <\/li><li> Valgustus: LED-valgus- ja valgusefektid <\/li><li> Dolby Digital tugi <\/li><li> Raadio: FM-tuuner <\/li><li> V\u00f5imalus \u00fchendada teiste Sony s\u00fcsteemidega (Party Chain, Wireless Party Chain) <\/li><li> Rattad ja k\u00e4epide mugavaks liigutamiseks <\/li><\/ul>\n","protected":false},"excerpt":{"rendered":"<p>M\u00fc\u00fcakse\u00a0Hi-FI K\u00f5lar Sony mhc-v73d + Pult + Juhe\u00a0, heas seisu- ja t\u00f6\u00f6korras! KIRJELDUS T\u00fc\u00fcp: suure v\u00f5imsusega helis\u00fcsteem (Hi-Fi Party System) V\u00f5imsus: umbes 1440 W (PMPO) Toetatavad formaadid: DVD, CD, USB, MP3, WMA \u00dchenduvus: Bluetooth NFC USB HDMI ARC Helisisend (RCA) Mikrofonisisend ja kitarrisisend Rakenduste tugi: Fiestable, Music Center Ekvalaiser: \u017eanrip\u00f5hised eelseaded DJ- ja karaokefunktsioonid Valgustus: [&hellip;]<\/p>\n","protected":false},"featured_media":29611,"comment_status":"closed","ping_status":"closed","template":"","meta":{"inline_featured_image":false},"product_brand":[],"product_cat":[167],"product_tag":[],"class_list":{"0":"post-29610","1":"product","2":"type-product","3":"status-publish","4":"has-post-thumbnail","6":"product_cat-kolonki","7":"product_shipping_class-oversize","8":"pa_asukoht-mustamae","9":"pa_seisukord-ispolzovano","11":"first","12":"instock","13":"taxable","14":"shipping-taxable","15":"purchasable","16":"product-type-simple"},"_links":{"self":[{"href":"https:\/\/a-pant.ee\/ru\/wp-json\/wp\/v2\/product\/29610","targetHints":{"allow":["GET"]}}],"collection":[{"href":"https:\/\/a-pant.ee\/ru\/wp-json\/wp\/v2\/product"}],"about":[{"href":"https:\/\/a-pant.ee\/ru\/wp-json\/wp\/v2\/types\/product"}],"replies":[{"embeddable":true,"href":"https:\/\/a-pant.ee\/ru\/wp-json\/wp\/v2\/comments?post=29610"}],"wp:featuredmedia":[{"embeddable":true,"href":"https:\/\/a-pant.ee\/ru\/wp-json\/wp\/v2\/media\/29611"}],"wp:attachment":[{"href":"https:\/\/a-pant.ee\/ru\/wp-json\/wp\/v2\/media?parent=29610"}],"wp:term":[{"taxonomy":"product_brand","embeddable":true,"href":"https:\/\/a-pant.ee\/ru\/wp-json\/wp\/v2\/product_brand?post=29610"},{"taxonomy":"product_cat","embeddable":true,"href":"https:\/\/a-pant.ee\/ru\/wp-json\/wp\/v2\/product_cat?post=29610"},{"taxonomy":"product_tag","embeddable":true,"href":"https:\/\/a-pant.ee\/ru\/wp-json\/wp\/v2\/product_tag?post=29610"}],"curies":[{"name":"wp","href":"https:\/\/api.w.org\/{rel}","templated":true}]}}