{"id":29597,"date":"2026-02-04T12:12:55","date_gmt":"2026-02-04T09:12:55","guid":{"rendered":"https:\/\/a-pant.ee\/product\/udarnyj-shurupovert-makita-dtd156\/"},"modified":"2026-02-22T12:26:29","modified_gmt":"2026-02-22T09:26:29","slug":"udarnyj-shurupovert-makita-dtd156-aku-50ach","status":"publish","type":"product","link":"https:\/\/a-pant.ee\/ru\/product\/udarnyj-shurupovert-makita-dtd156-aku-50ach\/","title":{"rendered":"\u0423\u0434\u0430\u0440\u043d\u044b\u0439 \u0448\u0443\u0440\u0443\u043f\u043e\u0432\u0435\u0440\u0442 Makita DTD156 + \u0410\u043a\u0443 5,0\u0410\u0447"},"content":{"rendered":"\n<p><strong> L\u00f6\u00f6kkruvikeeraja Makita DTD156 + Aku 5.0Ah <\/strong> \u00a0, \u00a0t\u00f6\u00f6korras! <\/p><p> KIRJELDUS <\/p><p><strong> Tootja: <\/strong> MAKITA <br \/><strong> Aku pinge: <\/strong> 18 V <br \/><strong> Aku t\u00fc\u00fcp: <\/strong> Li-Ion <br \/><strong> Maksimaalne p\u00f6\u00f6rdemoment: <\/strong> 155 Nm <br \/><strong> Kaal: <\/strong> 1,3 kg <br \/><strong> T\u00f6\u00f6re\u017eiimid: <\/strong> Puurimine \/ kruvimine \/ l\u00f6\u00f6kpuurimine <br \/><strong> Toite t\u00fc\u00fcp: <\/strong> Akutoitel <br \/><strong> Padruni t\u00fc\u00fcp: <\/strong> Sisemine kuuskant <\/p>\n","protected":false},"excerpt":{"rendered":"<p>L\u00f6\u00f6kkruvikeeraja Makita DTD156 + Aku 5.0Ah \u00a0, \u00a0t\u00f6\u00f6korras! KIRJELDUS Tootja: MAKITA Aku pinge: 18 V Aku t\u00fc\u00fcp: Li-Ion Maksimaalne p\u00f6\u00f6rdemoment: 155 Nm Kaal: 1,3 kg T\u00f6\u00f6re\u017eiimid: Puurimine \/ kruvimine \/ l\u00f6\u00f6kpuurimine Toite t\u00fc\u00fcp: Akutoitel Padruni t\u00fc\u00fcp: Sisemine kuuskant<\/p>\n","protected":false},"featured_media":29598,"comment_status":"closed","ping_status":"open","template":"","meta":{"inline_featured_image":false},"product_brand":[],"product_cat":[231],"product_tag":[],"class_list":{"0":"post-29597","1":"product","2":"type-product","3":"status-publish","4":"has-post-thumbnail","6":"product_cat-shurupoverty","7":"pa_asukoht-lasnamae","8":"pa_seisukord-ispolzovano","10":"first","11":"instock","12":"taxable","13":"shipping-taxable","14":"purchasable","15":"product-type-simple"},"_links":{"self":[{"href":"https:\/\/a-pant.ee\/ru\/wp-json\/wp\/v2\/product\/29597","targetHints":{"allow":["GET"]}}],"collection":[{"href":"https:\/\/a-pant.ee\/ru\/wp-json\/wp\/v2\/product"}],"about":[{"href":"https:\/\/a-pant.ee\/ru\/wp-json\/wp\/v2\/types\/product"}],"replies":[{"embeddable":true,"href":"https:\/\/a-pant.ee\/ru\/wp-json\/wp\/v2\/comments?post=29597"}],"wp:featuredmedia":[{"embeddable":true,"href":"https:\/\/a-pant.ee\/ru\/wp-json\/wp\/v2\/media\/29598"}],"wp:attachment":[{"href":"https:\/\/a-pant.ee\/ru\/wp-json\/wp\/v2\/media?parent=29597"}],"wp:term":[{"taxonomy":"product_brand","embeddable":true,"href":"https:\/\/a-pant.ee\/ru\/wp-json\/wp\/v2\/product_brand?post=29597"},{"taxonomy":"product_cat","embeddable":true,"href":"https:\/\/a-pant.ee\/ru\/wp-json\/wp\/v2\/product_cat?post=29597"},{"taxonomy":"product_tag","embeddable":true,"href":"https:\/\/a-pant.ee\/ru\/wp-json\/wp\/v2\/product_tag?post=29597"}],"curies":[{"name":"wp","href":"https:\/\/api.w.org\/{rel}","templated":true}]}}