{"id":29591,"date":"2026-02-04T12:12:55","date_gmt":"2026-02-04T09:12:55","guid":{"rendered":"https:\/\/a-pant.ee\/product\/naruchnye-chasy-maseratti-91442\/"},"modified":"2026-02-22T12:26:29","modified_gmt":"2026-02-22T09:26:29","slug":"naruchnye-chasy-maseratti-91442","status":"publish","type":"product","link":"https:\/\/a-pant.ee\/ru\/product\/naruchnye-chasy-maseratti-91442\/","title":{"rendered":"\u041d\u0430\u0440\u0443\u0447\u043d\u044b\u0435 \u0447\u0430\u0441\u044b Maseratti 91442"},"content":{"rendered":"\n<p> M\u00fc\u00fcakse\u00a0K\u00e4ekellad Maseratti 91442, heas seisu- ja t\u00f6\u00f6korras! <\/p><p> Vaata meie teised kuulutused! <\/p><p> Mustam\u00e4e, Vilde Tee 96 <\/p><p> KIRJELDUS <\/p><p> Mehhanismi t\u00fc\u00fcp: kvartsmehhanism <\/p><p> Mehhanismi kaliiber: Seiko VD53 <\/p><p> Ajan\u00e4idustus: 12-tunnine formaadis <\/p><p> Kuva: analoog <\/p><p> Korpuse materjal: roostevaba teras <\/p><p> Klaas: mineraalklaas <\/p><p> Veekindlus: kuni 100 m (10 ATM) \u2014 sobib ujumiseks, kuid mitte sukeldumiseks <\/p><p> Funktsioonid: <\/p><p> Kronograaf <\/p><p> Stopper <\/p><p> Kuup\u00e4eva n\u00e4it <\/p><p> Korpuse l\u00e4bim\u00f5\u00f5t: umbes 44 mm <\/p><p> Korpuse paksus: umbes 11 mm <\/p><p> Kinnitus: klassikaline pannal <\/p>\n","protected":false},"excerpt":{"rendered":"<p>M\u00fc\u00fcakse\u00a0K\u00e4ekellad Maseratti 91442, heas seisu- ja t\u00f6\u00f6korras! Vaata meie teised kuulutused! Mustam\u00e4e, Vilde Tee 96 KIRJELDUS Mehhanismi t\u00fc\u00fcp: kvartsmehhanism Mehhanismi kaliiber: Seiko VD53 Ajan\u00e4idustus: 12-tunnine formaadis Kuva: analoog Korpuse materjal: roostevaba teras Klaas: mineraalklaas Veekindlus: kuni 100 m (10 ATM) \u2014 sobib ujumiseks, kuid mitte sukeldumiseks Funktsioonid: Kronograaf Stopper Kuup\u00e4eva n\u00e4it Korpuse l\u00e4bim\u00f5\u00f5t: umbes 44 [&hellip;]<\/p>\n","protected":false},"featured_media":29592,"comment_status":"closed","ping_status":"open","template":"","meta":{"inline_featured_image":false},"product_brand":[],"product_cat":[211],"product_tag":[],"class_list":{"0":"post-29591","1":"product","2":"type-product","3":"status-publish","4":"has-post-thumbnail","6":"product_cat-muzhskie-chasy","7":"pa_asukoht-mustamae","8":"pa_seisukord-ispolzovano","10":"first","11":"instock","12":"taxable","13":"shipping-taxable","14":"purchasable","15":"product-type-simple"},"_links":{"self":[{"href":"https:\/\/a-pant.ee\/ru\/wp-json\/wp\/v2\/product\/29591","targetHints":{"allow":["GET"]}}],"collection":[{"href":"https:\/\/a-pant.ee\/ru\/wp-json\/wp\/v2\/product"}],"about":[{"href":"https:\/\/a-pant.ee\/ru\/wp-json\/wp\/v2\/types\/product"}],"replies":[{"embeddable":true,"href":"https:\/\/a-pant.ee\/ru\/wp-json\/wp\/v2\/comments?post=29591"}],"wp:featuredmedia":[{"embeddable":true,"href":"https:\/\/a-pant.ee\/ru\/wp-json\/wp\/v2\/media\/29592"}],"wp:attachment":[{"href":"https:\/\/a-pant.ee\/ru\/wp-json\/wp\/v2\/media?parent=29591"}],"wp:term":[{"taxonomy":"product_brand","embeddable":true,"href":"https:\/\/a-pant.ee\/ru\/wp-json\/wp\/v2\/product_brand?post=29591"},{"taxonomy":"product_cat","embeddable":true,"href":"https:\/\/a-pant.ee\/ru\/wp-json\/wp\/v2\/product_cat?post=29591"},{"taxonomy":"product_tag","embeddable":true,"href":"https:\/\/a-pant.ee\/ru\/wp-json\/wp\/v2\/product_tag?post=29591"}],"curies":[{"name":"wp","href":"https:\/\/api.w.org\/{rel}","templated":true}]}}