{"id":29577,"date":"2026-02-04T12:12:55","date_gmt":"2026-02-04T09:12:55","guid":{"rendered":"https:\/\/a-pant.ee\/product\/shurupovert-lentochnyj-milwaukee-m18-fsg-komplekt\/"},"modified":"2026-02-22T12:26:28","modified_gmt":"2026-02-22T09:26:28","slug":"shurupovert-lentochnyj-milwaukee-m18-fsg-30ach","status":"publish","type":"product","link":"https:\/\/a-pant.ee\/ru\/product\/shurupovert-lentochnyj-milwaukee-m18-fsg-30ach\/","title":{"rendered":"\u0428\u0443\u0440\u0443\u043f\u043e\u0432\u0435\u0440\u0442 \u043b\u0435\u043d\u0442\u043e\u0447\u043d\u044b\u0439 Milwaukee M18 FSG + 3,0\u0410\u0447"},"content":{"rendered":"\n<p> Kruuvikeeraja Milwaukee M18 FSG + aku 2.0ah + aku 2.0ah + laadija + kohver, heas seisu- ja t\u00f6\u00f6korras! <\/p><p> KIRJELDUS <\/p><p> Tootja Milwaukee <br \/> Kaal 3 kg <br \/> Kogukaal koos pakendiga 3.87 kg <br \/> Mootori t\u00fc\u00fcp Akutoitega <br \/> Kiirus koormuseta 0 &#8212; 4500 min-1 <br \/> Maksimaalne kiirus 4500 \/min <br \/> Akukeemia Li-Ion (Liitiumioonaku) <br \/> Akut\u00f6\u00f6riistade tehnoloogia Milwaukee M18 FUEL\u2122 (18V) <br \/> Aku pinge 18 V <br \/> Sisseehitatud LED-valgustus Jah <br \/> Maksimaalne j\u00f5umoment 13 Nm <\/p>\n","protected":false},"excerpt":{"rendered":"<p>Kruuvikeeraja Milwaukee M18 FSG + aku 2.0ah + aku 2.0ah + laadija + kohver, heas seisu- ja t\u00f6\u00f6korras! KIRJELDUS Tootja Milwaukee Kaal 3 kg Kogukaal koos pakendiga 3.87 kg Mootori t\u00fc\u00fcp Akutoitega Kiirus koormuseta 0 &#8212; 4500 min-1 Maksimaalne kiirus 4500 \/min Akukeemia Li-Ion (Liitiumioonaku) Akut\u00f6\u00f6riistade tehnoloogia Milwaukee M18 FUEL\u2122 (18V) Aku pinge 18 V [&hellip;]<\/p>\n","protected":false},"featured_media":29578,"comment_status":"closed","ping_status":"open","template":"","meta":{"inline_featured_image":false},"product_brand":[],"product_cat":[231],"product_tag":[],"class_list":{"0":"post-29577","1":"product","2":"type-product","3":"status-publish","4":"has-post-thumbnail","6":"product_cat-shurupoverty","7":"pa_asukoht-mustamae","8":"pa_seisukord-ispolzovano","10":"first","11":"instock","12":"taxable","13":"shipping-taxable","14":"purchasable","15":"product-type-simple"},"_links":{"self":[{"href":"https:\/\/a-pant.ee\/ru\/wp-json\/wp\/v2\/product\/29577","targetHints":{"allow":["GET"]}}],"collection":[{"href":"https:\/\/a-pant.ee\/ru\/wp-json\/wp\/v2\/product"}],"about":[{"href":"https:\/\/a-pant.ee\/ru\/wp-json\/wp\/v2\/types\/product"}],"replies":[{"embeddable":true,"href":"https:\/\/a-pant.ee\/ru\/wp-json\/wp\/v2\/comments?post=29577"}],"wp:featuredmedia":[{"embeddable":true,"href":"https:\/\/a-pant.ee\/ru\/wp-json\/wp\/v2\/media\/29578"}],"wp:attachment":[{"href":"https:\/\/a-pant.ee\/ru\/wp-json\/wp\/v2\/media?parent=29577"}],"wp:term":[{"taxonomy":"product_brand","embeddable":true,"href":"https:\/\/a-pant.ee\/ru\/wp-json\/wp\/v2\/product_brand?post=29577"},{"taxonomy":"product_cat","embeddable":true,"href":"https:\/\/a-pant.ee\/ru\/wp-json\/wp\/v2\/product_cat?post=29577"},{"taxonomy":"product_tag","embeddable":true,"href":"https:\/\/a-pant.ee\/ru\/wp-json\/wp\/v2\/product_tag?post=29577"}],"curies":[{"name":"wp","href":"https:\/\/api.w.org\/{rel}","templated":true}]}}