{"id":29570,"date":"2026-02-04T12:12:55","date_gmt":"2026-02-04T09:12:55","guid":{"rendered":"https:\/\/a-pant.ee\/product\/tsirkulyarnaya-pila-milwaukee-m18-fmcs-komplekt\/"},"modified":"2026-02-22T12:26:28","modified_gmt":"2026-02-22T09:26:28","slug":"czirkulyarnaya-pila-milwaukee-m18-fmcs-komplekt","status":"publish","type":"product","link":"https:\/\/a-pant.ee\/ru\/product\/czirkulyarnaya-pila-milwaukee-m18-fmcs-komplekt\/","title":{"rendered":"\u0426\u0438\u0440\u043a\u0443\u043b\u044f\u0440\u043d\u0430\u044f \u043f\u0438\u043b\u0430 Milwaukee M18 FMCS \u043a\u043e\u043c\u043f\u043b\u0435\u043a\u0442"},"content":{"rendered":"\n<p> Kettasaag Milwaukee M18 FMCS komplekt + aku 5.0Ah + laadija + kohver, heas seisu- ja t\u00f6\u00f6korras! <\/p><p> KIRJELDUS <\/p><p> Pinge: 18V <br \/> Kaasasolevate akude arv: 0 <br \/> Kaal koos 5,0 Ah akuga: 2.8 kg <br \/> Laadija kaasas: ei <br \/> Saeketta ava m\u00f5\u00f5t: 20 mm <br \/> Saeketta m\u00f5\u00f5t: 150 mm <br \/> Suurim l\u00f5ikes\u00fcgavus: 57 mm <br \/> T\u00fchik\u00e4igup\u00f6\u00f6rded: 3900 p\/min <\/p>\n","protected":false},"excerpt":{"rendered":"<p>Kettasaag Milwaukee M18 FMCS komplekt + aku 5.0Ah + laadija + kohver, heas seisu- ja t\u00f6\u00f6korras! KIRJELDUS Pinge: 18V Kaasasolevate akude arv: 0 Kaal koos 5,0 Ah akuga: 2.8 kg Laadija kaasas: ei Saeketta ava m\u00f5\u00f5t: 20 mm Saeketta m\u00f5\u00f5t: 150 mm Suurim l\u00f5ikes\u00fcgavus: 57 mm T\u00fchik\u00e4igup\u00f6\u00f6rded: 3900 p\/min<\/p>\n","protected":false},"featured_media":29571,"comment_status":"closed","ping_status":"open","template":"","meta":{"inline_featured_image":false},"product_brand":[],"product_cat":[230],"product_tag":[],"class_list":{"0":"post-29570","1":"product","2":"type-product","3":"status-publish","4":"has-post-thumbnail","6":"product_cat-czirkulyarnye-pily","7":"pa_asukoht-mustamae","8":"pa_seisukord-ispolzovano","10":"first","11":"instock","12":"taxable","13":"shipping-taxable","14":"purchasable","15":"product-type-simple"},"_links":{"self":[{"href":"https:\/\/a-pant.ee\/ru\/wp-json\/wp\/v2\/product\/29570","targetHints":{"allow":["GET"]}}],"collection":[{"href":"https:\/\/a-pant.ee\/ru\/wp-json\/wp\/v2\/product"}],"about":[{"href":"https:\/\/a-pant.ee\/ru\/wp-json\/wp\/v2\/types\/product"}],"replies":[{"embeddable":true,"href":"https:\/\/a-pant.ee\/ru\/wp-json\/wp\/v2\/comments?post=29570"}],"wp:featuredmedia":[{"embeddable":true,"href":"https:\/\/a-pant.ee\/ru\/wp-json\/wp\/v2\/media\/29571"}],"wp:attachment":[{"href":"https:\/\/a-pant.ee\/ru\/wp-json\/wp\/v2\/media?parent=29570"}],"wp:term":[{"taxonomy":"product_brand","embeddable":true,"href":"https:\/\/a-pant.ee\/ru\/wp-json\/wp\/v2\/product_brand?post=29570"},{"taxonomy":"product_cat","embeddable":true,"href":"https:\/\/a-pant.ee\/ru\/wp-json\/wp\/v2\/product_cat?post=29570"},{"taxonomy":"product_tag","embeddable":true,"href":"https:\/\/a-pant.ee\/ru\/wp-json\/wp\/v2\/product_tag?post=29570"}],"curies":[{"name":"wp","href":"https:\/\/api.w.org\/{rel}","templated":true}]}}