{"id":29564,"date":"2026-02-04T12:12:55","date_gmt":"2026-02-04T09:12:55","guid":{"rendered":"https:\/\/a-pant.ee\/product\/planshet-samsung-tab-4-16-gb\/"},"modified":"2026-02-22T12:26:28","modified_gmt":"2026-02-22T09:26:28","slug":"planshet-samsung-tab-4-16-gb","status":"publish","type":"product","link":"https:\/\/a-pant.ee\/ru\/product\/planshet-samsung-tab-4-16-gb\/","title":{"rendered":"\u041f\u043b\u0430\u043d\u0448\u0435\u0442 Samsung Tab 4 16 GB"},"content":{"rendered":"\n<p> Tahvelarvuti Samsung Tab 4 16 GB, heas seisu- ja t\u00f6\u00f6korras! <\/p><p> KIRJELDUS <\/p><p> Operatsioonis\u00fcsteemi t\u00fc\u00fcp <br \/> Android <br \/> Operatsioonis\u00fcsteemi versioon <br \/> 4.4.2 <\/p><p> Protsessori sagedus <br \/> 1,2 GHz neljatuumaline <br \/> Telefoni funktsionaalsus <br \/> jah <br \/> Eestikeelne men\u00fc\u00fc <br \/> Jah <br \/> Vene keeles men\u00fc\u00fc <br \/> Jah <br \/> Ekraani diagonaal <br \/> 10,1&#8243; <br \/> Resolutsioon <br \/> 1280&#215;800 <br \/> Ekraani t\u00fc\u00fcp <br \/> 16 miljonit v\u00e4rvi TFT <br \/> Puutetundlik ekraan <br \/> Jah <br \/> Sisseehitatud m\u00e4lu kuni <br \/> 16 GB <br \/> RAM <br \/> 1,5 GB <br \/> M\u00e4lukaardi tugi <br \/> Jah <br \/> M\u00e4lukaart <br \/> microSD\u2122 kuni 64 GB <br \/> Tagumine kaamera <br \/> 3,15 MP <br \/> Tagumise kaamera videokvaliteet <br \/> HD-video 720p <br \/> Eesmine kaamera <br \/> 1,3 MP <br \/> Esimise kaamera videokvaliteet <br \/> VGA <br \/> Tagumise kaamera funktsioonid <br \/> autofookus, <\/p>\n","protected":false},"excerpt":{"rendered":"<p>Tahvelarvuti Samsung Tab 4 16 GB, heas seisu- ja t\u00f6\u00f6korras! KIRJELDUS Operatsioonis\u00fcsteemi t\u00fc\u00fcp Android Operatsioonis\u00fcsteemi versioon 4.4.2 Protsessori sagedus 1,2 GHz neljatuumaline Telefoni funktsionaalsus jah Eestikeelne men\u00fc\u00fc Jah Vene keeles men\u00fc\u00fc Jah Ekraani diagonaal 10,1&#8243; Resolutsioon 1280&#215;800 Ekraani t\u00fc\u00fcp 16 miljonit v\u00e4rvi TFT Puutetundlik ekraan Jah Sisseehitatud m\u00e4lu kuni 16 GB RAM 1,5 GB M\u00e4lukaardi [&hellip;]<\/p>\n","protected":false},"featured_media":29565,"comment_status":"closed","ping_status":"open","template":"","meta":{"inline_featured_image":false},"product_brand":[],"product_cat":[180],"product_tag":[],"class_list":{"0":"post-29564","1":"product","2":"type-product","3":"status-publish","4":"has-post-thumbnail","6":"product_cat-planshety","7":"pa_asukoht-mustamae","8":"pa_seisukord-ispolzovano","10":"first","11":"instock","12":"taxable","13":"shipping-taxable","14":"purchasable","15":"product-type-simple"},"_links":{"self":[{"href":"https:\/\/a-pant.ee\/ru\/wp-json\/wp\/v2\/product\/29564","targetHints":{"allow":["GET"]}}],"collection":[{"href":"https:\/\/a-pant.ee\/ru\/wp-json\/wp\/v2\/product"}],"about":[{"href":"https:\/\/a-pant.ee\/ru\/wp-json\/wp\/v2\/types\/product"}],"replies":[{"embeddable":true,"href":"https:\/\/a-pant.ee\/ru\/wp-json\/wp\/v2\/comments?post=29564"}],"wp:featuredmedia":[{"embeddable":true,"href":"https:\/\/a-pant.ee\/ru\/wp-json\/wp\/v2\/media\/29565"}],"wp:attachment":[{"href":"https:\/\/a-pant.ee\/ru\/wp-json\/wp\/v2\/media?parent=29564"}],"wp:term":[{"taxonomy":"product_brand","embeddable":true,"href":"https:\/\/a-pant.ee\/ru\/wp-json\/wp\/v2\/product_brand?post=29564"},{"taxonomy":"product_cat","embeddable":true,"href":"https:\/\/a-pant.ee\/ru\/wp-json\/wp\/v2\/product_cat?post=29564"},{"taxonomy":"product_tag","embeddable":true,"href":"https:\/\/a-pant.ee\/ru\/wp-json\/wp\/v2\/product_tag?post=29564"}],"curies":[{"name":"wp","href":"https:\/\/api.w.org\/{rel}","templated":true}]}}