{"id":29558,"date":"2026-02-04T12:12:55","date_gmt":"2026-02-04T09:12:55","guid":{"rendered":"https:\/\/a-pant.ee\/product\/pistolet-dlya-gvozdej-essve-bn-1-6-64\/"},"modified":"2026-02-22T12:26:28","modified_gmt":"2026-02-22T09:26:28","slug":"pistolet-dlya-gvozdej-essve-bn-1-6-64-yashhik","status":"publish","type":"product","link":"https:\/\/a-pant.ee\/ru\/product\/pistolet-dlya-gvozdej-essve-bn-1-6-64-yashhik\/","title":{"rendered":"\u041f\u0438\u0441\u0442\u043e\u043b\u0435\u0442 \u0434\u043b\u044f \u0433\u0432\u043e\u0437\u0434\u0435\u0439 Essve BN 1.6\/64 + \u044f\u0449\u0438\u043a"},"content":{"rendered":"\n<p> Naelap\u00fcstol Essve BN 1.6\/64 + kohver, heas seisu- ja t\u00f6\u00f6korras! <\/p><p> KIRJELDUS <\/p><p> Tootja Essve <br \/> Kaal 1.6 kg <br \/> Kogukaal koos pakendiga 3.74 kg <br \/> T\u00f6\u00f6riista m\u00f5\u00f5tmed 301&#215;80,5&#215;289 mm <br \/> Professionaalidele \/ Asjaarmastajatele Professionaalidele <br \/> Mootori t\u00fc\u00fcp Pneumaatiline <br \/> Maksimaalne r\u00f5hk 8 bar <br \/> Naela pikkus 19-64 mm <br \/> Naela diameeter 1,6 mm <br \/> Naelte kaldenurk klambris 0\u00b0 <br \/> Maksimum kogus ribal 108 <br \/> Naela t\u00fc\u00fcp F16 <\/p>\n","protected":false},"excerpt":{"rendered":"<p>Naelap\u00fcstol Essve BN 1.6\/64 + kohver, heas seisu- ja t\u00f6\u00f6korras! KIRJELDUS Tootja Essve Kaal 1.6 kg Kogukaal koos pakendiga 3.74 kg T\u00f6\u00f6riista m\u00f5\u00f5tmed 301&#215;80,5&#215;289 mm Professionaalidele \/ Asjaarmastajatele Professionaalidele Mootori t\u00fc\u00fcp Pneumaatiline Maksimaalne r\u00f5hk 8 bar Naela pikkus 19-64 mm Naela diameeter 1,6 mm Naelte kaldenurk klambris 0\u00b0 Maksimum kogus ribal 108 Naela t\u00fc\u00fcp F16<\/p>\n","protected":false},"featured_media":29559,"comment_status":"closed","ping_status":"open","template":"","meta":{"inline_featured_image":false},"product_brand":[],"product_cat":[224,236],"product_tag":[],"class_list":{"0":"post-29558","1":"product","2":"type-product","3":"status-publish","4":"has-post-thumbnail","6":"product_cat-gazovye-pistolety","7":"product_cat-pnevmaticheskij-instrument","8":"pa_asukoht-mustamae","9":"pa_seisukord-ispolzovano","11":"first","12":"instock","13":"taxable","14":"shipping-taxable","15":"purchasable","16":"product-type-simple"},"_links":{"self":[{"href":"https:\/\/a-pant.ee\/ru\/wp-json\/wp\/v2\/product\/29558","targetHints":{"allow":["GET"]}}],"collection":[{"href":"https:\/\/a-pant.ee\/ru\/wp-json\/wp\/v2\/product"}],"about":[{"href":"https:\/\/a-pant.ee\/ru\/wp-json\/wp\/v2\/types\/product"}],"replies":[{"embeddable":true,"href":"https:\/\/a-pant.ee\/ru\/wp-json\/wp\/v2\/comments?post=29558"}],"wp:featuredmedia":[{"embeddable":true,"href":"https:\/\/a-pant.ee\/ru\/wp-json\/wp\/v2\/media\/29559"}],"wp:attachment":[{"href":"https:\/\/a-pant.ee\/ru\/wp-json\/wp\/v2\/media?parent=29558"}],"wp:term":[{"taxonomy":"product_brand","embeddable":true,"href":"https:\/\/a-pant.ee\/ru\/wp-json\/wp\/v2\/product_brand?post=29558"},{"taxonomy":"product_cat","embeddable":true,"href":"https:\/\/a-pant.ee\/ru\/wp-json\/wp\/v2\/product_cat?post=29558"},{"taxonomy":"product_tag","embeddable":true,"href":"https:\/\/a-pant.ee\/ru\/wp-json\/wp\/v2\/product_tag?post=29558"}],"curies":[{"name":"wp","href":"https:\/\/api.w.org\/{rel}","templated":true}]}}