{"id":29545,"date":"2026-02-04T12:12:55","date_gmt":"2026-02-04T09:12:55","guid":{"rendered":"https:\/\/a-pant.ee\/product\/udlinitel-acuma-h05rr-f-50m\/"},"modified":"2026-02-22T12:26:27","modified_gmt":"2026-02-22T09:26:27","slug":"udlinitel-acuma-h05rr-f-50m","status":"publish","type":"product","link":"https:\/\/a-pant.ee\/ru\/product\/udlinitel-acuma-h05rr-f-50m\/","title":{"rendered":"\u0423\u0434\u043b\u0438\u043d\u0438\u0442\u0435\u043b\u044c Acuma H05RR-F 50m"},"content":{"rendered":"\n<p> Pikendusjuhe Acuma H05RR-F 50m\u00a0, heas seisu- ja t\u00f6\u00f6korras! <\/p><p> KIRJELDUS <\/p><p> Pinge: 250 V <\/p><ul><li> Kaabli t\u00e4his: H05RR-F 3G1,5 mm\u00b2 <\/li><li> Kaabli pikkus: 50 m <\/li><li> Pistikupesade arv: 4 <\/li><li> Maandusega: jah <\/li><li> IP44 <\/li><\/ul>\n","protected":false},"excerpt":{"rendered":"<p>Pikendusjuhe Acuma H05RR-F 50m\u00a0, heas seisu- ja t\u00f6\u00f6korras! KIRJELDUS Pinge: 250 V Kaabli t\u00e4his: H05RR-F 3G1,5 mm\u00b2 Kaabli pikkus: 50 m Pistikupesade arv: 4 Maandusega: jah IP44<\/p>\n","protected":false},"featured_media":29546,"comment_status":"closed","ping_status":"closed","template":"","meta":{"inline_featured_image":false},"product_brand":[],"product_cat":[246],"product_tag":[],"class_list":{"0":"post-29545","1":"product","2":"type-product","3":"status-publish","4":"has-post-thumbnail","6":"product_cat-instrumenty-drugoe","7":"product_shipping_class-oversize","8":"pa_asukoht-lasnamae","9":"pa_seisukord-ispolzovano","11":"first","12":"instock","13":"taxable","14":"shipping-taxable","15":"purchasable","16":"product-type-simple"},"_links":{"self":[{"href":"https:\/\/a-pant.ee\/ru\/wp-json\/wp\/v2\/product\/29545","targetHints":{"allow":["GET"]}}],"collection":[{"href":"https:\/\/a-pant.ee\/ru\/wp-json\/wp\/v2\/product"}],"about":[{"href":"https:\/\/a-pant.ee\/ru\/wp-json\/wp\/v2\/types\/product"}],"replies":[{"embeddable":true,"href":"https:\/\/a-pant.ee\/ru\/wp-json\/wp\/v2\/comments?post=29545"}],"wp:featuredmedia":[{"embeddable":true,"href":"https:\/\/a-pant.ee\/ru\/wp-json\/wp\/v2\/media\/29546"}],"wp:attachment":[{"href":"https:\/\/a-pant.ee\/ru\/wp-json\/wp\/v2\/media?parent=29545"}],"wp:term":[{"taxonomy":"product_brand","embeddable":true,"href":"https:\/\/a-pant.ee\/ru\/wp-json\/wp\/v2\/product_brand?post=29545"},{"taxonomy":"product_cat","embeddable":true,"href":"https:\/\/a-pant.ee\/ru\/wp-json\/wp\/v2\/product_cat?post=29545"},{"taxonomy":"product_tag","embeddable":true,"href":"https:\/\/a-pant.ee\/ru\/wp-json\/wp\/v2\/product_tag?post=29545"}],"curies":[{"name":"wp","href":"https:\/\/api.w.org\/{rel}","templated":true}]}}