{"id":29539,"date":"2026-02-04T12:12:55","date_gmt":"2026-02-04T09:12:55","guid":{"rendered":"https:\/\/a-pant.ee\/product\/kompressor-makita-mac610\/"},"modified":"2026-02-22T12:26:27","modified_gmt":"2026-02-22T09:26:27","slug":"kompressor-makita-mac610","status":"publish","type":"product","link":"https:\/\/a-pant.ee\/ru\/product\/kompressor-makita-mac610\/","title":{"rendered":"\u041a\u043e\u043c\u043f\u0440\u0435\u0441\u0441\u043e\u0440 Makita MAC610"},"content":{"rendered":"\n<p> Kompressor Makita MAC610, heas seisukorras! <\/p><p> KIRJELDUS <\/p><ul><li> T\u00fc\u00fcp: \u00f5liga kompressor <\/li><li> V\u00f5imsus: 1,5 hj \/ 1100 W <\/li><li> Pinge: 230 V <\/li><li> T\u00f6\u00f6r\u00f5hk: kuni 8 baari <\/li><li> \u00d5hu tootlikkus: umbes 120 l\/min <\/li><li> Resevi suurus: 6 liitrit <\/li><li> P\u00f6\u00f6rete arv: 2850 p\/min <\/li><li> M\u00fcratase: umbes 75 dB <\/li><li> Kaal: umbes 15 kg <\/li><li> Omadused: <ul><li> Sobib lihtsate pneumot\u00f6\u00f6riistade ja pumpamiseks <\/li><li> Kompaktne ja kaasaskantav <\/li><li> \u00dclekuumenemiskaitse <\/li><li> Lihtne hooldada <\/li><\/ul><\/li><\/ul>\n","protected":false},"excerpt":{"rendered":"<p>Kompressor Makita MAC610, heas seisukorras! KIRJELDUS T\u00fc\u00fcp: \u00f5liga kompressor V\u00f5imsus: 1,5 hj \/ 1100 W Pinge: 230 V T\u00f6\u00f6r\u00f5hk: kuni 8 baari \u00d5hu tootlikkus: umbes 120 l\/min Resevi suurus: 6 liitrit P\u00f6\u00f6rete arv: 2850 p\/min M\u00fcratase: umbes 75 dB Kaal: umbes 15 kg Omadused: Sobib lihtsate pneumot\u00f6\u00f6riistade ja pumpamiseks Kompaktne ja kaasaskantav \u00dclekuumenemiskaitse Lihtne hooldada<\/p>\n","protected":false},"featured_media":29540,"comment_status":"closed","ping_status":"closed","template":"","meta":{"inline_featured_image":false},"product_brand":[],"product_cat":[236],"product_tag":[],"class_list":{"0":"post-29539","1":"product","2":"type-product","3":"status-publish","4":"has-post-thumbnail","6":"product_cat-pnevmaticheskij-instrument","7":"product_shipping_class-oversize","8":"pa_asukoht-mustamae","9":"pa_seisukord-ispolzovano","11":"first","12":"instock","13":"taxable","14":"shipping-taxable","15":"purchasable","16":"product-type-simple"},"_links":{"self":[{"href":"https:\/\/a-pant.ee\/ru\/wp-json\/wp\/v2\/product\/29539","targetHints":{"allow":["GET"]}}],"collection":[{"href":"https:\/\/a-pant.ee\/ru\/wp-json\/wp\/v2\/product"}],"about":[{"href":"https:\/\/a-pant.ee\/ru\/wp-json\/wp\/v2\/types\/product"}],"replies":[{"embeddable":true,"href":"https:\/\/a-pant.ee\/ru\/wp-json\/wp\/v2\/comments?post=29539"}],"wp:featuredmedia":[{"embeddable":true,"href":"https:\/\/a-pant.ee\/ru\/wp-json\/wp\/v2\/media\/29540"}],"wp:attachment":[{"href":"https:\/\/a-pant.ee\/ru\/wp-json\/wp\/v2\/media?parent=29539"}],"wp:term":[{"taxonomy":"product_brand","embeddable":true,"href":"https:\/\/a-pant.ee\/ru\/wp-json\/wp\/v2\/product_brand?post=29539"},{"taxonomy":"product_cat","embeddable":true,"href":"https:\/\/a-pant.ee\/ru\/wp-json\/wp\/v2\/product_cat?post=29539"},{"taxonomy":"product_tag","embeddable":true,"href":"https:\/\/a-pant.ee\/ru\/wp-json\/wp\/v2\/product_tag?post=29539"}],"curies":[{"name":"wp","href":"https:\/\/api.w.org\/{rel}","templated":true}]}}