{"id":29533,"date":"2026-02-04T12:12:55","date_gmt":"2026-02-04T09:12:55","guid":{"rendered":"https:\/\/a-pant.ee\/product\/igrovaya-konsol-nintendo-wii-console-rvl-001\/"},"modified":"2026-02-22T12:26:27","modified_gmt":"2026-02-22T09:26:27","slug":"igrovaya-konsol-nintendo-wii-console-rvl-001","status":"publish","type":"product","link":"https:\/\/a-pant.ee\/ru\/product\/igrovaya-konsol-nintendo-wii-console-rvl-001\/","title":{"rendered":"\u0418\u0433\u0440\u043e\u0432\u0430\u044f \u041a\u043e\u043d\u0441\u043e\u043b\u044c Nintendo Wii Console (RVL-001 )"},"content":{"rendered":"\n<p> M\u00e4ngukonsool Nintendo Wii Console (RVL-001 ) + pult + juhe\u00a0, t\u00f6\u00f6korras! <\/p><p> KIRJELDUS <\/p><p> Peamised omadused <br \/> Kaubam\u00e4rk <br \/> Nintendo <br \/> Lisav\u00f5imalused <br \/> ilma lisatarvikuteta <br \/> Kaasasolevad m\u00e4ngud <br \/> ilma m\u00e4ngudeta <br \/> Konsooli t\u00fc\u00fcp <br \/> statsionaarne <\/p><p> Tehnilised omadused <br \/> Protsessor <br \/> Power PC Broadway <br \/> Protsessori sagedus <br \/> 729 MHz <br \/> RAM-i maht <br \/> 64 MB <br \/> RAM-i t\u00fc\u00fcp <br \/> GDDR3 <br \/> Graafikaprotsessor <br \/> ATI Hollywood <br \/> Videom\u00e4lu maht <br \/> 24 MB <br \/> Videom\u00e4lu taktsagedus <br \/> 234 MHz <\/p><p> \u00dchilduvus <br \/> V\u00e4lise andmekandja tugi <br \/> SD <br \/> M\u00e4ngumeedia t\u00fc\u00fcp <br \/> Wii Optical Disc <\/p><p> Liidesed <br \/> Traadita side <br \/> Wi-Fi <br \/> Wi-Fi standard 802.11 <br \/> 802.11a\/b\/g <br \/> Liidesed <br \/> AV-v\u00e4ljund, USB x 2 <\/p><p> Muu <br \/> Laius <br \/> 57 mm <br \/> K\u00f5rgus <br \/> 152 mm <br \/> S\u00fcgavus <br \/> 215 mm <br \/> Lisateave <br \/> sisemine v\u00e4lkm\u00e4lu maht 512 MB; 4 GameCube&#8217;i kontrolleri porti <\/p>\n","protected":false},"excerpt":{"rendered":"<p>M\u00e4ngukonsool Nintendo Wii Console (RVL-001 ) + pult + juhe\u00a0, t\u00f6\u00f6korras! KIRJELDUS Peamised omadused Kaubam\u00e4rk Nintendo Lisav\u00f5imalused ilma lisatarvikuteta Kaasasolevad m\u00e4ngud ilma m\u00e4ngudeta Konsooli t\u00fc\u00fcp statsionaarne Tehnilised omadused Protsessor Power PC Broadway Protsessori sagedus 729 MHz RAM-i maht 64 MB RAM-i t\u00fc\u00fcp GDDR3 Graafikaprotsessor ATI Hollywood Videom\u00e4lu maht 24 MB Videom\u00e4lu taktsagedus 234 MHz \u00dchilduvus [&hellip;]<\/p>\n","protected":false},"featured_media":29534,"comment_status":"closed","ping_status":"open","template":"","meta":{"inline_featured_image":false},"product_brand":[],"product_cat":[174],"product_tag":[],"class_list":{"0":"post-29533","1":"product","2":"type-product","3":"status-publish","4":"has-post-thumbnail","6":"product_cat-igrovye-konsoli","7":"pa_asukoht-lasnamae","8":"pa_seisukord-ispolzovano","10":"first","11":"instock","12":"taxable","13":"shipping-taxable","14":"purchasable","15":"product-type-simple"},"_links":{"self":[{"href":"https:\/\/a-pant.ee\/ru\/wp-json\/wp\/v2\/product\/29533","targetHints":{"allow":["GET"]}}],"collection":[{"href":"https:\/\/a-pant.ee\/ru\/wp-json\/wp\/v2\/product"}],"about":[{"href":"https:\/\/a-pant.ee\/ru\/wp-json\/wp\/v2\/types\/product"}],"replies":[{"embeddable":true,"href":"https:\/\/a-pant.ee\/ru\/wp-json\/wp\/v2\/comments?post=29533"}],"wp:featuredmedia":[{"embeddable":true,"href":"https:\/\/a-pant.ee\/ru\/wp-json\/wp\/v2\/media\/29534"}],"wp:attachment":[{"href":"https:\/\/a-pant.ee\/ru\/wp-json\/wp\/v2\/media?parent=29533"}],"wp:term":[{"taxonomy":"product_brand","embeddable":true,"href":"https:\/\/a-pant.ee\/ru\/wp-json\/wp\/v2\/product_brand?post=29533"},{"taxonomy":"product_cat","embeddable":true,"href":"https:\/\/a-pant.ee\/ru\/wp-json\/wp\/v2\/product_cat?post=29533"},{"taxonomy":"product_tag","embeddable":true,"href":"https:\/\/a-pant.ee\/ru\/wp-json\/wp\/v2\/product_tag?post=29533"}],"curies":[{"name":"wp","href":"https:\/\/api.w.org\/{rel}","templated":true}]}}