{"id":29527,"date":"2026-02-04T12:08:06","date_gmt":"2026-02-04T09:08:06","guid":{"rendered":"https:\/\/a-pant.ee\/product\/akkumulyatornaya-drel-hilti-sfc-14a\/"},"modified":"2026-02-22T12:26:32","modified_gmt":"2026-02-22T09:26:32","slug":"akkumulyatornaya-drel-hilti-sfc-14a-2-akku-1-6ah","status":"publish","type":"product","link":"https:\/\/a-pant.ee\/ru\/product\/akkumulyatornaya-drel-hilti-sfc-14a-2-akku-1-6ah\/","title":{"rendered":"\u0410\u043a\u043a\u0443\u043c\u0443\u043b\u044f\u0442\u043e\u0440\u043d\u0430\u044f \u0434\u0440\u0435\u043b\u044c Hilti SFC-14A + 2 \u0430\u043a\u043a\u0443 1.6Ah"},"content":{"rendered":"\n<p> Akutrell Hilti SFC-14A + 2 akud 1.6Ah, heas seisu- ja t\u00f6\u00f6korras! <\/p><p> KIRJELDUS <\/p><ul><li> T\u00f6\u00f6riista t\u00fc\u00fcp:\u00a0Akukruvikeeraja <\/li><li> Pinge:\u00a014.4 V <\/li><li> P\u00f6\u00f6rlemiskiirus: <ul><li> Esimene kiirus: 0-400 p\/min <\/li><li> Teine kiirus: 0-1600 p\/min <\/li><\/ul><\/li><li> Maksimaalne p\u00f6\u00f6rdemoment:\u00a042 N\u00b7m <\/li><li> Padruni t\u00fc\u00fcp:\u00a0Kiirkinnitus, 1.5-13 mm <\/li><li> T\u00f6\u00f6re\u017eiimid:\u00a0Kruvide keeramine, puurimine <\/li><li> Maksimaalne puurimisdiameeter: <ul><li> Puit: kuni 28 mm <\/li><li> Metall: kuni 10 mm <\/li><\/ul><\/li><li> Kaal:\u00a01.7 kg (koos akuga) <\/li><li> Eriomadused:\u00a0Kompaktne ja kerge disain, vastupidav korpus, ideaalne kitsastes tingimustes t\u00f6\u00f6tamiseks. <\/li><\/ul>\n","protected":false},"excerpt":{"rendered":"<p>Akutrell Hilti SFC-14A + 2 akud 1.6Ah, heas seisu- ja t\u00f6\u00f6korras! KIRJELDUS T\u00f6\u00f6riista t\u00fc\u00fcp:\u00a0Akukruvikeeraja Pinge:\u00a014.4 V P\u00f6\u00f6rlemiskiirus: Esimene kiirus: 0-400 p\/min Teine kiirus: 0-1600 p\/min Maksimaalne p\u00f6\u00f6rdemoment:\u00a042 N\u00b7m Padruni t\u00fc\u00fcp:\u00a0Kiirkinnitus, 1.5-13 mm T\u00f6\u00f6re\u017eiimid:\u00a0Kruvide keeramine, puurimine Maksimaalne puurimisdiameeter: Puit: kuni 28 mm Metall: kuni 10 mm Kaal:\u00a01.7 kg (koos akuga) Eriomadused:\u00a0Kompaktne ja kerge disain, vastupidav korpus, [&hellip;]<\/p>\n","protected":false},"featured_media":29528,"comment_status":"closed","ping_status":"open","template":"","meta":{"inline_featured_image":false},"product_brand":[],"product_cat":[221],"product_tag":[],"class_list":{"0":"post-29527","1":"product","2":"type-product","3":"status-publish","4":"has-post-thumbnail","6":"product_cat-akkumulyatornye-dreli","7":"pa_asukoht-mustamae","8":"pa_seisukord-ispolzovano","10":"first","11":"instock","12":"taxable","13":"shipping-taxable","14":"purchasable","15":"product-type-simple"},"_links":{"self":[{"href":"https:\/\/a-pant.ee\/ru\/wp-json\/wp\/v2\/product\/29527","targetHints":{"allow":["GET"]}}],"collection":[{"href":"https:\/\/a-pant.ee\/ru\/wp-json\/wp\/v2\/product"}],"about":[{"href":"https:\/\/a-pant.ee\/ru\/wp-json\/wp\/v2\/types\/product"}],"replies":[{"embeddable":true,"href":"https:\/\/a-pant.ee\/ru\/wp-json\/wp\/v2\/comments?post=29527"}],"wp:featuredmedia":[{"embeddable":true,"href":"https:\/\/a-pant.ee\/ru\/wp-json\/wp\/v2\/media\/29528"}],"wp:attachment":[{"href":"https:\/\/a-pant.ee\/ru\/wp-json\/wp\/v2\/media?parent=29527"}],"wp:term":[{"taxonomy":"product_brand","embeddable":true,"href":"https:\/\/a-pant.ee\/ru\/wp-json\/wp\/v2\/product_brand?post=29527"},{"taxonomy":"product_cat","embeddable":true,"href":"https:\/\/a-pant.ee\/ru\/wp-json\/wp\/v2\/product_cat?post=29527"},{"taxonomy":"product_tag","embeddable":true,"href":"https:\/\/a-pant.ee\/ru\/wp-json\/wp\/v2\/product_tag?post=29527"}],"curies":[{"name":"wp","href":"https:\/\/api.w.org\/{rel}","templated":true}]}}