{"id":29520,"date":"2026-02-04T12:08:06","date_gmt":"2026-02-04T09:08:06","guid":{"rendered":"https:\/\/a-pant.ee\/product\/plitkorez-sigma-art-2g-37sm\/"},"modified":"2026-02-22T12:26:32","modified_gmt":"2026-02-22T09:26:32","slug":"plitkorez-sigma-art-2g-37sm","status":"publish","type":"product","link":"https:\/\/a-pant.ee\/ru\/product\/plitkorez-sigma-art-2g-37sm\/","title":{"rendered":"\u041f\u043b\u0438\u0442\u043a\u043e\u0440\u0435\u0437 Sigma Art 2g 37\u0441\u043c"},"content":{"rendered":"\n<p><strong> Plaadil\u00f5ikur Sigma Art 2g 37cm <\/strong> , heas seisu- ja t\u00f6\u00f6korras! <\/p><p> KIRJELDUS <\/p><p> *L\u00f5ikepikkus 37cm <br \/> *Maksimaalne plaadi paksus 15mm <br \/> *Sobib plaat diameetriga 26cmx26cm <br \/> *Ergonoomilne k\u00e4epide <br \/> *Kuullaagriga rullik <br \/> *Vahetatav ja regueeritav l\u00f5iketera <br \/> *Tugev ja j\u00e4ik juhtraud <br \/> *Juhtraua asendik\u00f5rgus reguleeritav <br \/> *Murdek\u00e4pa tald kaetud plaati mittem\u00e4\u00e4riva plastikuga <br \/> *T\u00f5mmatav l\u00f5ikesuund <\/p><p> \u00a0 <\/p>\n","protected":false},"excerpt":{"rendered":"<p>Plaadil\u00f5ikur Sigma Art 2g 37cm , heas seisu- ja t\u00f6\u00f6korras! KIRJELDUS *L\u00f5ikepikkus 37cm *Maksimaalne plaadi paksus 15mm *Sobib plaat diameetriga 26cmx26cm *Ergonoomilne k\u00e4epide *Kuullaagriga rullik *Vahetatav ja regueeritav l\u00f5iketera *Tugev ja j\u00e4ik juhtraud *Juhtraua asendik\u00f5rgus reguleeritav *Murdek\u00e4pa tald kaetud plaati mittem\u00e4\u00e4riva plastikuga *T\u00f5mmatav l\u00f5ikesuund \u00a0<\/p>\n","protected":false},"featured_media":29521,"comment_status":"closed","ping_status":"open","template":"","meta":{"inline_featured_image":false},"product_brand":[],"product_cat":[246],"product_tag":[],"class_list":{"0":"post-29520","1":"product","2":"type-product","3":"status-publish","4":"has-post-thumbnail","6":"product_cat-instrumenty-drugoe","7":"pa_asukoht-lasnamae","8":"pa_seisukord-ispolzovano","10":"first","11":"instock","12":"taxable","13":"shipping-taxable","14":"purchasable","15":"product-type-simple"},"_links":{"self":[{"href":"https:\/\/a-pant.ee\/ru\/wp-json\/wp\/v2\/product\/29520","targetHints":{"allow":["GET"]}}],"collection":[{"href":"https:\/\/a-pant.ee\/ru\/wp-json\/wp\/v2\/product"}],"about":[{"href":"https:\/\/a-pant.ee\/ru\/wp-json\/wp\/v2\/types\/product"}],"replies":[{"embeddable":true,"href":"https:\/\/a-pant.ee\/ru\/wp-json\/wp\/v2\/comments?post=29520"}],"wp:featuredmedia":[{"embeddable":true,"href":"https:\/\/a-pant.ee\/ru\/wp-json\/wp\/v2\/media\/29521"}],"wp:attachment":[{"href":"https:\/\/a-pant.ee\/ru\/wp-json\/wp\/v2\/media?parent=29520"}],"wp:term":[{"taxonomy":"product_brand","embeddable":true,"href":"https:\/\/a-pant.ee\/ru\/wp-json\/wp\/v2\/product_brand?post=29520"},{"taxonomy":"product_cat","embeddable":true,"href":"https:\/\/a-pant.ee\/ru\/wp-json\/wp\/v2\/product_cat?post=29520"},{"taxonomy":"product_tag","embeddable":true,"href":"https:\/\/a-pant.ee\/ru\/wp-json\/wp\/v2\/product_tag?post=29520"}],"curies":[{"name":"wp","href":"https:\/\/api.w.org\/{rel}","templated":true}]}}