{"id":29499,"date":"2026-02-04T12:08:06","date_gmt":"2026-02-04T09:08:06","guid":{"rendered":"https:\/\/a-pant.ee\/product\/mobilnyy-telefon-apple-iphone-14-128gb\/"},"modified":"2026-02-22T12:26:31","modified_gmt":"2026-02-22T09:26:31","slug":"mobilnyj-telefon-apple-iphone-14-pro-max-256gb-chehol","status":"publish","type":"product","link":"https:\/\/a-pant.ee\/ru\/product\/mobilnyj-telefon-apple-iphone-14-pro-max-256gb-chehol\/","title":{"rendered":"\u041c\u043e\u0431\u0438\u043b\u044c\u043d\u044b\u0439 \u0442\u0435\u043b\u0435\u0444\u043e\u043d Apple iPhone 14 Pro Max 256GB + \u0447\u0435\u0445\u043e\u043b"},"content":{"rendered":"\n<p><strong> Mobiiltelefon Apple iPhone 14 128gb Aku 84% &#8212; ekraanil kriimused, Korpusel on kahjustused. <\/strong> t\u00f6\u00f6korras! <\/p><p> KIRJELDUS <\/p><ul><li><strong> Ekraan <\/strong> : 6,1 tolli, OLED Super Retina XDR, 2532\u00d71170 pikslit <\/li><li><strong> Protsessor <\/strong> : A15 Bionic (5-tuumaline GPU) <\/li><li><strong> Kaamerad <\/strong> : <ul><li> Tagakaamerad (kaks): 12 MP (lainurk) + 12 MP (\u00fclilainurk) <\/li><li> Esikaamera: 12 MP autofookusega <\/li><\/ul><\/li><li><strong> Salvestusruum <\/strong> : 128 \u00a0GB <\/li><li><strong> Aku kestvus <\/strong> : kuni 20 tundi videotaasesitust <\/li><li><strong> Operatsioonis\u00fcsteem <\/strong> : iOS 16 (uuendatav) <\/li><li><strong> \u00dchenduvus <\/strong> : 5G, Wi\u2011Fi 6, Bluetooth 5.3 <\/li><li><strong> Turvalisus <\/strong> : Face ID <\/li><li><strong> Korpus <\/strong> : Alumiinium ja klaas, vee- ja tolmukindel (IP68) <\/li><li><strong> Eriomadused <\/strong> : Kokkup\u00f5rke tuvastus (Crash Detection), Photonic Engine, satelliitside SOS (toetatud piirkondades) <\/li><\/ul>\n","protected":false},"excerpt":{"rendered":"<p>Mobiiltelefon Apple iPhone 14 128gb Aku 84% &#8212; ekraanil kriimused, Korpusel on kahjustused. t\u00f6\u00f6korras! KIRJELDUS Ekraan : 6,1 tolli, OLED Super Retina XDR, 2532\u00d71170 pikslit Protsessor : A15 Bionic (5-tuumaline GPU) Kaamerad : Tagakaamerad (kaks): 12 MP (lainurk) + 12 MP (\u00fclilainurk) Esikaamera: 12 MP autofookusega Salvestusruum : 128 \u00a0GB Aku kestvus : kuni 20 [&hellip;]<\/p>\n","protected":false},"featured_media":29500,"comment_status":"closed","ping_status":"open","template":"","meta":{"inline_featured_image":false},"product_brand":[],"product_cat":[171],"product_tag":[],"class_list":{"0":"post-29499","1":"product","2":"type-product","3":"status-publish","4":"has-post-thumbnail","6":"product_cat-mobilnye-telefony","7":"pa_asukoht-lasnamae","8":"pa_seisukord-ispolzovano","10":"first","11":"instock","12":"taxable","13":"shipping-taxable","14":"purchasable","15":"product-type-simple"},"_links":{"self":[{"href":"https:\/\/a-pant.ee\/ru\/wp-json\/wp\/v2\/product\/29499","targetHints":{"allow":["GET"]}}],"collection":[{"href":"https:\/\/a-pant.ee\/ru\/wp-json\/wp\/v2\/product"}],"about":[{"href":"https:\/\/a-pant.ee\/ru\/wp-json\/wp\/v2\/types\/product"}],"replies":[{"embeddable":true,"href":"https:\/\/a-pant.ee\/ru\/wp-json\/wp\/v2\/comments?post=29499"}],"wp:featuredmedia":[{"embeddable":true,"href":"https:\/\/a-pant.ee\/ru\/wp-json\/wp\/v2\/media\/29500"}],"wp:attachment":[{"href":"https:\/\/a-pant.ee\/ru\/wp-json\/wp\/v2\/media?parent=29499"}],"wp:term":[{"taxonomy":"product_brand","embeddable":true,"href":"https:\/\/a-pant.ee\/ru\/wp-json\/wp\/v2\/product_brand?post=29499"},{"taxonomy":"product_cat","embeddable":true,"href":"https:\/\/a-pant.ee\/ru\/wp-json\/wp\/v2\/product_cat?post=29499"},{"taxonomy":"product_tag","embeddable":true,"href":"https:\/\/a-pant.ee\/ru\/wp-json\/wp\/v2\/product_tag?post=29499"}],"curies":[{"name":"wp","href":"https:\/\/api.w.org\/{rel}","templated":true}]}}