{"id":29475,"date":"2026-02-04T12:08:06","date_gmt":"2026-02-04T09:08:06","guid":{"rendered":"https:\/\/a-pant.ee\/product\/elektrosamokat-ninebot-max-g30-zaryadka\/"},"modified":"2026-02-22T12:26:31","modified_gmt":"2026-02-22T09:26:31","slug":"elektrosamokat-ninebot-max-g30-zaryadka","status":"publish","type":"product","link":"https:\/\/a-pant.ee\/ru\/product\/elektrosamokat-ninebot-max-g30-zaryadka\/","title":{"rendered":"\u042d\u043b\u0435\u043a\u0442\u0440\u043e\u0441\u0430\u043c\u043e\u043a\u0430\u0442 Ninebot Max G30 + \u0437\u0430\u0440\u044f\u0434\u043a\u0430"},"content":{"rendered":"\n<p> Elektriline t\u00f5ukeratas Ninebot Segway Max G30 + laadija\u00a0, heas seisu- ja t\u00f6\u00f6korras! <\/p><p> Toote t\u00fc\u00fcp Elektriskuuter <br \/> Kaubam\u00e4rk Ninebot by Segway <br \/> Mudel Max G30 <br \/> Maksimaalne s\u00fcsteemi v\u00f5imsus 551 W <br \/> Maksimaalne kiirus 25 km\/h <br \/> Raami materjal Alumiinium <br \/> V\u00e4rv Must <br \/> Aku t\u00fc\u00fcp Li-Ion <br \/> Aku maht 15300 mAh <br \/> Laadimisv\u00f5imsus 551 W <br \/> Laadimisaeg 6 h <br \/> Ratta suurus 25.4 cm <br \/> Maksimaalne l\u00e4bis\u00f5it p\u00e4rast laadimist 65 km <br \/> Esipiduri t\u00fc\u00fcp Topelt trummel <br \/> Rehvi t\u00fc\u00fcp Pneumaatilised <br \/> Tagumise piduri t\u00fc\u00fcp Sisemised <br \/> Kaitseaste (IP) IPX5 <br \/> Maksimaalne koormus 100 kg <br \/> Maksimaalne t\u00f5us 20 \u00b0 <br \/> Istmega Ei <br \/> Eesmine valgustus Jah <br \/> Kokkuklapitav Jah <br \/> P\u00e4ritoluriik Hiina <br \/> Kontroll nutiseadme kaudu Ei <br \/> Kaal 18 kg <br \/> T\u00e4iendav info IPX7 \/ IPX5 veekindlus. Ninebot Segway rakendus <\/p>\n","protected":false},"excerpt":{"rendered":"<p>Elektriline t\u00f5ukeratas Ninebot Segway Max G30 + laadija\u00a0, heas seisu- ja t\u00f6\u00f6korras! Toote t\u00fc\u00fcp Elektriskuuter Kaubam\u00e4rk Ninebot by Segway Mudel Max G30 Maksimaalne s\u00fcsteemi v\u00f5imsus 551 W Maksimaalne kiirus 25 km\/h Raami materjal Alumiinium V\u00e4rv Must Aku t\u00fc\u00fcp Li-Ion Aku maht 15300 mAh Laadimisv\u00f5imsus 551 W Laadimisaeg 6 h Ratta suurus 25.4 cm Maksimaalne l\u00e4bis\u00f5it [&hellip;]<\/p>\n","protected":false},"featured_media":29476,"comment_status":"closed","ping_status":"closed","template":"","meta":{"inline_featured_image":false},"product_brand":[],"product_cat":[215],"product_tag":[],"class_list":{"0":"post-29475","1":"product","2":"type-product","3":"status-publish","4":"has-post-thumbnail","6":"product_cat-elektricheskie-samokaty","7":"product_shipping_class-oversize","8":"pa_asukoht-mustamae","9":"pa_seisukord-ispolzovano","11":"first","12":"outofstock","13":"taxable","14":"shipping-taxable","15":"purchasable","16":"product-type-simple"},"_links":{"self":[{"href":"https:\/\/a-pant.ee\/ru\/wp-json\/wp\/v2\/product\/29475","targetHints":{"allow":["GET"]}}],"collection":[{"href":"https:\/\/a-pant.ee\/ru\/wp-json\/wp\/v2\/product"}],"about":[{"href":"https:\/\/a-pant.ee\/ru\/wp-json\/wp\/v2\/types\/product"}],"replies":[{"embeddable":true,"href":"https:\/\/a-pant.ee\/ru\/wp-json\/wp\/v2\/comments?post=29475"}],"wp:featuredmedia":[{"embeddable":true,"href":"https:\/\/a-pant.ee\/ru\/wp-json\/wp\/v2\/media\/29476"}],"wp:attachment":[{"href":"https:\/\/a-pant.ee\/ru\/wp-json\/wp\/v2\/media?parent=29475"}],"wp:term":[{"taxonomy":"product_brand","embeddable":true,"href":"https:\/\/a-pant.ee\/ru\/wp-json\/wp\/v2\/product_brand?post=29475"},{"taxonomy":"product_cat","embeddable":true,"href":"https:\/\/a-pant.ee\/ru\/wp-json\/wp\/v2\/product_cat?post=29475"},{"taxonomy":"product_tag","embeddable":true,"href":"https:\/\/a-pant.ee\/ru\/wp-json\/wp\/v2\/product_tag?post=29475"}],"curies":[{"name":"wp","href":"https:\/\/api.w.org\/{rel}","templated":true}]}}