{"id":29469,"date":"2026-02-04T12:08:06","date_gmt":"2026-02-04T09:08:06","guid":{"rendered":"https:\/\/a-pant.ee\/product\/mobilnyj-router-huawei-e5573cs-322\/"},"modified":"2026-02-22T12:26:31","modified_gmt":"2026-02-22T09:26:31","slug":"mobilnyj-router-huawei-e5573cs-322","status":"publish","type":"product","link":"https:\/\/a-pant.ee\/ru\/product\/mobilnyj-router-huawei-e5573cs-322\/","title":{"rendered":"\u041c\u043e\u0431\u0438\u043b\u044c\u043d\u044b\u0439 \u0440\u043e\u0443\u0442\u0435\u0440 Huawei E5573Cs-322"},"content":{"rendered":"\n<p> Mobiilruuter Huawei E5573Cs-322\u00a0, heas seisu- ja t\u00f6\u00f6korras! <\/p><p> KIRJELDUS <\/p><p> Toote t\u00fc\u00fcp\u00a03G modemid <\/p><p> Kaubam\u00e4rk\u00a0Huawei <\/p><p> Mudel\u00a0E5573Cs-322 <\/p><p> V\u00e4rv\u00a0Valge <\/p>\n","protected":false},"excerpt":{"rendered":"<p>Mobiilruuter Huawei E5573Cs-322\u00a0, heas seisu- ja t\u00f6\u00f6korras! KIRJELDUS Toote t\u00fc\u00fcp\u00a03G modemid Kaubam\u00e4rk\u00a0Huawei Mudel\u00a0E5573Cs-322 V\u00e4rv\u00a0Valge<\/p>\n","protected":false},"featured_media":29470,"comment_status":"closed","ping_status":"open","template":"","meta":{"inline_featured_image":false},"product_brand":[],"product_cat":[162],"product_tag":[],"class_list":{"0":"post-29469","1":"product","2":"type-product","3":"status-publish","4":"has-post-thumbnail","6":"product_cat-elektronika-drugoe","7":"pa_asukoht-lasnamae","8":"pa_seisukord-ispolzovano","10":"first","11":"instock","12":"taxable","13":"shipping-taxable","14":"purchasable","15":"product-type-simple"},"_links":{"self":[{"href":"https:\/\/a-pant.ee\/ru\/wp-json\/wp\/v2\/product\/29469","targetHints":{"allow":["GET"]}}],"collection":[{"href":"https:\/\/a-pant.ee\/ru\/wp-json\/wp\/v2\/product"}],"about":[{"href":"https:\/\/a-pant.ee\/ru\/wp-json\/wp\/v2\/types\/product"}],"replies":[{"embeddable":true,"href":"https:\/\/a-pant.ee\/ru\/wp-json\/wp\/v2\/comments?post=29469"}],"wp:featuredmedia":[{"embeddable":true,"href":"https:\/\/a-pant.ee\/ru\/wp-json\/wp\/v2\/media\/29470"}],"wp:attachment":[{"href":"https:\/\/a-pant.ee\/ru\/wp-json\/wp\/v2\/media?parent=29469"}],"wp:term":[{"taxonomy":"product_brand","embeddable":true,"href":"https:\/\/a-pant.ee\/ru\/wp-json\/wp\/v2\/product_brand?post=29469"},{"taxonomy":"product_cat","embeddable":true,"href":"https:\/\/a-pant.ee\/ru\/wp-json\/wp\/v2\/product_cat?post=29469"},{"taxonomy":"product_tag","embeddable":true,"href":"https:\/\/a-pant.ee\/ru\/wp-json\/wp\/v2\/product_tag?post=29469"}],"curies":[{"name":"wp","href":"https:\/\/api.w.org\/{rel}","templated":true}]}}