{"id":29463,"date":"2026-02-04T12:08:06","date_gmt":"2026-02-04T09:08:06","guid":{"rendered":"https:\/\/a-pant.ee\/product\/akkumulyatornaya-drel-dewalt-dc722\/"},"modified":"2026-02-22T12:26:31","modified_gmt":"2026-02-22T09:26:31","slug":"akkumulyatornaya-drel-dewalt-dc722-bez-akk-zaryadka","status":"publish","type":"product","link":"https:\/\/a-pant.ee\/ru\/product\/akkumulyatornaya-drel-dewalt-dc722-bez-akk-zaryadka\/","title":{"rendered":"\u0410\u043a\u043a\u0443\u043c\u0443\u043b\u044f\u0442\u043e\u0440\u043d\u0430\u044f \u0434\u0440\u0435\u043b\u044c Dewalt DC722 (\u0431\u0435\u0437 \u0430\u043a\u043a.) + \u0437\u0430\u0440\u044f\u0434\u043a\u0430"},"content":{"rendered":"\n<p> Akutrell Dewalt DC722 (ilma aku) + laadija\u00a0, heas seisu- ja t\u00f6\u00f6korras! <\/p><p> KIRJELDUS <\/p><p> Pinge 18,0 V <\/p><p> Padrun 13 mm, <\/p><p> Kiirused 2 <\/p><p> p\u00f6\u00f6ret 0\u2013500\/0\u20131700 l\u00f6\u00f6ki\/min, <\/p><p> L\u00f6\u00f6gij\u00f5ud 41 Nm, <\/p><p> Li-ioonakud <\/p><p> Laadimisaeg 40 min <\/p>\n","protected":false},"excerpt":{"rendered":"<p>Akutrell Dewalt DC722 (ilma aku) + laadija\u00a0, heas seisu- ja t\u00f6\u00f6korras! KIRJELDUS Pinge 18,0 V Padrun 13 mm, Kiirused 2 p\u00f6\u00f6ret 0\u2013500\/0\u20131700 l\u00f6\u00f6ki\/min, L\u00f6\u00f6gij\u00f5ud 41 Nm, Li-ioonakud Laadimisaeg 40 min<\/p>\n","protected":false},"featured_media":29464,"comment_status":"closed","ping_status":"open","template":"","meta":{"inline_featured_image":false},"product_brand":[],"product_cat":[221],"product_tag":[],"class_list":{"0":"post-29463","1":"product","2":"type-product","3":"status-publish","4":"has-post-thumbnail","6":"product_cat-akkumulyatornye-dreli","7":"pa_asukoht-lasnamae","8":"pa_seisukord-ispolzovano","10":"first","11":"instock","12":"taxable","13":"shipping-taxable","14":"purchasable","15":"product-type-simple"},"_links":{"self":[{"href":"https:\/\/a-pant.ee\/ru\/wp-json\/wp\/v2\/product\/29463","targetHints":{"allow":["GET"]}}],"collection":[{"href":"https:\/\/a-pant.ee\/ru\/wp-json\/wp\/v2\/product"}],"about":[{"href":"https:\/\/a-pant.ee\/ru\/wp-json\/wp\/v2\/types\/product"}],"replies":[{"embeddable":true,"href":"https:\/\/a-pant.ee\/ru\/wp-json\/wp\/v2\/comments?post=29463"}],"wp:featuredmedia":[{"embeddable":true,"href":"https:\/\/a-pant.ee\/ru\/wp-json\/wp\/v2\/media\/29464"}],"wp:attachment":[{"href":"https:\/\/a-pant.ee\/ru\/wp-json\/wp\/v2\/media?parent=29463"}],"wp:term":[{"taxonomy":"product_brand","embeddable":true,"href":"https:\/\/a-pant.ee\/ru\/wp-json\/wp\/v2\/product_brand?post=29463"},{"taxonomy":"product_cat","embeddable":true,"href":"https:\/\/a-pant.ee\/ru\/wp-json\/wp\/v2\/product_cat?post=29463"},{"taxonomy":"product_tag","embeddable":true,"href":"https:\/\/a-pant.ee\/ru\/wp-json\/wp\/v2\/product_tag?post=29463"}],"curies":[{"name":"wp","href":"https:\/\/api.w.org\/{rel}","templated":true}]}}