{"id":29445,"date":"2026-02-04T12:08:06","date_gmt":"2026-02-04T09:08:06","guid":{"rendered":"https:\/\/a-pant.ee\/product\/tsirkulyarnaya-pila-makita-n5900b\/"},"modified":"2026-02-22T12:26:30","modified_gmt":"2026-02-22T09:26:30","slug":"czirkulyarnaya-pila-makita-n5900b","status":"publish","type":"product","link":"https:\/\/a-pant.ee\/ru\/product\/czirkulyarnaya-pila-makita-n5900b\/","title":{"rendered":"\u0426\u0438\u0440\u043a\u0443\u043b\u044f\u0440\u043d\u0430\u044f \u043f\u0438\u043b\u0430 Makita N5900B"},"content":{"rendered":"\n<p> Ketassaag Makita N5900B, heas seisu- ja t\u00f6\u00f6korras! <\/p><p> KIRJELDUS <\/p><ul><li> T\u00fc\u00fcp: k\u00e4siketassaag <\/li><li> V\u00f5imsus: 2\u202f000 W <\/li><li> Saeketta l\u00e4bim\u00f5\u00f5t: 235 mm <\/li><li> Kettaava l\u00e4bim\u00f5\u00f5t: 30 mm <\/li><li> T\u00fchik\u00e4igup\u00f6\u00f6rded: 4\u202f100 p\/min <\/li><li> L\u00f5ikes\u00fcgavus 90\u00b0 juures: kuni 85 mm <\/li><li> L\u00f5ikes\u00fcgavus 45\u00b0 juures: kuni 60 mm <\/li><li> Kallutusnurk: 0\u201350\u00b0 <\/li><li> Kaal: umbes 7,2 kg <\/li><li> Omadused: <ul><li> Sobib pikisuunaliseks ja ristl\u00f5ikamiseks <\/li><li> K\u00f5rge v\u00f5imsus rasketeks t\u00f6\u00f6deks <\/li><li> Vastupidav ja tugev ehitus <\/li><li> V\u00f5imalik \u00fchendada tolmuimejaga <\/li><\/ul><\/li><\/ul>\n","protected":false},"excerpt":{"rendered":"<p>Ketassaag Makita N5900B, heas seisu- ja t\u00f6\u00f6korras! KIRJELDUS T\u00fc\u00fcp: k\u00e4siketassaag V\u00f5imsus: 2\u202f000 W Saeketta l\u00e4bim\u00f5\u00f5t: 235 mm Kettaava l\u00e4bim\u00f5\u00f5t: 30 mm T\u00fchik\u00e4igup\u00f6\u00f6rded: 4\u202f100 p\/min L\u00f5ikes\u00fcgavus 90\u00b0 juures: kuni 85 mm L\u00f5ikes\u00fcgavus 45\u00b0 juures: kuni 60 mm Kallutusnurk: 0\u201350\u00b0 Kaal: umbes 7,2 kg Omadused: Sobib pikisuunaliseks ja ristl\u00f5ikamiseks K\u00f5rge v\u00f5imsus rasketeks t\u00f6\u00f6deks Vastupidav ja tugev ehitus [&hellip;]<\/p>\n","protected":false},"featured_media":29446,"comment_status":"closed","ping_status":"open","template":"","meta":{"inline_featured_image":false},"product_brand":[],"product_cat":[230],"product_tag":[],"class_list":{"0":"post-29445","1":"product","2":"type-product","3":"status-publish","4":"has-post-thumbnail","6":"product_cat-czirkulyarnye-pily","7":"pa_asukoht-mustamae","8":"pa_seisukord-ispolzovano","10":"first","11":"instock","12":"taxable","13":"shipping-taxable","14":"purchasable","15":"product-type-simple"},"_links":{"self":[{"href":"https:\/\/a-pant.ee\/ru\/wp-json\/wp\/v2\/product\/29445","targetHints":{"allow":["GET"]}}],"collection":[{"href":"https:\/\/a-pant.ee\/ru\/wp-json\/wp\/v2\/product"}],"about":[{"href":"https:\/\/a-pant.ee\/ru\/wp-json\/wp\/v2\/types\/product"}],"replies":[{"embeddable":true,"href":"https:\/\/a-pant.ee\/ru\/wp-json\/wp\/v2\/comments?post=29445"}],"wp:featuredmedia":[{"embeddable":true,"href":"https:\/\/a-pant.ee\/ru\/wp-json\/wp\/v2\/media\/29446"}],"wp:attachment":[{"href":"https:\/\/a-pant.ee\/ru\/wp-json\/wp\/v2\/media?parent=29445"}],"wp:term":[{"taxonomy":"product_brand","embeddable":true,"href":"https:\/\/a-pant.ee\/ru\/wp-json\/wp\/v2\/product_brand?post=29445"},{"taxonomy":"product_cat","embeddable":true,"href":"https:\/\/a-pant.ee\/ru\/wp-json\/wp\/v2\/product_cat?post=29445"},{"taxonomy":"product_tag","embeddable":true,"href":"https:\/\/a-pant.ee\/ru\/wp-json\/wp\/v2\/product_tag?post=29445"}],"curies":[{"name":"wp","href":"https:\/\/api.w.org\/{rel}","templated":true}]}}