{"id":29439,"date":"2026-02-04T12:08:06","date_gmt":"2026-02-04T09:08:06","guid":{"rendered":"https:\/\/a-pant.ee\/product\/lentochniy-shurupovert-makita-6842-s-adapterom\/"},"modified":"2026-02-22T12:26:30","modified_gmt":"2026-02-22T09:26:30","slug":"lentochnyj-shurupovert-makita-6842-vmeste-s-adapterom","status":"publish","type":"product","link":"https:\/\/a-pant.ee\/ru\/product\/lentochnyj-shurupovert-makita-6842-vmeste-s-adapterom\/","title":{"rendered":"\u041b\u0435\u043d\u0442\u043e\u0447\u043d\u044b\u0439 \u0448\u0443\u0440\u0443\u043f\u043e\u0432\u0435\u0440\u0442 Makita 6842 \u0432\u043c\u0435\u0441\u0442\u0435 \u0441 \u0430\u0434\u0430\u043f\u0442\u0435\u0440\u043e\u043c"},"content":{"rendered":"\n<p> Elektriline Kruvikeeraja Makita 6842 Koos adateeriga\u00a0, heas seisu- ja t\u00f6\u00f6korras! <\/p><p> KIRJELDUS, <\/p><ul><li> T\u00fc\u00fcp: lindiga v\u00f5rgutoitega kruvikeeraja <\/li><li> V\u00f5imsus: 470 W <\/li><li> P\u00f6\u00f6rete arv t\u00fchik\u00e4igul: 0\u20134\u202f700 p\/min <\/li><li> Kruvide l\u00e4bim\u00f5\u00f5t: 3,5\u20134,2 mm <\/li><li> Kruvide pikkus: 25\u201355 mm <\/li><li> Otsiku kinnitus: 1\/4&#8243; kuusnurk (bitipesa) <\/li><li> S\u00fcgavuse reguleerimine: olemas <\/li><li> P\u00f6\u00f6rdk\u00e4ik (revers): olemas <\/li><li> Lindis\u00f6\u00f6tmiss\u00fcsteem: automaatne kruvide etteanne <\/li><li> M\u00fcratase: 79 dB(A) <\/li><li> Kaal: 2,1 kg <\/li><li> Omadused: <ul><li> Sobib h\u00e4sti kipsplaadi ja konstruktsioonide paigaldamiseks <\/li><li> Kompaktne ja tasakaalus korpus <\/li><li> Ergonoomiline kummist k\u00e4epide <\/li><\/ul><\/li><\/ul>\n","protected":false},"excerpt":{"rendered":"<p>Elektriline Kruvikeeraja Makita 6842 Koos adateeriga\u00a0, heas seisu- ja t\u00f6\u00f6korras! KIRJELDUS, T\u00fc\u00fcp: lindiga v\u00f5rgutoitega kruvikeeraja V\u00f5imsus: 470 W P\u00f6\u00f6rete arv t\u00fchik\u00e4igul: 0\u20134\u202f700 p\/min Kruvide l\u00e4bim\u00f5\u00f5t: 3,5\u20134,2 mm Kruvide pikkus: 25\u201355 mm Otsiku kinnitus: 1\/4&#8243; kuusnurk (bitipesa) S\u00fcgavuse reguleerimine: olemas P\u00f6\u00f6rdk\u00e4ik (revers): olemas Lindis\u00f6\u00f6tmiss\u00fcsteem: automaatne kruvide etteanne M\u00fcratase: 79 dB(A) Kaal: 2,1 kg Omadused: Sobib h\u00e4sti [&hellip;]<\/p>\n","protected":false},"featured_media":29440,"comment_status":"closed","ping_status":"open","template":"","meta":{"inline_featured_image":false},"product_brand":[],"product_cat":[231],"product_tag":[],"class_list":{"0":"post-29439","1":"product","2":"type-product","3":"status-publish","4":"has-post-thumbnail","6":"product_cat-shurupoverty","7":"pa_asukoht-mustamae","8":"pa_seisukord-ispolzovano","10":"first","11":"instock","12":"taxable","13":"shipping-taxable","14":"purchasable","15":"product-type-simple"},"_links":{"self":[{"href":"https:\/\/a-pant.ee\/ru\/wp-json\/wp\/v2\/product\/29439","targetHints":{"allow":["GET"]}}],"collection":[{"href":"https:\/\/a-pant.ee\/ru\/wp-json\/wp\/v2\/product"}],"about":[{"href":"https:\/\/a-pant.ee\/ru\/wp-json\/wp\/v2\/types\/product"}],"replies":[{"embeddable":true,"href":"https:\/\/a-pant.ee\/ru\/wp-json\/wp\/v2\/comments?post=29439"}],"wp:featuredmedia":[{"embeddable":true,"href":"https:\/\/a-pant.ee\/ru\/wp-json\/wp\/v2\/media\/29440"}],"wp:attachment":[{"href":"https:\/\/a-pant.ee\/ru\/wp-json\/wp\/v2\/media?parent=29439"}],"wp:term":[{"taxonomy":"product_brand","embeddable":true,"href":"https:\/\/a-pant.ee\/ru\/wp-json\/wp\/v2\/product_brand?post=29439"},{"taxonomy":"product_cat","embeddable":true,"href":"https:\/\/a-pant.ee\/ru\/wp-json\/wp\/v2\/product_cat?post=29439"},{"taxonomy":"product_tag","embeddable":true,"href":"https:\/\/a-pant.ee\/ru\/wp-json\/wp\/v2\/product_tag?post=29439"}],"curies":[{"name":"wp","href":"https:\/\/api.w.org\/{rel}","templated":true}]}}